{"id":16977,"date":"2025-11-18T10:24:50","date_gmt":"2025-11-18T06:24:50","guid":{"rendered":"https:\/\/adpuagcabedi.edu.az\/?page_id=16977"},"modified":"2025-11-18T10:24:50","modified_gmt":"2025-11-18T06:24:50","slug":"informatika-mu%c9%99llimliyi","status":"publish","type":"page","link":"https:\/\/adpuagcabedi.edu.az\/?page_id=16977","title":{"rendered":"\u0130nformatika m\u00fc\u0259llimliyi"},"content":{"rendered":"<p><a href=\"https:\/\/adpuagcabedi.edu.az\/wp-content\/uploads\/2025\/05\/1.-E.E.Eliyev.-Informatikanin-\u0259saslari.pdf\">1. \u018f.\u018f.\u018fliyev. \u0130nformatikan\u0131n \u0259saslar\u0131.<\/a><\/p>\n<p><a href=\"https:\/\/adpuagcabedi.edu.az\/wp-content\/uploads\/2025\/05\/2.-Iqtisadi-informatika-Mustafayeva.a-Eliyeva.pdf\">2. \u0130qtisadi-informatika Mustafayeva.a \u018fliyeva<\/a><\/p>\n<p><a href=\"https:\/\/adpuagcabedi.edu.az\/wp-content\/uploads\/2025\/05\/3-Z.M\u0259h\u0259rr\u0259mov.-Visual-C-dilind\u0259-labaratoriya.pdf\">3 Z.M\u0259h\u0259rr\u0259mov. Visual C dilind\u0259 labaratoriya.<\/a><\/p>\n<p><a href=\"https:\/\/adpuagcabedi.edu.az\/wp-content\/uploads\/2025\/05\/4.-M.S.Xelilov-Informatika.pdf\">4. M.S.Xelilov \u0130nformatika<\/a><\/p>\n<p><a href=\"https:\/\/adpuagcabedi.edu.az\/wp-content\/uploads\/2025\/05\/5.-Mikrosoft-vindovs-10-\u0259m\u0259liyyat.pdf\">5. Mikrosoft vindovs 10 \u0259m\u0259liyyat<\/a><\/p>\n<p><a href=\"https:\/\/adpuagcabedi.edu.az\/wp-content\/uploads\/2025\/05\/6.-S.K\u0259rimov.-informasiya-sistemleri.pdf\">6. S.K\u0259rimov. informasiya sistemleri<\/a><\/p>\n<p><a href=\"https:\/\/adpuagcabedi.edu.az\/wp-content\/uploads\/2025\/05\/7.-Z.Zeynalov.-Windows-Exporer.pdf\">7. Z.Zeynalov. Windows- Exporer<\/a><\/p>\n<p><a href=\"https:\/\/adpuagcabedi.edu.az\/wp-content\/uploads\/2025\/05\/8.-Z.Ibayev.Komputer-sebekeleri.pdf\">8. Z.\u0130bayev.Komputer- sebekeleri<\/a><\/p>\n<p><a href=\"https:\/\/adpuagcabedi.edu.az\/wp-content\/uploads\/2025\/05\/9.-K.M\u0259nsimov.-F.-Feyziyev.-Kodlashma-nezeriyyesi.pdf\">9. K.M\u0259nsimov. F. Feyziyev. Kodla\u015fhma nezeriyyesi<\/a><\/p>\n<p><a href=\"https:\/\/adpuagcabedi.edu.az\/wp-content\/uploads\/2025\/05\/10.-T\u0259tbiqi-proqramlar-metodik-vesait.pdf\">10. T\u0259tbiqi -proqramlar -metodik -vesait<\/a><\/p>\n<p><a href=\"https:\/\/adpuagcabedi.edu.az\/wp-content\/uploads\/2025\/05\/11-A.Mehdiyev.-Cografi-informasiya-sistemleri.pdf\">11 A.Mehdiyev. Cografi informasiya sistemleri<\/a><\/p>\n<p><a href=\"https:\/\/adpuagcabedi.edu.az\/wp-content\/uploads\/2025\/05\/12-Informatikanin-m\u0259kt\u0259bd\u0259-t\u0259drisi.pdf\">12 \u0130nformatikan\u0131n m\u0259kt\u0259bd\u0259 t\u0259drisi<\/a><\/p>\n<p><a href=\"https:\/\/adpuagcabedi.edu.az\/wp-content\/uploads\/2025\/05\/13.-Internetd\u0259n-yeni-istifad\u0259-qaydalari.pdf\">13. \u0130nternetd\u0259n yeni istifad\u0259 qaydalar\u0131<\/a><\/p>\n<p><a href=\"https:\/\/adpuagcabedi.edu.az\/wp-content\/uploads\/2025\/05\/14.-E.Ismayilova.-Mikrosoft-Exsel-2013.pdf\">14. \u018f.\u0130smay\u0131lova. Mikrosoft Exsel 2013.<\/a><\/p>\n<p><a href=\"https:\/\/adpuagcabedi.edu.az\/wp-content\/uploads\/2025\/05\/15.-Z.M\u0259h\u0259rr\u0259mov.-Pasqaldan-DELPHI-y\u0259.pdf\">15. Z.M\u0259h\u0259rr\u0259mov. Pasqaldan DELPHI-y\u0259<\/a><\/p>\n<p><a href=\"https:\/\/adpuagcabedi.edu.az\/wp-content\/uploads\/2025\/05\/16-.-X.Novruzova.-Informatika-v\u0259-ITM.pdf\">16 . X.Novruzova. Informatika v\u0259 \u0130TM<\/a><\/p>\n<p><a href=\"https:\/\/adpuagcabedi.edu.az\/wp-content\/uploads\/2025\/05\/18.-M.Elizad\u0259.-Corel-Draw-12.pdf\">17. M.\u018flizad\u0259. Corel Draw 12<\/a><\/p>\n<p><a href=\"https:\/\/adpuagcabedi.edu.az\/wp-content\/uploads\/2025\/05\/19-.-M.Mahmudov-.-Kompurer-dilciliyi.pdf\">18 . M.Mahmudov . Komp\u00fcrer dil\u00e7iliyi.<\/a><\/p>\n<p><a href=\"https:\/\/adpuagcabedi.edu.az\/wp-content\/uploads\/2025\/05\/20.-C.Sahverdiyev.-OpenVPN-shifrelenmish-qapali-shebeke.pdf\">19. C.\u015eahverdiyev. OpenVPN -shifrelenmish- qapali-shebeke<\/a><\/p>\n<p><a href=\"https:\/\/adpuagcabedi.edu.az\/wp-content\/uploads\/2025\/05\/21.-A.Qurbanov.-komputer-texnologiyasi-ve-programlashdirma.pdf\">20. A.Qurbanov. komputer texnologiyasi ve programlashdirma<\/a><\/p>\n<p><a href=\"https:\/\/adpuagcabedi.edu.az\/wp-content\/uploads\/2025\/05\/22.-Eliyar.Mikayilov.-Kompyuter-anlayisi.pdf\">21. \u018fliyar.Mikay\u0131lov. Kompyuter anlay\u0131\u015f\u0131<\/a><\/p>\n<p><a href=\"https:\/\/adpuagcabedi.edu.az\/wp-content\/uploads\/2025\/05\/23.-Mikrosoft-Vord.pdf\">22. Mikrosoft Vord<\/a><\/p>\n<p><a href=\"https:\/\/adpuagcabedi.edu.az\/wp-content\/uploads\/2025\/05\/24-.-R.Qarayeva.-Python-proqramlama-dili.pdf\">23 . R.Qarayeva. Python proqramlama dili.<\/a><\/p>\n<p><a href=\"https:\/\/adpuagcabedi.edu.az\/wp-content\/uploads\/2025\/05\/25.-M.Elizad\u0259.-M.Salmanov.-INFORMATIKA-DERSLIK.pdf\">24. M.\u018flizad\u0259. M.Salmanov. INFORMATIKA -DERSLIK.<\/a><\/p>\n<p><a href=\"https:\/\/adpuagcabedi.edu.az\/wp-content\/uploads\/2025\/05\/26.-M.Ramazanova.-informasiya-sistemlerinin-mencmenti.pdf\">25. M.Ramazanova. informasiya -sistemlerinin -mencmenti<\/a><\/p>\n<p><a href=\"https:\/\/adpuagcabedi.edu.az\/wp-content\/uploads\/2025\/05\/27.-M.Elizad\u0259.-INFORMASIYA-TEHLIKESIZLIYI-DERSLIK-2017.pdf\">26. M.\u018flizad\u0259. INFORMASIYA- TEHLIKESIZLIYI -DERSLIK-2017<\/a><\/p>\n<p><a href=\"https:\/\/adpuagcabedi.edu.az\/wp-content\/uploads\/2025\/05\/28.-F.Yusifov.-WinSrv2012R2-Active-Directory-E-Kitab-1-hisse-az-AZ.pdf\">27. F.Yusifov. WinSrv2012R2-Active Directory -E-Kitab-1-hisse-az-AZ<\/a><\/p>\n<p><a href=\"https:\/\/adpuagcabedi.edu.az\/wp-content\/uploads\/2025\/05\/29.-S.K\u0259rimov.-S.H\u0259bibullayev.-Informatika.pdf\">28. S.K\u0259rimov. S.H\u0259bibullayev. \u0130nformatika<\/a><\/p>\n<p><a href=\"https:\/\/adpuagcabedi.edu.az\/wp-content\/uploads\/2025\/05\/30.-F\u0259t\u0259liyev-T.-X.-Elektron-elmin-formalasmasinin-b\u0259zi-m\u0259s\u0259l\u0259l\u0259ri.pdf\">29. F\u0259t\u0259liyev T. X. Elektron elmin formala\u015fmas\u0131n\u0131n b\u0259zi m\u0259s\u0259l\u0259l\u0259ri<\/a><\/p>\n<p><a href=\"https:\/\/adpuagcabedi.edu.az\/wp-content\/uploads\/2025\/05\/32.-F.M\u0259mm\u0259dov.-Informatika-f\u0259nnind\u0259n-proqram.pdf\">30. F.M\u0259mm\u0259dov. \u0130nformatika f\u0259nnind\u0259n proqram<\/a><\/p>\n<p><a href=\"https:\/\/adpuagcabedi.edu.az\/wp-content\/uploads\/2025\/05\/34.-R.-Qarayev.-proqramlasdirma.pdf\">31. R. Qarayev. proqramla\u015fd\u0131rma.<\/a><\/p>\n<p><a href=\"https:\/\/adpuagcabedi.edu.az\/wp-content\/uploads\/2025\/05\/36.-Qonc\u0259.B\u0259sirova.-Proqramlasdirmanin-t\u0259drisind\u0259-ideal-alqoritmik-dilin-secilm\u0259si.-D\u0259rslik.pdf\">32. Q\u00f6n\u00e7\u0259.B\u0259\u015firova. Proqramla\u015fd\u0131rman\u0131n t\u0259drisind\u0259 ideal alqoritmik dilin se\u00e7ilm\u0259si. D\u0259rslik<\/a><\/p>\n<p><a href=\"https:\/\/adpuagcabedi.edu.az\/wp-content\/uploads\/2025\/05\/37.-N.Allahverdiyev.-C-dilind\u0259-proqramlasdirma.pdf\">33. N.Allahverdiyev. C dilind\u0259 proqramla\u015fd\u0131rma.<\/a><\/p>\n<p><a href=\"https:\/\/adpuagcabedi.edu.az\/wp-content\/uploads\/2025\/05\/38-.H.Bayramov-.-Komputr-dilciliyi-.pdf\">34 .H.Bayramov . Komp\u00fctr dil\u00e7iliyi .<\/a><\/p>\n<p><a href=\"https:\/\/adpuagcabedi.edu.az\/wp-content\/uploads\/2025\/05\/39.-Mahmudova-.R.-S.-Elektron-t\u0259dris-resuslarinin-yaradilmasinda-standartlasdirma-m\u0259s\u0259l\u0259l\u0259ri.pdf\">35. Mahmudova .R. S. Elektron t\u0259dris resuslar\u0131n\u0131n yarad\u0131lmas\u0131nda standartla\u015fd\u0131rma m\u0259s\u0259l\u0259l\u0259ri<\/a><\/p>\n<p><a href=\"https:\/\/adpuagcabedi.edu.az\/wp-content\/uploads\/2025\/05\/40.-M\u0259nsim\u043ev-.-K.-B.-F\u0435yziy\u0435v.-F.-G.-\u0410sl\u0430n\u043ev\u0430-N.-\u0425.-Kodlasdirma-n\u0259z\u0259riyy\u0259si.pdf\">36. M\u0259nsim\u043ev . K. B., F\u0435yziy\u0435v. F. G., \u0410sl\u0430n\u043ev\u0430 N. \u0425. Kodla\u015fd\u0131rma n\u0259z\u0259riyy\u0259si<\/a><\/p>\n<p><a href=\"https:\/\/adpuagcabedi.edu.az\/wp-content\/uploads\/2025\/05\/41.-Mirz\u0259.Isg\u0259nd\u0259rov.-Ixtisaslasmis-axtaris-v\u0259-SEO-m\u0259tn.pdf\">37. Mirz\u0259.\u0130sg\u0259nd\u0259rov. \u0130xtisasla\u015fm\u0131\u015f axtar\u0131\u015f v\u0259 SEO m\u0259tn<\/a><\/p>\n<p><a href=\"https:\/\/adpuagcabedi.edu.az\/wp-content\/uploads\/2025\/05\/42.-C.Novruzov.-Exsel.-Acces-v\u0259-Delpi.pdf\">38. C.Novruzov. Exsel. Acces, v\u0259 Delpi.<\/a><\/p>\n<p><a href=\"https:\/\/adpuagcabedi.edu.az\/wp-content\/uploads\/2025\/05\/43.-Muasir-proqramlasdirmanin-\u0259saslari-E-xcel.pdf\">39. M\u00fcasir proqramla\u015fd\u0131rman\u0131n \u0259saslar\u0131 E xcel.<\/a><\/p>\n<p><a href=\"https:\/\/adpuagcabedi.edu.az\/wp-content\/uploads\/2025\/05\/44.-M.M\u0259mm\u0259dov.-Ferdi-komputerl\u0259r.pdf\">40. M.M\u0259mm\u0259dov. Ferdi komp\u00fcterl\u0259r.<\/a><\/p>\n<p><a href=\"https:\/\/adpuagcabedi.edu.az\/wp-content\/uploads\/2025\/05\/45-.-Paskal.pdf\">41 . Paskal<\/a><\/p>\n<p><a href=\"https:\/\/adpuagcabedi.edu.az\/wp-content\/uploads\/2025\/05\/46.-Ruhiyy\u0259.Bagiyeva.-Komputer-texnologiyalari-v\u0259-proqramlasdirma-mex.pdf\">42. Ruhiyy\u0259.Ba\u011f\u0131yeva. Komp\u00fcter texnologiyalari v\u0259 proqramla\u015fd\u0131rma (mex)<\/a><\/p>\n<p><a href=\"https:\/\/adpuagcabedi.edu.az\/wp-content\/uploads\/2025\/05\/47.-Komputer.pdf\">43. Komputer<\/a><\/p>\n<p><a href=\"https:\/\/adpuagcabedi.edu.az\/wp-content\/uploads\/2025\/05\/48.-Turbo-Pascal.pdf\">44. Turbo-Pascal<\/a><\/p>\n<p><a href=\"https:\/\/adpuagcabedi.edu.az\/wp-content\/uploads\/2025\/05\/49.-Turkan.Esg\u0259rli.-EXCEL-d\u0259-dusturlar-v\u0259-funksiyalar.pdf\">45. T\u00fcrkan.\u018fsg\u0259rli. EXCEL-d\u0259 d\u00fcsturlar v\u0259 funksiyalar<\/a><\/p>\n<p><a href=\"https:\/\/adpuagcabedi.edu.az\/wp-content\/uploads\/2025\/05\/50.-H.Bayramov-.Kompyuter-s\u0259b\u0259k\u0259l\u0259rinin-\u0259saslari.pdf\">46. H.Bayramov .Kompyuter \u015f\u0259b\u0259k\u0259l\u0259rinin \u0259saslar\u0131<\/a><\/p>\n<p><a href=\"https:\/\/adpuagcabedi.edu.az\/wp-content\/uploads\/2025\/05\/51.-Yegan\u0259.Abbasova-.-Informatika.pdf\">47. Yegan\u0259.Abbasova . \u0130nformatika<\/a><\/p>\n<p><a href=\"https:\/\/adpuagcabedi.edu.az\/wp-content\/uploads\/2025\/05\/52.-Komputer-sebekeleri-.pdf\">48. Komputer sebekeleri .<\/a><\/p>\n<p><a href=\"https:\/\/adpuagcabedi.edu.az\/wp-content\/uploads\/2025\/05\/53.-B.Qurbanov.-M.-Elizad\u0259.-Miksofr-Exsel-XP-d\u0259-iqtisadi-m\u0259s\u0259l\u0259l\u0259rin-h\u0259lli.pdf\">49. B.Qurbanov. M. \u018flizad\u0259. Miksofr Exsel XP-d\u0259 iqtisadi m\u0259s\u0259l\u0259l\u0259rin h\u0259lli<\/a><\/p>\n<p><a href=\"https:\/\/adpuagcabedi.edu.az\/wp-content\/uploads\/2025\/05\/54.-Kompyuter-s\u0259b\u0259k\u0259l\u0259rinin-\u0259saslari.pdf\">50. Kompyuter \u015f\u0259b\u0259k\u0259l\u0259rinin \u0259saslar\u0131<\/a><\/p>\n<p><a href=\"https:\/\/adpuagcabedi.edu.az\/wp-content\/uploads\/2025\/05\/55.-Q.Mehdiyeva.-Informatika-v\u0259-riyazi-m\u0259s\u0259l\u0259l\u0259rin-proqramlasdirilmasi.pdf\">51. Q.Mehdiyeva. \u0130nformatika v\u0259 riyazi m\u0259s\u0259l\u0259l\u0259rin proqramla\u015fd\u0131r\u0131lmas\u0131.<\/a><\/p>\n<p><a href=\"https:\/\/adpuagcabedi.edu.az\/wp-content\/uploads\/2025\/05\/56.-Proqramlasdirma-dill\u0259ri.pdf\">52. Proqramla\u015fd\u0131rma dill\u0259ri<\/a><\/p>\n<p><a href=\"https:\/\/adpuagcabedi.edu.az\/wp-content\/uploads\/2025\/05\/57.-R.Goz\u0259lova.-Informatika.pdf\">53. R.G\u00f6z\u0259lova. \u0130nformatika.<\/a><\/p>\n<p><a href=\"https:\/\/adpuagcabedi.edu.az\/wp-content\/uploads\/2025\/05\/64.-Python3-.Proqlamlama-dili.pdf\">54. Python3 -.Proqlamlama dili.<\/a><\/p>\n<p><a href=\"https:\/\/adpuagcabedi.edu.az\/wp-content\/uploads\/2025\/05\/58.-F.H.M\u0259mm\u0259dov.-Komputer-riyaziyyati.pdf\">55. F.H.M\u0259mm\u0259dov. Komputer riyaziyyat\u0131.<\/a><\/p>\n<p><a href=\"https:\/\/adpuagcabedi.edu.az\/wp-content\/uploads\/2025\/05\/59.-windows-7.pdf\">56. windows 7<\/a><\/p>\n<p><a href=\"https:\/\/adpuagcabedi.edu.az\/wp-content\/uploads\/2025\/05\/60.-Iqtisadi-informatika-Mustafayeva-.-Eliyeva.pdf\">57. \u0130qtisadi- informatika Mustafayeva . \u018fliyeva<\/a><\/p>\n<p><a href=\"https:\/\/adpuagcabedi.edu.az\/wp-content\/uploads\/2025\/05\/61.-Mobil-t\u0259hsil.-Yeni-t\u0259dris-metodu.pdf\">58. Mobil t\u0259hsil. Yeni t\u0259dris metodu<\/a><\/p>\n","protected":false},"excerpt":{"rendered":"<p>1. \u018f.\u018f.\u018fliyev. \u0130nformatikan\u0131n \u0259saslar\u0131. 2. \u0130qtisadi-informatika Mustafayeva.a \u018fliyeva 3 Z.M\u0259h\u0259rr\u0259mov. Visual C dilind\u0259 labaratoriya. 4. M.S.Xelilov \u0130nformatika 5. Mikrosoft vindovs 10 \u0259m\u0259liyyat 6. S.K\u0259rimov. informasiya sistemleri 7. Z.Zeynalov. Windows- Exporer 8. Z.\u0130bayev.Komputer- sebekeleri 9. K.M\u0259nsimov. F. Feyziyev. Kodla\u015fhma nezeriyyesi 10. T\u0259tbiqi -proqramlar -metodik -vesait 11 A.Mehdiyev. Cografi informasiya sistemleri 12 \u0130nformatikan\u0131n m\u0259kt\u0259bd\u0259 t\u0259drisi 13. \u0130nternetd\u0259n [&hellip;]<\/p>\n","protected":false},"author":1,"featured_media":0,"parent":0,"menu_order":0,"comment_status":"closed","ping_status":"closed","template":"","meta":{"_acf_changed":false,"footnotes":""},"class_list":["post-16977","page","type-page","status-publish","hentry"],"acf":[],"_links":{"self":[{"href":"https:\/\/adpuagcabedi.edu.az\/index.php?rest_route=\/wp\/v2\/pages\/16977","targetHints":{"allow":["GET"]}}],"collection":[{"href":"https:\/\/adpuagcabedi.edu.az\/index.php?rest_route=\/wp\/v2\/pages"}],"about":[{"href":"https:\/\/adpuagcabedi.edu.az\/index.php?rest_route=\/wp\/v2\/types\/page"}],"author":[{"embeddable":true,"href":"https:\/\/adpuagcabedi.edu.az\/index.php?rest_route=\/wp\/v2\/users\/1"}],"replies":[{"embeddable":true,"href":"https:\/\/adpuagcabedi.edu.az\/index.php?rest_route=%2Fwp%2Fv2%2Fcomments&post=16977"}],"version-history":[{"count":1,"href":"https:\/\/adpuagcabedi.edu.az\/index.php?rest_route=\/wp\/v2\/pages\/16977\/revisions"}],"predecessor-version":[{"id":16978,"href":"https:\/\/adpuagcabedi.edu.az\/index.php?rest_route=\/wp\/v2\/pages\/16977\/revisions\/16978"}],"wp:attachment":[{"href":"https:\/\/adpuagcabedi.edu.az\/index.php?rest_route=%2Fwp%2Fv2%2Fmedia&parent=16977"}],"curies":[{"name":"wp","href":"https:\/\/api.w.org\/{rel}","templated":true}]}}