{"id":16973,"date":"2025-11-18T10:16:08","date_gmt":"2025-11-18T06:16:08","guid":{"rendered":"https:\/\/adpuagcabedi.edu.az\/?page_id=16973"},"modified":"2025-11-18T10:16:08","modified_gmt":"2025-11-18T06:16:08","slug":"riyaziyyat-mu%c9%99llimliyi","status":"publish","type":"page","link":"https:\/\/adpuagcabedi.edu.az\/?page_id=16973","title":{"rendered":"Riyaziyyat m\u00fc\u0259llimliyi"},"content":{"rendered":"<p><a href=\"https:\/\/adpuagcabedi.edu.az\/wp-content\/uploads\/2025\/05\/1.-C\u0259br-i-ii-iii-hisse.pdf\">1. C\u0259br -i- ii- iii- hisse<\/a><\/p>\n<p><a href=\"https:\/\/adpuagcabedi.edu.az\/wp-content\/uploads\/2025\/05\/3.-U.Qurbanova-.Diferensial-hendese.pdf\">2. U.Qurbanova ..Diferensial- hendese<\/a><\/p>\n<p><a href=\"https:\/\/adpuagcabedi.edu.az\/wp-content\/uploads\/2025\/05\/4-.Q.Namazov-.Ali-riyaziyyat-i-hisse.pdf\">\u00a03.Q.Namazov .Ali -riyaziyyat-i -hisse<\/a><\/p>\n<p><a href=\"https:\/\/adpuagcabedi.edu.az\/wp-content\/uploads\/2025\/05\/5.-Q.Namazov.-Ali-riyaziyyat-.pdf\">4. Q.Namazov. Ali -riyaziyyat <\/a><\/p>\n<p><a href=\"https:\/\/adpuagcabedi.edu.az\/wp-content\/uploads\/2025\/05\/6.-N.Quliyeva.-Riyaziyyatin-konstruktiv-telimle-tedris-i-metodikasi.pdf\">5. N.Quliyeva. Riyaziyyatin -konstruktiv -telimle- tedris i-metodikasi<\/a><\/p>\n<p><a href=\"https:\/\/adpuagcabedi.edu.az\/wp-content\/uploads\/2025\/05\/7.-Om\u0259rov.-Ehtimal-n\u0259z\u0259riyy\u0259si-212-_Movzu-10.-SECMENIN-EDED.XAR_.pdf\">6. \u00d6m\u0259rov. Ehtimal n\u0259z\u0259riyy\u0259si 212 _M\u00f6vzu 10. SE\u00c7M\u018fN\u0130N \u018fD\u018fD.XAR.<\/a><\/p>\n<p><a href=\"https:\/\/adpuagcabedi.edu.az\/wp-content\/uploads\/2025\/05\/9.-Adi-diferensal-t\u0259nlikl\u0259r.pdf\">7. Adi diferensal t\u0259nlikl\u0259r<\/a><\/p>\n<p><a href=\"https:\/\/adpuagcabedi.edu.az\/wp-content\/uploads\/2025\/05\/10.-P.Q\u0259gr\u0259manov-.-Interqra-l-tenliklerin-teqribi-hell-usullari.pdf\">8. P.Q\u0259gr\u0259manov . \u0130nterqra l tenliklerin teqribi hell usullari<\/a><\/p>\n<p><a href=\"https:\/\/adpuagcabedi.edu.az\/wp-content\/uploads\/2025\/05\/11.-B.Tahirov-.-Riyaziyyatin-t\u0259drisi-usullari.pdf\">9. B.Tahirov . Riyaziyyat\u0131n t\u0259drisi \u00fcsullar\u0131.<\/a><\/p>\n<p><a href=\"https:\/\/adpuagcabedi.edu.az\/wp-content\/uploads\/2025\/05\/14.-C.M.Novruzov.-Ali-Riyaziyyatdan-c\u0259br-analtik-h\u0259nd\u0259s\u0259-m\u0259s\u0259l\u0259-v\u0259-misal-h\u0259llin\u0259-r\u0259hb\u0259rlik.pdf\">10. C.M.Novruzov. Ali Riyaziyyatdan (c\u0259br, analtik h\u0259nd\u0259s\u0259 m\u0259s\u0259l\u0259 v\u0259 misal h\u0259llin\u0259 r\u0259hb\u0259rlik).<\/a><\/p>\n<p><a href=\"https:\/\/adpuagcabedi.edu.az\/wp-content\/uploads\/2025\/05\/15.-Diferensial-t\u0259nlikl\u0259r-v\u0259-riyazi-t\u0259nlikl\u0259r.pdf\">11. Diferensial t\u0259nlikl\u0259r v\u0259 riyazi t\u0259nlikl\u0259r<\/a><\/p>\n<p><a href=\"https:\/\/adpuagcabedi.edu.az\/wp-content\/uploads\/2025\/05\/16.-A.Q\u0259hr\u0259manov.-I.-C\u0259f\u0259rova.-Html-uzre-derslik.pdf\">12. A.Q\u0259hr\u0259manov. \u0130. C\u0259f\u0259rova. Html-uzre-derslik<\/a><\/p>\n<p><a href=\"https:\/\/adpuagcabedi.edu.az\/wp-content\/uploads\/2025\/05\/17.-Nurlan-Quliyeva.-Dusunc\u0259nin-riyazi-dili.pdf\">13. Nurlan Quliyeva. D\u00fc\u015f\u00fcnc\u0259nin riyazi dili.<\/a><\/p>\n<p><a href=\"https:\/\/adpuagcabedi.edu.az\/wp-content\/uploads\/2025\/05\/18.-Politologiya-fenni.pdf\">14. Politologiya -fenni<\/a><\/p>\n<p><a href=\"https:\/\/adpuagcabedi.edu.az\/wp-content\/uploads\/2025\/05\/20.-N.M\u0259mm\u0259dli.-Multukulturalizm.pdf\">15. N.M\u0259mm\u0259dli. Multukulturalizm.<\/a><\/p>\n<p><a href=\"https:\/\/adpuagcabedi.edu.az\/wp-content\/uploads\/2025\/05\/21.-M.Ef\u0259ndiyev.-Poliotologiya.pdf\">16. M.\u018ff\u0259ndiyev. Poliotologiya<\/a><\/p>\n<p><a href=\"https:\/\/adpuagcabedi.edu.az\/wp-content\/uploads\/2025\/05\/22.-F.Ibrahimov.-PEDAQOGIKA.pdf\">17. F.\u0130brahimov. PEDAQOGIKA<\/a><\/p>\n<p><a href=\"https:\/\/adpuagcabedi.edu.az\/wp-content\/uploads\/2025\/05\/23.-C.Huseynov-.-Politologiya-d\u0259rsliyi-t\u0259z\u0259.pdf\">18. C.H\u00fcseynov . Politologiya d\u0259rsliyi t\u0259z\u0259<\/a><\/p>\n<p><a href=\"https:\/\/adpuagcabedi.edu.az\/wp-content\/uploads\/2025\/05\/24.-Umumi-Pedaqogika.pdf\">19. Umumi Pedaqogika<\/a><\/p>\n<p><a href=\"https:\/\/adpuagcabedi.edu.az\/wp-content\/uploads\/2025\/05\/25.-A.Mustafayeva.-A.-Eliyeva.-Iqtisadi-informatika.pdf\">20. A.Mustafayeva. A. \u018fliyeva. \u0130qtisadi- informatika.<\/a><\/p>\n<p><a href=\"https:\/\/adpuagcabedi.edu.az\/wp-content\/uploads\/2025\/05\/26.-R.S.M\u0259mm\u0259dov.-Diferensal-t\u0259nlikl\u0259r.pdf\">21. R.S.M\u0259mm\u0259dov. Diferensal t\u0259nlikl\u0259r<\/a><\/p>\n<p><a href=\"https:\/\/adpuagcabedi.edu.az\/wp-content\/uploads\/2025\/05\/27.-Diferensial-h\u0259nd\u0259s\u0259-v\u0259-topologiya-.pdf\">22. Diferensial h\u0259nd\u0259s\u0259 v\u0259 topologiya .<\/a><\/p>\n<p><a href=\"https:\/\/adpuagcabedi.edu.az\/wp-content\/uploads\/2025\/05\/28.-U.Qurbanova.-Diferensial-h\u0259nd\u0259s\u0259.pdf\">23. U.Qurbanova. Diferensial -h\u0259nd\u0259s\u0259<\/a><\/p>\n<p><a href=\"https:\/\/adpuagcabedi.edu.az\/wp-content\/uploads\/2025\/05\/30.-I.Seyidov.-M.-E.-H\u0259mz\u0259yev.-Umumi-psixologiya.pdf\">24. \u0130.Seyidov. M. \u018f. H\u0259mz\u0259yev. Umumi- psixologiya<\/a><\/p>\n<p><a href=\"https:\/\/adpuagcabedi.edu.az\/wp-content\/uploads\/2025\/05\/31.-Y.S.M\u0259mm\u0259dov.-T\u0259qribi-hesablama-usullari.pdf\">25. Y.S.M\u0259mm\u0259dov. T\u0259qribi hesablama \u00fcsullar\u0131.<\/a><\/p>\n<p><a href=\"https:\/\/adpuagcabedi.edu.az\/wp-content\/uploads\/2025\/05\/32.-T.B.Es\u0259dov.-Kompleks-d\u0259yis\u0259nli-funksiyalar-n\u0259z\u0259riyy\u0259si.pdf\">26. T.B.\u018fs\u0259dov. Kompleks d\u0259yi\u015f\u0259nli funksiyalar n\u0259z\u0259riyy\u0259si.<\/a><\/p>\n<p><a href=\"https:\/\/adpuagcabedi.edu.az\/wp-content\/uploads\/2025\/05\/33.-E.Abbasov.-S.-Bagirova.-Cebr_-ve-riyazi-_analiz.pdf\">27. E.Abbasov. S. Bag\u0131rova. Cebr_ ve riyazi _analiz<\/a><\/p>\n<p><a href=\"https:\/\/adpuagcabedi.edu.az\/wp-content\/uploads\/2025\/05\/34.-M.Goz\u0259lova.-Ehtimal-n\u0259z\u0259riyy\u0259si.pdf\">28. M.G\u00f6z\u0259lova. Ehtimal- n\u0259z\u0259riyy\u0259si<\/a><\/p>\n<p><a href=\"https:\/\/adpuagcabedi.edu.az\/wp-content\/uploads\/2025\/05\/35.-Ehtimal-n\u0259z\u0259riyy\u0259sinin-predmeti.pdf\">29. Ehtimal-n\u0259z\u0259riyy\u0259sinin -predmeti<\/a><\/p>\n<p><a href=\"https:\/\/adpuagcabedi.edu.az\/wp-content\/uploads\/2025\/05\/36.-E.Orucov.-T\u0259tbiqi-funksional-analizin-elementl\u0259ri.pdf\">30. E.Orucov. T\u0259tbiqi funksional analizin elementl\u0259ri.<\/a><\/p>\n<p><a href=\"https:\/\/adpuagcabedi.edu.az\/wp-content\/uploads\/2025\/05\/37.-X.Quliyev.-Diferensal-t\u0259nlikl\u0259r.pdf\">31. X.Quliyev. Diferensal t\u0259nlikl\u0259r.<\/a><\/p>\n<p><a href=\"https:\/\/adpuagcabedi.edu.az\/wp-content\/uploads\/2025\/05\/39.-X.Quliyev-.Diferensal-t\u0259nlikl\u0259r-m\u0259s\u0259l\u0259-v\u0259-misallar.pdf\">32. X.Quliyev .Diferensal t\u0259nlikl\u0259r m\u0259s\u0259l\u0259 v\u0259 misallar.<\/a><\/p>\n<p><a href=\"https:\/\/adpuagcabedi.edu.az\/wp-content\/uploads\/2025\/05\/40.-F.Ehm\u0259dov-mexanika-ve-molekulyar-fizika-1.pdf\">33. F.\u018fhm\u0259dov- mexanika -ve -molekulyar-fizika-1<\/a><\/p>\n<p><a href=\"https:\/\/adpuagcabedi.edu.az\/wp-content\/uploads\/2025\/05\/41.-Xususi-Tor\u0259m\u0259li-t\u0259nlikl\u0259r.pdf\">34. X\u00fcsusi T\u00f6r\u0259m\u0259li t\u0259nlikl\u0259r.<\/a><\/p>\n<p><a href=\"https:\/\/adpuagcabedi.edu.az\/wp-content\/uploads\/2025\/05\/42.-E.A.Quliyev-.-C\u0259brin-m\u0259s\u0259l\u0259-vast\u0259sil\u0259-yekun-t\u0259krari.pdf\">35. \u018f.A.Quliyev . C\u0259brin m\u0259s\u0259l\u0259 vast\u0259sil\u0259 yekun t\u0259krar\u0131.<\/a><\/p>\n<p><a href=\"https:\/\/adpuagcabedi.edu.az\/wp-content\/uploads\/2025\/05\/43.-M.Sadiqov-Olcu-n\u0259z\u0259riyy\u0259si-v\u0259-Lebeq-inteqrali.pdf\">36. M.Sad\u0131qov -\u00d6l\u00e7\u00fc n\u0259z\u0259riyy\u0259si v\u0259 Lebeq inteqral\u0131<\/a><\/p>\n<p><a href=\"https:\/\/adpuagcabedi.edu.az\/wp-content\/uploads\/2025\/05\/44.-E.A.Quliyev.-Riyaziyyatin-t\u0259drisind\u0259-umumil\u0259sdirm\u0259.pdf\">37. \u018f.A.Quliyev. Riyaziyyat\u0131n t\u0259drisind\u0259 \u00fcmumil\u0259\u015fdirm\u0259.<\/a><\/p>\n<p><a href=\"https:\/\/adpuagcabedi.edu.az\/wp-content\/uploads\/2025\/05\/45.-A.C.Adigoz\u0259lov-.-Kompleks-d\u0259yis\u0259nli-funksiyalar.pdf\">38. A.C.Ad\u0131g\u00f6z\u0259lov . Kompleks d\u0259yis\u0259nli funksiyalar<\/a><\/p>\n<p><a href=\"https:\/\/adpuagcabedi.edu.az\/wp-content\/uploads\/2025\/05\/46.-E.Abidinov.-H-.M\u0259mm\u0259dov.-B\u0259rk-cism-elektronikasi.pdf\">39. \u018f.Abidinov. H .M\u0259mm\u0259dov. B\u0259rk cism elektronikas\u0131.<\/a><\/p>\n<p><a href=\"https:\/\/adpuagcabedi.edu.az\/wp-content\/uploads\/2025\/05\/47.-E.Eyvazov.-Riyazi-analiz-3-PDF.pdf\">40. E.Eyvazov. Riyazi analiz-3 PDF<\/a><\/p>\n<p><a href=\"https:\/\/adpuagcabedi.edu.az\/wp-content\/uploads\/2025\/05\/48.-S.H\u0259midov-I-IV-sinifl\u0259rd\u0259-riyaziyyatin-t\u0259drisi-metodikasi.pdf\">41. S.H\u0259midov I-IV sinifl\u0259rd\u0259 riyaziyyat\u0131n t\u0259drisi metodikas\u0131.<\/a><\/p>\n<p><a href=\"https:\/\/adpuagcabedi.edu.az\/wp-content\/uploads\/2025\/05\/49.-E.H\u0259s\u0259nov.-M.-Seyidov.-Ali-riyaziyyatin-xususi-bolm\u0259l\u0259ri.pdf\">42. \u018f.H\u0259s\u0259nov. M. Seyidov. Ali riyaziyyat\u0131n x\u00fcsusi b\u00f6lm\u0259l\u0259ri<\/a><\/p>\n<p><a href=\"https:\/\/adpuagcabedi.edu.az\/wp-content\/uploads\/2025\/05\/50.-G.Eliyeva.-_Adi-diferensial-t\u0259nlikl\u0259r-v\u0259-siralar.pdf\">43. G.\u018fliyeva. _Adi diferensial t\u0259nlikl\u0259r v\u0259 s\u0131ralar<\/a><\/p>\n<p><a href=\"https:\/\/adpuagcabedi.edu.az\/wp-content\/uploads\/2025\/05\/51.-G.Eliyeva-.Adi-diferensial-t\u0259nlikl\u0259r-v\u0259-siralar.pdf\">44. G.\u018fliyeva .Adi diferensial t\u0259nlikl\u0259r v\u0259 s\u0131ralar<\/a><\/p>\n<p><a href=\"https:\/\/adpuagcabedi.edu.az\/wp-content\/uploads\/2025\/05\/52.-C\u0259br-v\u0259-h\u0259nd\u0259s\u0259-dusturlari.pdf\">45. C\u0259br v\u0259 h\u0259nd\u0259s\u0259 d\u00fcsturlar\u0131.<\/a><\/p>\n<p><a href=\"https:\/\/adpuagcabedi.edu.az\/wp-content\/uploads\/2025\/05\/54.-S.S.Qasmova.-Analtik-h\u0259nd\u0259s\u0259d\u0259n-muhazir\u0259l\u0259r.pdf\">46. S.S.Qas;mova. Analtik h\u0259nd\u0259s\u0259d\u0259n m\u00fchazir\u0259l\u0259r.<\/a><\/p>\n<p><a href=\"https:\/\/adpuagcabedi.edu.az\/wp-content\/uploads\/2025\/05\/55.-E.M.Ehm\u0259dov.-FUNKSIONAL-ANALIZ.pdf\">47. \u018f.M.\u018fhm\u0259dov. FUNKS\u0130ONAL ANAL\u0130Z.<\/a><\/p>\n<p><a href=\"https:\/\/adpuagcabedi.edu.az\/wp-content\/uploads\/2025\/05\/57.-H.Ehm\u0259dova.-Ehtimal-n\u0259z\u0259riyy\u0259si-v\u0259-riyazi-statistika-munt\u0259xabati.pdf\">48. H.\u018fhm\u0259dova. Ehtimal n\u0259z\u0259riyy\u0259si v\u0259 riyazi statistika m\u00fcnt\u0259xabat\u0131.<\/a><\/p>\n<p><a href=\"https:\/\/adpuagcabedi.edu.az\/wp-content\/uploads\/2025\/05\/59.-Diferensial-T\u0259nlikl\u0259r.pdf\">49. Diferensial T\u0259nlikl\u0259r.<\/a><\/p>\n<p><a href=\"https:\/\/adpuagcabedi.edu.az\/wp-content\/uploads\/2025\/05\/60.-E.Q.Orucov.-T\u0259tbiqi-funksional-analizin-elementl\u0259ri.pdf\">50. E.Q.Orucov. T\u0259tbiqi funksional analizin elementl\u0259ri.<\/a><\/p>\n<p><a href=\"https:\/\/adpuagcabedi.edu.az\/wp-content\/uploads\/2025\/05\/61.-H.Ehm\u0259dov.-Ehtimal-n\u0259z\u0259riyy\u0259si-v\u0259-riyazi-ststistika-munt\u0259x\u0259bati.pdf\">51. H.\u018fhm\u0259dov. Ehtimal n\u0259z\u0259riyy\u0259si v\u0259 riyazi ststistika m\u00fcnt\u0259x\u0259bat\u0131.<\/a><\/p>\n<p><a href=\"https:\/\/adpuagcabedi.edu.az\/wp-content\/uploads\/2025\/05\/62.-Ehtimal-N\u0259z\u0259riyy\u0259si.pdf\">52. Ehtimal N\u0259z\u0259riyy\u0259si<\/a><\/p>\n<p><a href=\"https:\/\/adpuagcabedi.edu.az\/wp-content\/uploads\/2025\/05\/64.-E.A.Quliyev.-Riyaziyyatin-m\u0259s\u0259l\u0259-vasit\u0259sil\u0259-t\u0259krari.pdf\">53. \u018f.A.Quliyev. Riyaziyyat\u0131n m\u0259s\u0259l\u0259 vasit\u0259sil\u0259 t\u0259krar\u0131.<\/a><\/p>\n<p><a href=\"https:\/\/adpuagcabedi.edu.az\/wp-content\/uploads\/2025\/05\/65.-E.Bayramov.-E.-Elizad\u0259.-Psixologiya.pdf\">54. \u018f.Bayramov. \u018f. \u018flizad\u0259. Psixologiya.<\/a><\/p>\n<p><a href=\"https:\/\/adpuagcabedi.edu.az\/wp-content\/uploads\/2025\/05\/66.-F.Gul\u0259li-Feyziyev.-Diskret-riyaziyyatin-b\u0259zi-f\u0259sill\u0259ri.-D\u0259rs-v\u0259saiti.pdf\">55. F.G\u00fcl\u0259li Feyziyev. Diskret riyaziyyat\u0131n b\u0259zi f\u0259sill\u0259ri. (D\u0259rs v\u0259saiti)<\/a><\/p>\n<p><a href=\"https:\/\/adpuagcabedi.edu.az\/wp-content\/uploads\/2025\/05\/67.-M.H\u0259mz\u0259yev.-psixologiya.pdf\">56. M.H\u0259mz\u0259yev. psixologiya<\/a><\/p>\n<p><a href=\"https:\/\/adpuagcabedi.edu.az\/wp-content\/uploads\/2025\/05\/68.-H\u0259nd\u0259s\u0259y\u0259-aid-materiallar.-ali-m\u0259kt\u0259bl\u0259r-ucun.pdf\">57. H\u0259nd\u0259s\u0259y\u0259 aid materiallar. (ali m\u0259kt\u0259bl\u0259r \u00fc\u00e7\u00fcn)<\/a><\/p>\n<p><a href=\"https:\/\/adpuagcabedi.edu.az\/wp-content\/uploads\/2025\/05\/69.-Ehtimal-nezeriyyes-i-ve-riyazi-statistikanin-esaslari.pdf\">58. Ehtimal nezeriyyes i ve- riyazi statistikanin esaslari<\/a><\/p>\n<p><a href=\"https:\/\/adpuagcabedi.edu.az\/wp-content\/uploads\/2025\/05\/70.-N.Isg\u0259nd\u0259rov.-Ad-i-diferensal-t\u0259nlikl\u0259r.pdf\">59. N.\u0130sg\u0259nd\u0259rov. Ad i diferensal t\u0259nlikl\u0259r<\/a><\/p>\n<p><a href=\"https:\/\/adpuagcabedi.edu.az\/wp-content\/uploads\/2025\/05\/71.-R.H.F\u0259r\u0259cov-H-.V.-Simiyev.-Diskret-riyaziyyat.-Ali-m\u0259kt\u0259bl\u0259r-ucun-d\u0259rs-v\u0259saiti.pdf\">60. R.H.F\u0259r\u0259cov, H .V. \u015eimiyev. Diskret riyaziyyat. Ali m\u0259kt\u0259bl\u0259r \u00fc\u00e7\u00fcn d\u0259rs v\u0259saiti.<\/a><\/p>\n<p><a href=\"https:\/\/adpuagcabedi.edu.az\/wp-content\/uploads\/2025\/05\/72.-Riyazi-fizika-t\u0259nlikl\u0259ri.pdf\">61. Riyazi fizika t\u0259nlikl\u0259ri<\/a><\/p>\n<p><a href=\"https:\/\/adpuagcabedi.edu.az\/wp-content\/uploads\/2025\/05\/73.-Riyazi-modell\u0259rin-forma-v\u0259-prinsipl\u0259rinin-t\u0259sviri.pdf\">62. Riyazi modell\u0259rin forma v\u0259 prinsipl\u0259rinin t\u0259sviri.<\/a><\/p>\n<p><a href=\"https:\/\/adpuagcabedi.edu.az\/wp-content\/uploads\/2025\/05\/74.-F\u0259ls\u0259f\u0259nin-\u0259salari.pdf\">63. F\u0259ls\u0259f\u0259nin \u0259salar\u0131.<\/a><\/p>\n<p><a href=\"https:\/\/adpuagcabedi.edu.az\/wp-content\/uploads\/2025\/05\/75.-S.N.M\u0259simova.-Ali-riyaziyyatin-\u0259saslari.pdf\">64. S.N.M\u0259simova. Ali riyaziyyat\u0131n \u0259saslar\u0131.<\/a><\/p>\n<p><a href=\"https:\/\/adpuagcabedi.edu.az\/wp-content\/uploads\/2025\/05\/76.-Sabir-Om\u0259rov.-Ehtimal-n\u0259z\u0259riyy\u0259si-212_Movzu-1.elemt_.-had.pdf\">65. Sabir \u00d6m\u0259rov. Ehtimal n\u0259z\u0259riyy\u0259si 212_M\u00f6vzu 1.elemt. had<\/a><\/p>\n<p><a href=\"https:\/\/adpuagcabedi.edu.az\/wp-content\/uploads\/2025\/05\/77.-S.M\u0259simova.-.Ali-riyaziyyatin-\u0259saslar\u0259.pdf\">66. S.M\u0259simova. .Ali riyaziyyat\u0131n \u0259saslar\u0259.<\/a><\/p>\n<p><a href=\"https:\/\/adpuagcabedi.edu.az\/wp-content\/uploads\/2025\/05\/78.-Alqoritmler_-nezeriyyesi.pdf\">67. Alqoritmler_ nezeriyyesi<\/a><\/p>\n<p><a href=\"https:\/\/adpuagcabedi.edu.az\/wp-content\/uploads\/2025\/05\/79.-Analtik-h\u0259nd\u0259s\u0259.pdf\">68. Analtik h\u0259nd\u0259s\u0259.<\/a><\/p>\n<p><a href=\"https:\/\/adpuagcabedi.edu.az\/wp-content\/uploads\/2025\/05\/80.-Azad-Novruzov-Rovs\u0259n-V\u0259liyev.-H\u0259nd\u0259s\u0259-m\u0259s\u0259l\u0259l\u0259ri.pdf\">69. Azad Novruzov, R\u00f6v\u015f\u0259n V\u0259liyev. H\u0259nd\u0259s\u0259 m\u0259s\u0259l\u0259l\u0259ri<\/a><\/p>\n<p><a href=\"https:\/\/adpuagcabedi.edu.az\/wp-content\/uploads\/2025\/05\/82.-E.A.Quliyev.-C\u0259brin-m\u0259s\u0259l\u0259-vast\u0259sil\u0259-yekun-t\u0259krari.-Copy.pdf\">70. \u018f.A.Quliyev. C\u0259brin m\u0259s\u0259l\u0259 vast\u0259sil\u0259 yekun t\u0259krar\u0131. &#8211; Copy<\/a><\/p>\n<p><a href=\"https:\/\/adpuagcabedi.edu.az\/wp-content\/uploads\/2025\/05\/83.-F.Feyziyev.-Diskrit-Riyaziyyat.pdf\">71. F.Feyziyev. Diskrit Riyaziyyat.<\/a><\/p>\n<p><a href=\"https:\/\/adpuagcabedi.edu.az\/wp-content\/uploads\/2025\/05\/84.-Evklid-hendesesi-U.Qurbanova.pdf\">72. Evklid hendesesi (\u00dc.Qurbanova)<\/a><\/p>\n<p><a href=\"https:\/\/adpuagcabedi.edu.az\/wp-content\/uploads\/2025\/05\/85.-H.X\u0259lilov.-Riyaziyyat-hisse2.pdf\">73. H.X\u0259lilov. Riyaziyyat- hisse2<\/a><\/p>\n<p><a href=\"https:\/\/adpuagcabedi.edu.az\/wp-content\/uploads\/2025\/05\/87.-E.Quliyev.-H\u0259nd\u0259s\u0259-m\u0259s\u0259l\u0259l\u0259ri.pdf\">74. \u018f.Quliyev. H\u0259nd\u0259s\u0259 m\u0259s\u0259l\u0259l\u0259ri<\/a><\/p>\n<p><a href=\"https:\/\/adpuagcabedi.edu.az\/wp-content\/uploads\/2025\/05\/88.-H\u0259nd\u0259s\u0259-2.pdf\">75. H\u0259nd\u0259s\u0259 -2<\/a><\/p>\n<p><a href=\"https:\/\/adpuagcabedi.edu.az\/wp-content\/uploads\/2025\/05\/89.-A.Adigoz\u0259lov.-X.-H\u0259s\u0259nov.-H\u0259nd\u0259si-qurumlar.pdf\">76. A.Ad\u0131g\u00f6z\u0259lov. X. H\u0259s\u0259nov. H\u0259nd\u0259si qurumlar<\/a><\/p>\n<p><a href=\"https:\/\/adpuagcabedi.edu.az\/wp-content\/uploads\/2025\/05\/90-.-I.Ismayilov.-C\u0259br-m\u0259ntiqi-dusun\u0259nd\u0259.pdf\">77 . \u0130.\u0130smay\u0131lov. C\u0259br m\u0259ntiqi d\u00fc\u015f\u00fcn\u0259nd\u0259.<\/a><\/p>\n<p><a href=\"https:\/\/adpuagcabedi.edu.az\/wp-content\/uploads\/2025\/05\/92.-F.Q\u0259hramov.-Interqral-tenliklerin-teqribi-hell-usullari.pdf\">78. F.Q\u0259hramov. Interqral- tenliklerin -teqribi- hell-usullari<\/a><\/p>\n<p><a href=\"https:\/\/adpuagcabedi.edu.az\/wp-content\/uploads\/2025\/05\/94.-L.Landau.E.-Lifsis.-N\u0259z\u0259ri-fizikz-mexanika.pdf\">79. L.Landau.E. Lif\u015fis. N\u0259z\u0259ri fizikz mexanika.<\/a><\/p>\n<p><a href=\"https:\/\/adpuagcabedi.edu.az\/wp-content\/uploads\/2025\/05\/95.-M.Quliyev.-Inteqral-cevirm\u0259l\u0259r-v\u0259-onlarin-b\u0259zi-t\u0259tbiql\u0259ri.pdf\">80. M.Quliyev. \u0130nteqral \u00e7evirm\u0259l\u0259r v\u0259 onlar\u0131n b\u0259zi t\u0259tbiql\u0259ri.<\/a><\/p>\n<p><a href=\"https:\/\/adpuagcabedi.edu.az\/wp-content\/uploads\/2025\/05\/96.-M.N\u0259c\u0259fov.-Analtik-h\u0259nd\u0259s\u0259.pdf\">81. M.N\u0259\u00e7\u0259fov. Analtik h\u0259nd\u0259s\u0259.<\/a><\/p>\n<p><a href=\"https:\/\/adpuagcabedi.edu.az\/wp-content\/uploads\/2025\/05\/97.-MS-Excel-de-Biznes-statistika-Ve-Proqnozlasdirma.pdf\">82. MS Excel de Biznes statistika Ve Proqnozlasdirma<\/a><\/p>\n<p><a href=\"https:\/\/adpuagcabedi.edu.az\/wp-content\/uploads\/2025\/05\/98.-N.Quliyeva.-Dusunc\u0259nin-riyazi-dili.-Riyaziyyatin-konstruktiv-t\u0259lioml\u0259-t\u0259drisi-metodikas\u0259.pdf\">83. N.Quliyeva. D\u00fc\u015f\u00fcnc\u0259nin riyazi dili. Riyaziyyat\u0131n konstruktiv t\u0259lioml\u0259 t\u0259drisi metodikas\u0259.<\/a><\/p>\n<p><a href=\"https:\/\/adpuagcabedi.edu.az\/wp-content\/uploads\/2025\/05\/99.-N.Quliyeva.-Riyaziyyatin-konstruktiv-t\u0259liml\u0259-t\u0259drisi-metodukasi.pdf\">84. N.Quliyeva. Riyaziyyat\u0131n konstruktiv t\u0259liml\u0259 t\u0259drisi metodukas\u0131.<\/a><\/p>\n<p><a href=\"https:\/\/adpuagcabedi.edu.az\/wp-content\/uploads\/2025\/05\/100.-B.Demodovic.-RIYAZI-ANALIZDEN-MESELE-VE-MISALLAR.pdf\">85. B.Demodovi\u00e7. RIYAZI- ANALIZD\u018fN- M\u018fS\u018fL\u018f- V\u018f -MISALLAR.<\/a><\/p>\n<p><a href=\"https:\/\/adpuagcabedi.edu.az\/wp-content\/uploads\/2025\/05\/101.-Riyazi-model-muhazir\u0259.pdf\">86. Riyazi- model- m\u00fchazir\u0259<\/a><\/p>\n<p><a href=\"https:\/\/adpuagcabedi.edu.az\/wp-content\/uploads\/2025\/05\/102.-S.Z.M\u0259mm\u0259dov.-_Elektrotexnika.pdf\">87. S.Z.M\u0259mm\u0259dov. _Elektrotexnika<\/a><\/p>\n<p><a href=\"https:\/\/adpuagcabedi.edu.az\/wp-content\/uploads\/2025\/05\/103.-V.-I.-Malixin.-Iqtisadiyyatda-riyaziyyat.pdf\">88. V. \u0130. Malixin. \u0130qtisadiyyatda riyazi<\/a><a href=\"https:\/\/adpuagcabedi.edu.az\/wp-content\/uploads\/2025\/05\/103.-V.-I.-Malixin.-Iqtisadiyyatda-riyaziyyat.pdf\">yyat.<\/a><\/p>\n<p>89<a href=\"https:\/\/adpuagcabedi.edu.az\/wp-content\/uploads\/2025\/05\/104.-Q.Skirbekk.-N.-Gilye.-Felsefe-tarixi.pdf\">. Q.Skirbekk. N. Gilye. Felsef<\/a><a href=\"https:\/\/adpuagcabedi.edu.az\/wp-content\/uploads\/2025\/05\/104.-Q.Skirbekk.-N.-Gilye.-Felsefe-tarixi.pdf\">e- tarixi<\/a><\/p>\n<p><a href=\"https:\/\/adpuagcabedi.edu.az\/wp-content\/uploads\/2025\/05\/105.-Y.C.M\u0259mm\u0259dov-.T\u0259qribi-hesablama-usullari.pdf\">90. Y.C.M\u0259mm\u0259dov .T\u0259qribi hesablama \u00fcsullar\u0131<\/a><\/p>\n<p><a href=\"https:\/\/adpuagcabedi.edu.az\/wp-content\/uploads\/2025\/05\/106.-Az\u0259rbaycan-Respublikasinin-Konstitusiyasi.pdf\">91. Az\u0259rbaycan Respu<\/a><a href=\"https:\/\/adpuagcabedi.edu.az\/wp-content\/uploads\/2025\/05\/106.-Az\u0259rbaycan-Respublikasinin-Konstitusiyasi.pdf\">blikas\u0131n\u0131n Konstitusiyas\u0131.<\/a><\/p>\n<p><a href=\"https:\/\/adpuagcabedi.edu.az\/wp-content\/uploads\/2025\/05\/107.-N.M\u0259mm\u0259dli.-Az\u0259rbaycan-dilind\u0259-isguzar-v\u0259-akademik-komunikasiya.pdf\">92. N.M\u0259mm\u0259dli. Az\u0259rbaycan dilind\u0259 i\u015fg\u00fczar v\u0259 akademik komunikasiya.<\/a><\/p>\n<p><a href=\"https:\/\/adpuagcabedi.edu.az\/wp-content\/uploads\/2025\/05\/108.-N.Huseynova.-Inkluziv-t\u0259hsil-pdf.pdf\">93. N.H\u00fcseynova. \u0130nkl\u00fcziv t\u0259hsil pdf<\/a><\/p>\n<p><a href=\"https:\/\/adpuagcabedi.edu.az\/wp-content\/uploads\/2025\/05\/109.-NURIYEVA-I-T.-AZERBAYCAN-TARIXI-2024-pdf.pdf\">94. NUR\u0130YEVA \u0130, T.- AZ\u018fRBAYCAN TAR\u0130X\u0130 2024-pdf<\/a><\/p>\n<p><a href=\"https:\/\/adpuagcabedi.edu.az\/wp-content\/uploads\/2025\/05\/110.-A.Sukurov.-F\u0259ls\u0259f\u0259.pdf\">95. A.\u015e\u00fck\u00fcrov. F\u0259ls\u0259f\u0259.<\/a><\/p>\n<p><a href=\"https:\/\/adpuagcabedi.edu.az\/wp-content\/uploads\/2025\/05\/112.-Politologiya-fenni.pdf\">96. Politologiya- fenni<\/a><\/p>\n<p><a href=\"https:\/\/adpuagcabedi.edu.az\/wp-content\/uploads\/2025\/05\/113.-H.Q\u0259niyev.-Az\u0259rbaycan-tarixi.pdf\">97. H.Q\u0259niyev. Az\u0259rbaycan tarixi<\/a><\/p>\n<p><a href=\"https:\/\/adpuagcabedi.edu.az\/wp-content\/uploads\/2025\/05\/114.-H-.O.-Ocaqov.-Mulki-mudafi\u0259-muhafiz\u0259-.pdf\">98. H .O. O\u00e7aqov. M\u00fclki m\u00fcdafi\u0259 ( m\u00fchafiz\u0259 )<\/a><\/p>\n<p><a href=\"https:\/\/adpuagcabedi.edu.az\/wp-content\/uploads\/2025\/05\/115.-Az\u0259rbaycan-dilind\u0259-isguzar-v\u0259-akademik-kommunikasiya.pdf\">99. Az\u0259rbaycan -dilind\u0259 -isguzar-v\u0259 -akademik -kommunikasiya<\/a><\/p>\n<p><a href=\"https:\/\/adpuagcabedi.edu.az\/wp-content\/uploads\/2025\/05\/116.-M.Bagirzad\u0259.-S.-Altay.-Multikulturalizme_giris.pdf\">100. M.Bag\u0131rzad\u0259. S. Altay. Multikulturalizme_giri\u015f<\/a><\/p>\n<p><a href=\"https:\/\/adpuagcabedi.edu.az\/wp-content\/uploads\/2025\/05\/117.-Mulki-mudafi\u0259.pdf\">101.M\u00fclki m\u00fcdafi\u0259<\/a><\/p>\n<p><a href=\"https:\/\/adpuagcabedi.edu.az\/wp-content\/uploads\/2025\/05\/118.-M.-Ismayilova.-Kommunikasiya-.pdf\">102. M. \u0130smay\u0131lova. Kommunikasiya .<\/a><\/p>\n","protected":false},"excerpt":{"rendered":"<p>1. C\u0259br -i- ii- iii- hisse 2. U.Qurbanova ..Diferensial- hendese \u00a03.Q.Namazov .Ali -riyaziyyat-i -hisse 4. Q.Namazov. Ali -riyaziyyat 5. N.Quliyeva. Riyaziyyatin -konstruktiv -telimle- tedris i-metodikasi 6. \u00d6m\u0259rov. Ehtimal n\u0259z\u0259riyy\u0259si 212 _M\u00f6vzu 10. SE\u00c7M\u018fN\u0130N \u018fD\u018fD.XAR. 7. Adi diferensal t\u0259nlikl\u0259r 8. P.Q\u0259gr\u0259manov . \u0130nterqra l tenliklerin teqribi hell usullari 9. B.Tahirov . Riyaziyyat\u0131n t\u0259drisi \u00fcsullar\u0131. 10. C.M.Novruzov. [&hellip;]<\/p>\n","protected":false},"author":1,"featured_media":0,"parent":0,"menu_order":0,"comment_status":"closed","ping_status":"closed","template":"","meta":{"_acf_changed":false,"footnotes":""},"class_list":["post-16973","page","type-page","status-publish","hentry"],"acf":[],"_links":{"self":[{"href":"https:\/\/adpuagcabedi.edu.az\/index.php?rest_route=\/wp\/v2\/pages\/16973","targetHints":{"allow":["GET"]}}],"collection":[{"href":"https:\/\/adpuagcabedi.edu.az\/index.php?rest_route=\/wp\/v2\/pages"}],"about":[{"href":"https:\/\/adpuagcabedi.edu.az\/index.php?rest_route=\/wp\/v2\/types\/page"}],"author":[{"embeddable":true,"href":"https:\/\/adpuagcabedi.edu.az\/index.php?rest_route=\/wp\/v2\/users\/1"}],"replies":[{"embeddable":true,"href":"https:\/\/adpuagcabedi.edu.az\/index.php?rest_route=%2Fwp%2Fv2%2Fcomments&post=16973"}],"version-history":[{"count":1,"href":"https:\/\/adpuagcabedi.edu.az\/index.php?rest_route=\/wp\/v2\/pages\/16973\/revisions"}],"predecessor-version":[{"id":16974,"href":"https:\/\/adpuagcabedi.edu.az\/index.php?rest_route=\/wp\/v2\/pages\/16973\/revisions\/16974"}],"wp:attachment":[{"href":"https:\/\/adpuagcabedi.edu.az\/index.php?rest_route=%2Fwp%2Fv2%2Fmedia&parent=16973"}],"curies":[{"name":"wp","href":"https:\/\/api.w.org\/{rel}","templated":true}]}}