{"id":16395,"date":"2025-10-07T14:15:36","date_gmt":"2025-10-07T10:15:36","guid":{"rendered":"https:\/\/adpuagcabedi.edu.az\/?page_id=16395"},"modified":"2025-10-07T14:41:03","modified_gmt":"2025-10-07T10:41:03","slug":"sosial-is","status":"publish","type":"page","link":"https:\/\/adpuagcabedi.edu.az\/?page_id=16395","title":{"rendered":"Sosial i\u015f"},"content":{"rendered":"<p><a href=\"https:\/\/adpuagcabedi.edu.az\/wp-content\/uploads\/2025\/10\/1.-R.-M\u0259mm\u0259dova.-SOSIAL-ISE-GIRIS.pdf\">1. R. M\u0259mm\u0259dova. SOSIAL -IS\u018f -GIRIS<\/a><\/p>\n<p><a href=\"https:\/\/adpuagcabedi.edu.az\/wp-content\/uploads\/2025\/10\/2.-SOSIAL-IS-NEZERIYYESI.pdf\">2. SOSIAL -IS- N\u018fZ\u018fRIYY\u018fSI<\/a><\/p>\n<p><a href=\"https:\/\/adpuagcabedi.edu.az\/wp-content\/uploads\/2025\/10\/3-.C.-Sahmaliyev.-SOSIAL-IS-BACARIQLARI-_KITABI.pdf\">3 .C. \u015eahmal\u0131yev. SOS\u0130AL -\u0130\u015e- BACARIQLARI _K\u0130TAB\u0130<\/a><\/p>\n<p><a href=\"https:\/\/adpuagcabedi.edu.az\/wp-content\/uploads\/2025\/10\/4-A.-Abbasov.-Biznesin-\u0259salari.pdf\">4 A. Abbasov. Biznesin \u0259salar\u0131.<\/a><\/p>\n<p><a href=\"https:\/\/adpuagcabedi.edu.az\/wp-content\/uploads\/2025\/10\/5.-C.-R\u0259hm\u0259tullayeva-.Sosial-isd\u0259-f\u0259rdi-hallarin-idar\u0259-edilm\u0259si.pdf\">5. C. R\u0259hm\u0259tullayeva .Sosial i\u015fd\u0259 f\u0259rdi hallar\u0131n idar\u0259 edilm\u0259si.<\/a><\/p>\n<p><a href=\"https:\/\/adpuagcabedi.edu.az\/wp-content\/uploads\/2025\/10\/6.-K.-Agayeva.-Etika-v\u0259-Gender-sosial-\u0259xlaqi-davranisin-t\u0259hlili.pdf\">6. K. Agayeva. Etika v\u0259 Gender sosial- \u0259xlaqi davran\u0131\u015f\u0131n t\u0259hlili.<\/a><\/p>\n<p><a href=\"https:\/\/adpuagcabedi.edu.az\/wp-content\/uploads\/2025\/10\/7.-V.-Niftullayev.-Sahibkarligin-\u0259saslari.pdf\">7. V. Niftullayev. Sahibkarligin -\u0259saslari<\/a><\/p>\n<p><a href=\"https:\/\/adpuagcabedi.edu.az\/wp-content\/uploads\/2025\/10\/8.-M.-H\u0259mz\u0259yev.-Psixologiya.pdf\">8. M. H\u0259mz\u0259yev. Psixologiya<\/a><\/p>\n<p><a href=\"https:\/\/adpuagcabedi.edu.az\/wp-content\/uploads\/2025\/10\/9.-S.-El\u0259sg\u0259rov.-Postmuharib\u0259-dovrund\u0259-sosial-isin-ver\u0259-bil\u0259c\u0259yi-tohf\u0259l\u0259r.pdf\">9. S. \u018fl\u0259sg\u0259rov. Postm\u00fcharib\u0259 d\u00f6vr\u00fcnd\u0259 sosial i\u015fin ver\u0259 bil\u0259\u00e7\u0259yi t\u00f6hf\u0259l\u0259r<\/a><\/p>\n<p><a href=\"https:\/\/adpuagcabedi.edu.az\/wp-content\/uploads\/2025\/10\/10-.R.-Eliquliyev.-Y-.Imamverdiyev.-Sosial-s\u0259b\u0259k\u0259l\u0259r.pdf\">10 .R. \u018fliquliyev. Y .\u0130mamverdiyev. Sosial \u015f\u0259b\u0259k\u0259l\u0259r.<\/a><\/p>\n<p><a href=\"https:\/\/adpuagcabedi.edu.az\/wp-content\/uploads\/2025\/10\/11.-Social-worker-Sosila-isci.pdf\">11. Sosial -worker Sosial i\u015f\u00e7i<\/a><\/p>\n<p><a href=\"https:\/\/adpuagcabedi.edu.az\/wp-content\/uploads\/2025\/10\/12.-F.-Vahidov.-SOSIOLOGIYA.pdf\">12. F. Vahidov. SOSIOLOGIYA<\/a><\/p>\n<p><a href=\"https:\/\/adpuagcabedi.edu.az\/wp-content\/uploads\/2025\/10\/13.-O.-Gunduz.-Sosial-psixologiya.pdf\">13. O. G\u00fcnd\u00fcz. Sosial psixologiya.<\/a><\/p>\n<p><a href=\"https:\/\/adpuagcabedi.edu.az\/wp-content\/uploads\/2025\/10\/14.-H-.O.-Ocaqov.-Mulki-mudafi\u0259-muhafiz\u0259-.pdf\">14. H .O. O\u00e7aqov. M\u00fclki m\u00fcdafi\u0259 ( m\u00fchafiz\u0259 )<\/a><\/p>\n<p><a href=\"https:\/\/adpuagcabedi.edu.az\/wp-content\/uploads\/2025\/10\/15.-Mulki-mudafi\u0259.pdf\">15. M\u00fclki m\u00fcdafi\u0259<\/a><\/p>\n<p><a href=\"https:\/\/adpuagcabedi.edu.az\/wp-content\/uploads\/2025\/10\/16.-Ail\u0259-pisxoloqu.docx\">16. Ail\u0259 pisxoloqu<\/a><\/p>\n<p><a href=\"https:\/\/adpuagcabedi.edu.az\/wp-content\/uploads\/2025\/10\/17.-Sahibkarliq-ideyasinin-t\u0259tbiq-edilm\u0259si.docx\">17. Sahibkarl\u0131q ideyas\u0131n\u0131n t\u0259tbiq edilm\u0259si.<\/a><\/p>\n<p><a href=\"https:\/\/adpuagcabedi.edu.az\/wp-content\/uploads\/2025\/10\/18.-Sosial-is-TP.pdf\">18. Sosial i\u015f TP<\/a><\/p>\n<p><a href=\"https:\/\/adpuagcabedi.edu.az\/wp-content\/uploads\/2025\/10\/19-.-Sosial-is.docx\">19 . Sosial i\u015f<\/a><\/p>\n<p><a href=\"https:\/\/adpuagcabedi.edu.az\/wp-content\/uploads\/2025\/10\/20.-Sosial-isin-n\u0259z\u0259riyy\u0259si.docx\">20. Sosial i\u015fin n\u0259z\u0259riyy\u0259si.<\/a><\/p>\n<p><a href=\"https:\/\/adpuagcabedi.edu.az\/wp-content\/uploads\/2025\/10\/21.-Sosial-isin-tarixi-\u0259salari.docx\">21. Sosial i\u015fin tarixi \u0259salar\u0131.<\/a><\/p>\n<p><a href=\"https:\/\/adpuagcabedi.edu.az\/wp-content\/uploads\/2025\/10\/22.-SOSIAL-IS-NEZERIYYESI.pdf\">22. SOSIAL -IS- N\u018fZ\u018fRIYY\u018fSI<\/a><\/p>\n<p><a href=\"https:\/\/adpuagcabedi.edu.az\/wp-content\/uploads\/2025\/10\/23.-SOSIAL-IS-BACARIQLARI-_KITABI.pdf\">23. SOS\u0130AL -\u0130\u015e BACARIQLARI _K\u0130TAB\u0130<\/a><\/p>\n<p><a href=\"https:\/\/adpuagcabedi.edu.az\/wp-content\/uploads\/2025\/10\/24.-Sosial-Psixologiya-BAYRAMOV.pdf\">24. Sosial -Psixologiya- BAYRAMOV<\/a><\/p>\n<p><a href=\"https:\/\/adpuagcabedi.edu.az\/wp-content\/uploads\/2025\/10\/25.-T\u0259tbiqi-proqramlar-paketi.pdf\">25. T\u0259tbiqi proqramlar paketi<\/a><\/p>\n<p><a href=\"https:\/\/adpuagcabedi.edu.az\/wp-content\/uploads\/2025\/10\/26.-Yeniyetm\u0259l\u0259rin-saglam-h\u0259yat-t\u0259rzi-.-Z\u0259r\u0259li-v\u0259rdisl\u0259rin-profilaktikasi.pdf\">26. Yeniyetm\u0259l\u0259rin saglam h\u0259yat t\u0259rzi . Z\u0259r\u0259li v\u0259rdi\u015fl\u0259rin profilaktikas\u0131.<\/a><\/p>\n<p><a href=\"https:\/\/adpuagcabedi.edu.az\/wp-content\/uploads\/2025\/10\/27.-A.-Bagirova.-Psixologiya.pdf\">27. A. Bag\u0131rova. Psixologiya<\/a><\/p>\n<p><a href=\"https:\/\/adpuagcabedi.edu.az\/wp-content\/uploads\/2025\/10\/28-.O.-Babbi.-Sosial-t\u0259dqiqat-praktikasi.pdf\">28 .\u00d6. Babbi. Sosial t\u0259dqiqat praktikas\u0131.<\/a><\/p>\n<p><a href=\"https:\/\/adpuagcabedi.edu.az\/wp-content\/uploads\/2025\/10\/29.-L.-Qurbanova-.-Psixi-saglamliq.pdf\">29. L. Qurbanova . Psixi saglaml\u0131q.<\/a><\/p>\n<p><a href=\"https:\/\/adpuagcabedi.edu.az\/wp-content\/uploads\/2025\/10\/30.-Tehsil-sisteminde-psixoloji-xidmet-ii-hisse-kitab.pdf\">30. Tehsil- sisteminde -psixoloji -xidmet -ii-hisse-kitab<\/a><\/p>\n<p><a href=\"https:\/\/adpuagcabedi.edu.az\/wp-content\/uploads\/2025\/10\/31.-Az\u0259rbaycan-dilind\u0259-isguzar-v\u0259-akademik-kommunikasiya.pdf\">31.. Az\u0259rbaycan -dilind\u0259 -isguzar-v\u0259 -akademik -kommunikasiya<\/a><\/p>\n<p><a href=\"https:\/\/adpuagcabedi.edu.az\/wp-content\/uploads\/2025\/10\/32.-N.-M\u0259mm\u0259dli.-Az\u0259rbaycan-dilind\u0259-isguzar-v\u0259-akademik-komunikasiya.pdf\">32. N. M\u0259mm\u0259dli. Az\u0259rbaycan dilind\u0259 i\u015fg\u00fczar v\u0259 akademik komunikasiya.<\/a><\/p>\n<p><a href=\"https:\/\/adpuagcabedi.edu.az\/wp-content\/uploads\/2025\/10\/33.-N.-M\u0259mm\u0259dli.-Multukulturalizm.pdf\">33. N. M\u0259mm\u0259dli. Multukulturalizm.<\/a><\/p>\n<p><a href=\"https:\/\/adpuagcabedi.edu.az\/wp-content\/uploads\/2025\/10\/34.-R-.Mehdiyev-.-.Multukulturalizm\u0259-giris.pdf\">34. R .Mehdiyev . .Multukulturalizm\u0259 giri\u015f.<\/a><\/p>\n<p><a href=\"https:\/\/adpuagcabedi.edu.az\/wp-content\/uploads\/2025\/10\/35.S.Quliyeva.-Idar\u0259etm\u0259-psixologiyasi-v\u0259-sosiologiyasi.pdf\">35.\u015e.Quliyeva. \u0130dar\u0259etm\u0259 psixologiyas\u0131 v\u0259 sosiologiyas\u0131.<\/a><\/p>\n<p>&nbsp;<\/p>\n","protected":false},"excerpt":{"rendered":"<p>1. R. M\u0259mm\u0259dova. SOSIAL -IS\u018f -GIRIS 2. SOSIAL -IS- N\u018fZ\u018fRIYY\u018fSI 3 .C. \u015eahmal\u0131yev. SOS\u0130AL -\u0130\u015e- BACARIQLARI _K\u0130TAB\u0130 4 A. Abbasov. Biznesin \u0259salar\u0131. 5. C. R\u0259hm\u0259tullayeva .Sosial i\u015fd\u0259 f\u0259rdi hallar\u0131n idar\u0259 edilm\u0259si. 6. K. Agayeva. Etika v\u0259 Gender sosial- \u0259xlaqi davran\u0131\u015f\u0131n t\u0259hlili. 7. V. Niftullayev. Sahibkarligin -\u0259saslari 8. M. H\u0259mz\u0259yev. Psixologiya 9. S. \u018fl\u0259sg\u0259rov. Postm\u00fcharib\u0259 d\u00f6vr\u00fcnd\u0259 [&hellip;]<\/p>\n","protected":false},"author":1,"featured_media":0,"parent":0,"menu_order":0,"comment_status":"closed","ping_status":"closed","template":"","meta":{"_acf_changed":false,"footnotes":""},"class_list":["post-16395","page","type-page","status-publish","hentry"],"acf":[],"_links":{"self":[{"href":"https:\/\/adpuagcabedi.edu.az\/index.php?rest_route=\/wp\/v2\/pages\/16395","targetHints":{"allow":["GET"]}}],"collection":[{"href":"https:\/\/adpuagcabedi.edu.az\/index.php?rest_route=\/wp\/v2\/pages"}],"about":[{"href":"https:\/\/adpuagcabedi.edu.az\/index.php?rest_route=\/wp\/v2\/types\/page"}],"author":[{"embeddable":true,"href":"https:\/\/adpuagcabedi.edu.az\/index.php?rest_route=\/wp\/v2\/users\/1"}],"replies":[{"embeddable":true,"href":"https:\/\/adpuagcabedi.edu.az\/index.php?rest_route=%2Fwp%2Fv2%2Fcomments&post=16395"}],"version-history":[{"count":3,"href":"https:\/\/adpuagcabedi.edu.az\/index.php?rest_route=\/wp\/v2\/pages\/16395\/revisions"}],"predecessor-version":[{"id":16418,"href":"https:\/\/adpuagcabedi.edu.az\/index.php?rest_route=\/wp\/v2\/pages\/16395\/revisions\/16418"}],"wp:attachment":[{"href":"https:\/\/adpuagcabedi.edu.az\/index.php?rest_route=%2Fwp%2Fv2%2Fmedia&parent=16395"}],"curies":[{"name":"wp","href":"https:\/\/api.w.org\/{rel}","templated":true}]}}