{"id":16391,"date":"2025-10-07T14:14:01","date_gmt":"2025-10-07T10:14:01","guid":{"rendered":"https:\/\/adpuagcabedi.edu.az\/?page_id=16391"},"modified":"2025-10-08T16:43:21","modified_gmt":"2025-10-08T12:43:21","slug":"xarici-dil-mu%c9%99llimliyi-inglis-dili-uzr%c9%99","status":"publish","type":"page","link":"https:\/\/adpuagcabedi.edu.az\/?page_id=16391","title":{"rendered":"Xarici dil m\u00fc\u0259llimliyi (inglis dili \u00fczr\u0259)"},"content":{"rendered":"<p><a href=\"https:\/\/adpuagcabedi.edu.az\/wp-content\/uploads\/2025\/10\/1.-A.-Abbasov.-English-for-first-couse-students.pdf\">1. A. Abbasov. English for first couse students<\/a><\/p>\n<p><a href=\"https:\/\/adpuagcabedi.edu.az\/wp-content\/uploads\/2025\/10\/2.-A.-Abbasov.-Az\u0259rbaycanca-Ingilisc\u0259-paremoloji-vahidl\u0259r.pdf\">2. A. Abbasov. Az\u0259rbaycanca- \u0130ngilisc\u0259 paremoloji vahidl\u0259r.<\/a><\/p>\n<p><a href=\"https:\/\/adpuagcabedi.edu.az\/wp-content\/uploads\/2025\/10\/3.-A.-Haciyeva.-English-stylistics.pdf\">3. A. Hac\u0131yeva. English stylistics<\/a><\/p>\n<p><a href=\"https:\/\/adpuagcabedi.edu.az\/wp-content\/uploads\/2025\/10\/4.-Agatha-Christie-Murder.pdf\">4. Agatha Christie &#8211; Murder<\/a><\/p>\n<p><a href=\"https:\/\/adpuagcabedi.edu.az\/wp-content\/uploads\/2025\/10\/5.-Agatha-Christie-Death-On-The-Nile-1.pdf\">5. Agatha Christie Death On The Nile (1)<\/a><\/p>\n<p><a href=\"https:\/\/adpuagcabedi.edu.az\/wp-content\/uploads\/2025\/10\/6.-B.-Haciyev.-Engilish-for-the-faculties-of-arts-.pdf\">6. B. Hac\u0131yev. Engilish for the faculties of arts .<\/a><\/p>\n<p><a href=\"https:\/\/adpuagcabedi.edu.az\/wp-content\/uploads\/2025\/10\/7.-B.-Poladguc.-Ingilis-dili.pdf\">7. B. Poladguc. \u0130ngilis dili.<\/a><\/p>\n<p><a href=\"https:\/\/adpuagcabedi.edu.az\/wp-content\/uploads\/2025\/10\/8.-C.-Quliyev.-Ingilis-dilinin-pratik-qramatikasi.pdf\">8. C. Quliyev. \u0130ngilis dilinin pratik qramatikas\u0131.<\/a><\/p>\n<p><a href=\"https:\/\/adpuagcabedi.edu.az\/wp-content\/uploads\/2025\/10\/9.-Dan-Brown-Deception-Point.pdf\">9. Dan Brown &#8211; Deception Point<\/a><\/p>\n<p><a href=\"https:\/\/adpuagcabedi.edu.az\/wp-content\/uploads\/2025\/10\/10.-Dan-Brown-Digital-Fortress.pdf\">10. Dan Brown &#8211; Digital Fortress<\/a><\/p>\n<p><a href=\"https:\/\/adpuagcabedi.edu.az\/wp-content\/uploads\/2025\/10\/11.-Dan-Brown-The-Da-Vinci-Code.pdf\">11. Dan Brown &#8211; The Da Vinci Code<\/a><\/p>\n<p><a href=\"https:\/\/adpuagcabedi.edu.az\/wp-content\/uploads\/2025\/10\/12.-Y.-Abbasov.-Az\u0259rbaycan-rus-ingilisc\u0259-lug\u0259t.pdf\">12. Y. Abbasov. Az\u0259rbaycan rus- ingilisc\u0259 l\u00fcg\u0259t.<\/a><\/p>\n<p><a href=\"https:\/\/adpuagcabedi.edu.az\/wp-content\/uploads\/2025\/10\/13.-A.-Abbasov.-M.-Agayev.-English.pdf\">13. A. Abbasov. M. Agayev. English.<\/a><\/p>\n<p><a href=\"https:\/\/adpuagcabedi.edu.az\/wp-content\/uploads\/2025\/10\/15.-Face-2face-pre-intermediate-teachers.pdf\">14. Face 2face pre -intermediate teachers<\/a><\/p>\n<p><a href=\"https:\/\/adpuagcabedi.edu.az\/wp-content\/uploads\/2025\/10\/18.-Face2-Face-Starter-Teachers-Book.pdf\">15. Face2 Face Starter Teachers Book<\/a><\/p>\n<p><a href=\"https:\/\/adpuagcabedi.edu.az\/wp-content\/uploads\/2025\/10\/19.-face2-Face-Advanced-Teachers-Book.pdf\">16. face2 Face Advanced Teachers Book.<\/a><\/p>\n<p><a href=\"https:\/\/adpuagcabedi.edu.az\/wp-content\/uploads\/2025\/10\/20.-Face2-Face-Advantes-Students-Book.pdf\">17. Face2 Face Advantes Students Book.<\/a><\/p>\n<p><a href=\"https:\/\/adpuagcabedi.edu.az\/wp-content\/uploads\/2025\/10\/21.-Face2-Face-Intermediate-Teachers-Book.pdf\">18. Face2 Face \u0130ntermediate Teachers Book<\/a><\/p>\n<p><a href=\"https:\/\/adpuagcabedi.edu.az\/wp-content\/uploads\/2025\/10\/22.-Face2-Face-Pre-intermediate-Vookbook.pdf\">19. Face2 Face Pre intermediate Vookbook<\/a><\/p>\n<p><a href=\"https:\/\/adpuagcabedi.edu.az\/wp-content\/uploads\/2025\/10\/26-.face2-Face-Upper-Intermediate-Teacher-Book.pdf\">20 .face2 Face Upper \u0130ntermediate Teacher Book.<\/a><\/p>\n<p><a href=\"https:\/\/adpuagcabedi.edu.az\/wp-content\/uploads\/2025\/10\/27.-Face2-Face-Upper-Intermediate-Vookbook.pdf\">21. Face2 Face Upper \u0130ntermediate Vookbook<\/a><\/p>\n<p><a href=\"https:\/\/adpuagcabedi.edu.az\/wp-content\/uploads\/2025\/10\/28.-George-Orwell-1984.pdf\">22. George Orwell &#8211; 1984<\/a><\/p>\n<p><a href=\"https:\/\/adpuagcabedi.edu.az\/wp-content\/uploads\/2025\/10\/29.-X.-Eliyev.-Ingilisc\u0259-Az\u0259rbaycanca-\u0259hat\u0259li-l-ug\u0259t-lug\u0259t.pdf\">23. X. \u018fliyev. \u0130ngilisc\u0259 -Az\u0259rbaycanca \u0259hat\u0259li l\u00fcg\u0259t l\u00fcg\u0259t.<\/a><\/p>\n<p><a href=\"https:\/\/adpuagcabedi.edu.az\/wp-content\/uploads\/2025\/10\/25.-A.-Buscha.-S.-Szita-Begegnungen-_A2-_LS.pdf\">24. A. Buscha. S. Szita Begegnungen _A2 _LS<\/a><\/p>\n<p><a href=\"https:\/\/adpuagcabedi.edu.az\/wp-content\/uploads\/2025\/10\/26-.A-.Buscha.-S.-Szita-Begegnung-A1-ingilis-dilind\u0259-akademik-komunikasiya.pdf\">25 .A .Buscha. S. Szita Begegnung A1 (ingilis dilind\u0259 akademik komunikasiya<\/a><\/p>\n<p><a href=\"https:\/\/adpuagcabedi.edu.az\/wp-content\/uploads\/2025\/10\/27.-William-Shakespeare-Romeo-and-Juliet.pdf\">26. William Shakespeare Romeo and Juliet<\/a><\/p>\n<p><a href=\"https:\/\/adpuagcabedi.edu.az\/wp-content\/uploads\/2025\/10\/28.-Umberto-Eco-The-Name-of-the-Rose.pdf\">27. Umberto Eco &#8211; The Name of the Rose<\/a><\/p>\n<p><a href=\"https:\/\/adpuagcabedi.edu.az\/wp-content\/uploads\/2025\/10\/29.-The-Oxford-Distionaru-Curret-Endlish.pdf\">28. The Oxford Distionaru Curret Endlish<\/a><\/p>\n<p><a href=\"https:\/\/adpuagcabedi.edu.az\/wp-content\/uploads\/2025\/10\/30.-Ingilis-dili.pdf\">29. \u0130ngilis dili<\/a><\/p>\n<p><a href=\"https:\/\/adpuagcabedi.edu.az\/wp-content\/uploads\/2025\/10\/31.-Sylvia-Browne-End-of-Days.pdf\">30. Sylvia Browne &#8211; End of Days<\/a><\/p>\n<p><a href=\"https:\/\/adpuagcabedi.edu.az\/wp-content\/uploads\/2025\/10\/32.-Ingilisc\u0259-Az\u0259rbaycanca-lug\u0259t.pdf\">31. \u0130ngilisc\u0259 -Az\u0259rbaycanca l\u00fcg\u0259t<\/a><\/p>\n<p><a href=\"https:\/\/adpuagcabedi.edu.az\/wp-content\/uploads\/2025\/10\/33.-Jack-London-The-Sea-Wolf.pdf\">32. Jack London The Sea Wolf<\/a><\/p>\n<p><a href=\"https:\/\/adpuagcabedi.edu.az\/wp-content\/uploads\/2025\/10\/34.-Jojo-Moyes-After-You.pdf\">33. Jojo Moyes &#8211; After You<\/a><\/p>\n<p><a href=\"https:\/\/adpuagcabedi.edu.az\/wp-content\/uploads\/2025\/10\/35.-Jojo-Moyes-Me-Before-You.pdf\">34. Jojo Moyes &#8211; Me Before You<\/a><\/p>\n<p><a href=\"https:\/\/adpuagcabedi.edu.az\/wp-content\/uploads\/2025\/10\/36.-Langenscheidt.-Schulvrbuch-Endilisch.pdf\">35. Langenscheidt. Schulv[rbuch Endilisch.<\/a><\/p>\n<p><a href=\"https:\/\/adpuagcabedi.edu.az\/wp-content\/uploads\/2025\/10\/37.-M.-M\u0259mm\u0259dova.-Ingilis-dilinin-qramatikasi.pdf\">36. M. M\u0259mm\u0259dova. \u0130ngilis dilinin qramatikas\u0131.<\/a><\/p>\n<p><a href=\"https:\/\/adpuagcabedi.edu.az\/wp-content\/uploads\/2025\/10\/38.-Mark-Twain-THE-ADVENTURES-OF-TOM-SAWYER.pdf\">37. Mark Twain THE ADVENTURES OF TOM SAWYER<\/a><\/p>\n<p><a href=\"https:\/\/adpuagcabedi.edu.az\/wp-content\/uploads\/2025\/10\/39.-Martin-Hevings.-Advanced-Grammar-in.pdf\">38. Martin Hevings. Advanced Grammar in<\/a><\/p>\n<p><a href=\"https:\/\/adpuagcabedi.edu.az\/wp-content\/uploads\/2025\/10\/40.-N.-Abdurr\u0259hmanova.-Ingilis-dilinin-qramatikasi.pdf\">39. N. Abdurr\u0259hmanova. \u0130ngilis dilinin qramatikas\u0131.<\/a><\/p>\n<p><a href=\"https:\/\/adpuagcabedi.edu.az\/wp-content\/uploads\/2025\/10\/41.-Nev-Headvay-Advanced-Students.pdf\">40. Nev Headvay Advanced Students<\/a><\/p>\n<p><a href=\"https:\/\/adpuagcabedi.edu.az\/wp-content\/uploads\/2025\/10\/42.-Nev-Headvay-Advanted-Vorkbook.pdf\">41. Nev Headvay Advanted Vorkbook<\/a><\/p>\n<p><a href=\"https:\/\/adpuagcabedi.edu.az\/wp-content\/uploads\/2025\/10\/43.-Nev-Heardvay-Upper-Intermediate-Teacher-Guide.pdf\">42. Nev Heardvay Upper \u0130ntermediate Teacher Guide<\/a><\/p>\n<p><a href=\"https:\/\/adpuagcabedi.edu.az\/wp-content\/uploads\/2025\/10\/44.-Nev-hEARDVAY-UPPER-iNTERMEDIATE-VORDBOOK.pdf\">43. Nev hEARDVAY UPPER iNTERMED\u0130ATE VORDBOOK<\/a><\/p>\n<p><a href=\"https:\/\/adpuagcabedi.edu.az\/wp-content\/uploads\/2025\/10\/45.-Nov-Headvay-Advanters-Guide.pdf\">44. Nov Headvay Advanters Guide<\/a><\/p>\n<p><a href=\"https:\/\/adpuagcabedi.edu.az\/wp-content\/uploads\/2025\/10\/46.-Solomon-Northup-Twelve-Years-a-Slave.pdf\">45. Solomon Northup Twelve Years a Slave<\/a><\/p>\n<p><a href=\"https:\/\/adpuagcabedi.edu.az\/wp-content\/uploads\/2025\/10\/47.-Patrick-Suskind-Perfume.pdf\">46. Patrick Suskind &#8211; Perfume<\/a><\/p>\n<p><a href=\"https:\/\/adpuagcabedi.edu.az\/wp-content\/uploads\/2025\/10\/48.-R.-Murphu.-English-Grammer-in-Use.pdf\">47. R. Murphu. English Grammer in Use<\/a><\/p>\n<p><a href=\"https:\/\/adpuagcabedi.edu.az\/wp-content\/uploads\/2025\/10\/49.-R.-Murphu.-Essentral-Grammar-in-Use.pdf\">48. R. Murphu. Essentral Grammar in Use<\/a><\/p>\n<p><a href=\"https:\/\/adpuagcabedi.edu.az\/wp-content\/uploads\/2025\/10\/50.-Aace2-Face-Advanced-Vookbook.pdf\">49. Aace2 Face Advanced Vookbook.<\/a><\/p>\n<p><a href=\"https:\/\/adpuagcabedi.edu.az\/wp-content\/uploads\/2025\/10\/51.-Rick-Riordan-The-Lost-Hero.pdf\">50. Rick Riordan The Lost Hero <\/a><\/p>\n<p><a href=\"https:\/\/adpuagcabedi.edu.az\/wp-content\/uploads\/2025\/10\/52.-S.-Almm\u0259dova.-ingilis-dilind\u0259-zamanlar-sistemi.pdf\">51. S. Almm\u0259dova. ingilis dilind\u0259 zamanlar sistemi.<\/a><\/p>\n<p><a href=\"https:\/\/adpuagcabedi.edu.az\/wp-content\/uploads\/2025\/10\/53.-School-dictionary.pdf\">52. School dictionary.<\/a><\/p>\n<p><a href=\"https:\/\/adpuagcabedi.edu.az\/wp-content\/uploads\/2025\/10\/54.-Oxu-materiali-inkluziv-tahsil.pdf\">53. Oxu -materiali -inkluziv- tahsil<\/a><\/p>\n<p><a href=\"https:\/\/adpuagcabedi.edu.az\/wp-content\/uploads\/2025\/10\/55.-Politologiya-fenni.pdf\">54. Politologiya -fenni<\/a><\/p>\n<p><a href=\"https:\/\/adpuagcabedi.edu.az\/wp-content\/uploads\/2025\/10\/56.-C.-Huseynov.-Politologiya-d\u0259rsliyi-t\u0259z\u0259.pdf\">55<\/a><a href=\"https:\/\/adpuagcabedi.edu.az\/wp-content\/uploads\/2025\/10\/56.-C.-Huseynov.-Politologiya-d\u0259rsliyi-t\u0259z\u0259.pdf\">. C. H\u00fcseynov. Politologiya d\u0259rsliyi t\u0259z\u0259<\/a><\/p>\n<p><a href=\"https:\/\/adpuagcabedi.edu.az\/wp-content\/uploads\/2025\/10\/57.-R-.-Mehdiyev-.-Multukulturalizm\u0259-giris.pdf\">56. R . Mehdiyev . Multukulturalizm\u0259 giri\u015f.<\/a><\/p>\n<p><a href=\"https:\/\/adpuagcabedi.edu.az\/wp-content\/uploads\/2025\/10\/58.-N.-M\u0259mm\u0259dli.-Multukulturalizm.pdf\">57. N. M\u0259mm\u0259dli. Multukulturalizm.<\/a><\/p>\n<p><a href=\"https:\/\/adpuagcabedi.edu.az\/wp-content\/uploads\/2025\/10\/60.-F.-Ibrahimov.-PEDAQOGIKA.pdf\">58. F. \u0130brahimov. PEDAQOGIKA<\/a><\/p>\n<p><a href=\"https:\/\/adpuagcabedi.edu.az\/wp-content\/uploads\/2025\/10\/61.-R.-Humb\u0259t\u0259liyev.-T\u0259hsild\u0259-IKT.pdf\">59. R. H\u00fcmb\u0259t\u0259liyev. T\u0259hsild\u0259 \u0130KT<\/a><\/p>\n<p><a href=\"https:\/\/adpuagcabedi.edu.az\/wp-content\/uploads\/2025\/10\/62.-X.-Novruzova.-Informatikanin-t\u0259drisi-metodikasi.-1-4-Sinifl\u0259r.pdf\">60. X. Novruzova. \u0130nformatikan\u0131n t\u0259drisi metodikas\u0131. (1-4 Sinifl\u0259r)<\/a><\/p>\n<p><a href=\"https:\/\/adpuagcabedi.edu.az\/wp-content\/uploads\/2025\/10\/63.-Q.-Skirbekk.-N.-Gilye.-Felsefe-tarixi.pdf\">61. Q. Skirbekk. N. Gilye. Felsefe- tarixi<\/a><\/p>\n<p><a href=\"https:\/\/adpuagcabedi.edu.az\/wp-content\/uploads\/2025\/10\/64.-N.-Huseynova.-Inkluziv-t\u0259hsil-pdf.pdf\">62. N. H\u00fcseynova. \u0130nkl\u00fcziv t\u0259hsil pdf<\/a><\/p>\n<p><a href=\"https:\/\/adpuagcabedi.edu.az\/wp-content\/uploads\/2025\/10\/65.-NURIYEVA-I-T.-AZERBAYCAN-TARIXI-2024-pdf.pdf\">63. NUR\u0130YEVA \u0130, T.- AZ\u018fRBAYCAN TAR\u0130X\u0130 2024-pdf<\/a><\/p>\n<p><a href=\"https:\/\/adpuagcabedi.edu.az\/wp-content\/uploads\/2025\/10\/66.-A.-Sukurov.-F\u0259ls\u0259f\u0259.pdf\">64. A. \u015e\u00fck\u00fcrov. F\u0259ls\u0259f\u0259.<\/a><\/p>\n<p><a href=\"https:\/\/adpuagcabedi.edu.az\/wp-content\/uploads\/2025\/10\/67.-K.-Sukurov-.Az\u0259rbaycan-tarixi.pdf\">65. K. \u015e\u00fck\u00fcrov .Az\u0259rbaycan tarixi<\/a><\/p>\n<p><a href=\"https:\/\/adpuagcabedi.edu.az\/wp-content\/uploads\/2025\/10\/68.-Politologiya-fenni.pdf\">66. Politologiya- fenni<\/a><\/p>\n<p><a href=\"https:\/\/adpuagcabedi.edu.az\/wp-content\/uploads\/2025\/10\/69.-H.-Q\u0259niyev.-Az\u0259rbaycan-tarixi.pdf\">67. H. Q\u0259niyev. Az\u0259rbaycan tarixi<\/a><\/p>\n<p><a href=\"https:\/\/adpuagcabedi.edu.az\/wp-content\/uploads\/2025\/10\/70.-H-.O.-Ocaqov.-Mulki-mudafi\u0259-muhafiz\u0259-.pdf\">68. H .O. O\u00e7aqov. M\u00fclki m\u00fcdafi\u0259 ( m\u00fchafiz\u0259 )<\/a><\/p>\n<p><a href=\"https:\/\/adpuagcabedi.edu.az\/wp-content\/uploads\/2025\/10\/71-.M.-Bagirzad\u0259.-S.-Altay.-Multikulturalizme_giris.pdf\">69 .M. Bag\u0131rzad\u0259. S. Altay. Multikulturalizme_giri\u015f<\/a><\/p>\n<p><a href=\"https:\/\/adpuagcabedi.edu.az\/wp-content\/uploads\/2025\/10\/72.-Mulki-mudafi\u0259.pdf\">70. M\u00fclki m\u00fcdafi\u0259<\/a><\/p>\n<p><a href=\"https:\/\/adpuagcabedi.edu.az\/wp-content\/uploads\/2025\/10\/73.-A.-M\u0259mm\u0259dov.-Fovq\u0259lad\u0259-hallarda-mulki-mudafiy\u0259-tibb-xidm\u0259tinin-t\u0259skili.pdf\">71. A. M\u0259mm\u0259dov. F\u00f6vq\u0259lad\u0259 hallarda m\u00fclki m\u00fcdafiy\u0259 tibb xidm\u0259tinin t\u0259\u015fkili<\/a><\/p>\n<p><a href=\"https:\/\/adpuagcabedi.edu.az\/wp-content\/uploads\/2025\/10\/74.-E.-Pasayev.-Pedoqogika.pdf\">72. \u018f. Pa\u015fayev. Pedoqogika<\/a><\/p>\n<p><a href=\"https:\/\/adpuagcabedi.edu.az\/wp-content\/uploads\/2025\/10\/75.-F\u0259ls\u0259f\u0259nin-\u0259salari.pdf\">73. F\u0259ls\u0259f\u0259nin \u0259salar\u0131.<\/a><\/p>\n<p><a href=\"https:\/\/adpuagcabedi.edu.az\/wp-content\/uploads\/2025\/10\/76.-M.-H\u0259mz\u0259yev.-psixologiya.pdf\">74. M. H\u0259mz\u0259yev. psixologiya<\/a><\/p>\n<p><a href=\"https:\/\/adpuagcabedi.edu.az\/wp-content\/uploads\/2025\/10\/77.-E.-Bayramov.-E.-Elizad\u0259.-Psixologiya.pdf\">75. \u018f. Bayramov. \u018f. \u018flizad\u0259. Psixologiya.<\/a><\/p>\n<p><a href=\"https:\/\/adpuagcabedi.edu.az\/wp-content\/uploads\/2025\/10\/78.-I.-Seyidov.-M.-E.-H\u0259mz\u0259yev.-Umumi-psixologiya.pdf\">76. \u0130. Seyidov. M. \u018f. H\u0259mz\u0259yev. Umumi- psixologiya<\/a><\/p>\n<p><a href=\"https:\/\/adpuagcabedi.edu.az\/wp-content\/uploads\/2025\/10\/79.-Umumi-Pedaqogika.pdf\">77. Umumi Pedaqogika<\/a><\/p>\n<p><a href=\"https:\/\/adpuagcabedi.edu.az\/wp-content\/uploads\/2025\/10\/80.-C.-Huseynov-.-Politologiya-d\u0259rsliyi-t\u0259z\u0259.pdf\">78. C. H\u00fcseynov . Politologiya d\u0259rsliyi t\u0259z\u0259<\/a><\/p>\n<p>&nbsp;<\/p>\n<p>&nbsp;<\/p>\n","protected":false},"excerpt":{"rendered":"<p>1. A. Abbasov. English for first couse students 2. A. Abbasov. Az\u0259rbaycanca- \u0130ngilisc\u0259 paremoloji vahidl\u0259r. 3. A. Hac\u0131yeva. English stylistics 4. Agatha Christie &#8211; Murder 5. Agatha Christie Death On The Nile (1) 6. B. Hac\u0131yev. Engilish for the faculties of arts . 7. B. Poladguc. \u0130ngilis dili. 8. C. Quliyev. \u0130ngilis dilinin pratik qramatikas\u0131. [&hellip;]<\/p>\n","protected":false},"author":1,"featured_media":0,"parent":0,"menu_order":0,"comment_status":"closed","ping_status":"closed","template":"","meta":{"_acf_changed":false,"footnotes":""},"class_list":["post-16391","page","type-page","status-publish","hentry"],"acf":[],"_links":{"self":[{"href":"https:\/\/adpuagcabedi.edu.az\/index.php?rest_route=\/wp\/v2\/pages\/16391","targetHints":{"allow":["GET"]}}],"collection":[{"href":"https:\/\/adpuagcabedi.edu.az\/index.php?rest_route=\/wp\/v2\/pages"}],"about":[{"href":"https:\/\/adpuagcabedi.edu.az\/index.php?rest_route=\/wp\/v2\/types\/page"}],"author":[{"embeddable":true,"href":"https:\/\/adpuagcabedi.edu.az\/index.php?rest_route=\/wp\/v2\/users\/1"}],"replies":[{"embeddable":true,"href":"https:\/\/adpuagcabedi.edu.az\/index.php?rest_route=%2Fwp%2Fv2%2Fcomments&post=16391"}],"version-history":[{"count":4,"href":"https:\/\/adpuagcabedi.edu.az\/index.php?rest_route=\/wp\/v2\/pages\/16391\/revisions"}],"predecessor-version":[{"id":16501,"href":"https:\/\/adpuagcabedi.edu.az\/index.php?rest_route=\/wp\/v2\/pages\/16391\/revisions\/16501"}],"wp:attachment":[{"href":"https:\/\/adpuagcabedi.edu.az\/index.php?rest_route=%2Fwp%2Fv2%2Fmedia&parent=16391"}],"curies":[{"name":"wp","href":"https:\/\/api.w.org\/{rel}","templated":true}]}}