{"id":14366,"date":"2025-04-01T14:16:29","date_gmt":"2025-04-01T10:16:29","guid":{"rendered":"https:\/\/adpuagcabedi.edu.az\/?page_id=14366"},"modified":"2025-04-04T16:30:52","modified_gmt":"2025-04-04T12:30:52","slug":"ibtidai-sinif-mu%c9%99llimliyi","status":"publish","type":"page","link":"https:\/\/adpuagcabedi.edu.az\/?page_id=14366","title":{"rendered":"M\u0259kt\u0259b\u0259q\u0259d\u0259r t\u0259hsil"},"content":{"rendered":"<p><a href=\"https:\/\/adpuagcabedi.edu.az\/wp-content\/uploads\/2025\/04\/1.-F.Ibrahimov.PEDAQOGIKA.pdf\">1. F.\u0130brahimov.PEDAQOGIKA<\/a><\/p>\n<p><a href=\"https:\/\/adpuagcabedi.edu.az\/wp-content\/uploads\/2025\/04\/2.C.Huseynov.-Politologiya-d\u0259rsliyi-t\u0259z\u0259.pdf\">2.C.H\u00fcseynov. Politologiya d\u0259rsliyi t\u0259z\u0259<\/a><\/p>\n<p><a href=\"https:\/\/adpuagcabedi.edu.az\/wp-content\/uploads\/2025\/04\/3.-M\u0259kt\u0259b\u0259-hazirligin-t\u0259skili-Qaydalari_nin-t\u0259sdiq-edilm\u0259si-haqqinda.pdf\">3. M\u0259kt\u0259b\u0259 haz\u0131rl\u0131\u011f\u0131n t\u0259\u015fkili Qaydalar\u0131_n\u0131n t\u0259sdiq edilm\u0259si haqq\u0131nda<\/a><\/p>\n<p><a href=\"https:\/\/adpuagcabedi.edu.az\/wp-content\/uploads\/2025\/04\/4.S.Mut\u0259llimov.-Etraf-al\u0259m-v\u0259-t\u0259bi\u0259tl\u0259-tanisliq-metodikasi-1.pdf\">4.S.M\u00fct\u0259llimov. \u018ftraf-al\u0259m-v\u0259-t\u0259bi\u0259tl\u0259-tan\u0131\u015fl\u0131q-metodikas\u0131-1<\/a><\/p>\n<p><a href=\"https:\/\/adpuagcabedi.edu.az\/wp-content\/uploads\/2025\/04\/5.N.Huseynova.-Inkluziv-t\u0259hsil-pdf.pdf\">5.N.H\u00fcseynova. \u0130nkl\u00fcziv t\u0259hsil pdf<\/a><\/p>\n<p><a href=\"https:\/\/adpuagcabedi.edu.az\/wp-content\/uploads\/2025\/04\/6.-S.K\u0259rimov.-S.H\u0259bibullayev.-informatika.pdf\">6. S.K\u0259rimov. S.H\u0259bibullayev. informatika<\/a><\/p>\n<p><a href=\"https:\/\/adpuagcabedi.edu.az\/wp-content\/uploads\/2025\/04\/7.K.Abdullayev.-Az\u0259rbaycan-multikulturalizm.pdf\">7.K.Abdullayev. Az\u0259rbaycan multikulturalizm<\/a><\/p>\n<p><a href=\"https:\/\/adpuagcabedi.edu.az\/wp-content\/uploads\/2025\/04\/8.-E.E.Eliyev.-Informatikanin-\u0259saslari.pdf\">8. \u018f.\u018f.\u018fliyev. \u0130nformatikan\u0131n \u0259saslar\u0131.<\/a><\/p>\n<p><a href=\"https:\/\/adpuagcabedi.edu.az\/wp-content\/uploads\/2025\/04\/10.-Y.S.-K\u0259rimov-m\u0259kt\u0259b\u0259q\u0259d\u0259r-yasli-usaqlarin-nitq-inkisafinin-metodikasi-Baki-2009.pdf\">10. Y.\u015e. K\u0259rimov m\u0259kt\u0259b\u0259q\u0259d\u0259r ya\u015fl\u0131 u\u015faqlar\u0131n nitq inki\u015faf\u0131n\u0131n metodikas\u0131 Bak\u0131 2009<\/a><\/p>\n<p><a href=\"https:\/\/adpuagcabedi.edu.az\/wp-content\/uploads\/2025\/04\/12.A.M\u0259mm\u0259dov.-tibbi-bilikl\u0259r-ilkin-tibbi-yardim.pdf\">12.A.M\u0259mm\u0259dov. tibbi bilikl\u0259r ilkin tibbi yard\u0131m<\/a><\/p>\n<p><a href=\"https:\/\/adpuagcabedi.edu.az\/wp-content\/uploads\/2025\/04\/13.N.R.Zeyniyev.A.H.Axundov.-Usaq-Anatomiyasi-Fiziologiyasi-v\u0259-Gigiyenasi.pdf\">13.N.R.Zeyniyev.A.H.Axundov. U\u015faq Anatomiyas\u0131, Fiziologiyas\u0131 v\u0259 Gigiyenas\u0131<\/a><\/p>\n<p><a href=\"https:\/\/adpuagcabedi.edu.az\/wp-content\/uploads\/2025\/04\/14-.M.Ef\u0259ndiyev.P0oliotologiya.pdf\">14 .M.\u018ff\u0259ndiyev.P0oliotologiya<\/a><\/p>\n<p><a href=\"https:\/\/adpuagcabedi.edu.az\/wp-content\/uploads\/2025\/04\/15.L.Emrahli.N.Rzayeva.-Usaq-psixologiyasi.pdf\">15.L.\u018fmrahl\u0131.N.Rzayeva. U\u015faq psixologiyas\u0131<\/a><\/p>\n<p><a href=\"https:\/\/adpuagcabedi.edu.az\/wp-content\/uploads\/2025\/04\/16.Z.M.Ezizov.R.Q.C\u0259f\u0259rova.-Loqopediyanin_n\u0259z\u0259ri_\u0259saslari-1.pdf\">16.Z.M.\u018fzizov.R.Q.C\u0259f\u0259rova. Loqopediyanin_n\u0259z\u0259ri_\u0259saslari<\/a><\/p>\n<p><a href=\"https:\/\/adpuagcabedi.edu.az\/wp-content\/uploads\/2025\/04\/17.A.N.Haciyev.-E.H.M\u0259mm\u0259dov.-Multukulturalizm\u0259-giris-1.pdf\">17.A.N.Hac\u0131yev. E.H.M\u0259mm\u0259dov. Multukulturalizm\u0259 giri\u015f.<\/a><\/p>\n<p><a href=\"https:\/\/adpuagcabedi.edu.az\/wp-content\/uploads\/2025\/04\/19.AsRust\u0259mov.E.Seyidzad\u0259.-Inkisaf-ucun-IKT-nin-t\u0259tbiqi-1.pdf\">19.A\u015fR\u00fcst\u0259mov.E.Seyidzad\u0259. \u0130nki\u015faf \u00fc\u00e7\u00fcn \u0130KT-nin t\u0259tbiqi<\/a><\/p>\n<p><a href=\"https:\/\/adpuagcabedi.edu.az\/wp-content\/uploads\/2025\/04\/20.S.Eliyeva.-Etnopedaqogikanin-\u0259saslari-1.docx\">20.S.\u018fliyeva. Etnopedaqogikan\u0131n \u0259saslar\u0131<\/a><\/p>\n<p><a href=\"https:\/\/adpuagcabedi.edu.az\/wp-content\/uploads\/2025\/04\/21.-Yas-v\u0259-pedaqoji-psixologiya-1.pdf\">21. Ya\u015f v\u0259 pedaqoji psixologiya.<\/a><\/p>\n<p><a href=\"https:\/\/adpuagcabedi.edu.az\/wp-content\/uploads\/2025\/04\/23.-Maktabda-psixoloji-isin-taskili-oxu-materiali.pdf\">23. Maktabda-psixoloji-isin-taskili-oxu-materiali<\/a><\/p>\n<p><a href=\"https:\/\/adpuagcabedi.edu.az\/wp-content\/uploads\/2025\/04\/24.-A.A.Aqayev-.Y.T-.Rzayeva-Sosial-pedaqogika-1.pdf\">24. A.A.Aqayev .Y.T .Rzayeva Sosial pedaqogika<\/a><\/p>\n<p><a href=\"https:\/\/adpuagcabedi.edu.az\/wp-content\/uploads\/2025\/04\/25.-A.Qadirov.-Yas-psixologiyasi-1.pdf\">25. A.Qadirov. Ya\u015f psixologiyasi<\/a><\/p>\n<p><a href=\"https:\/\/adpuagcabedi.edu.az\/wp-content\/uploads\/2025\/04\/26.-A.M\u0259mm\u0259dova-Usaq-baxcasinda-besyaslilarin-m\u0259kt\u0259b\u0259-hazirlanmasi-1.pdf\">26. A.M\u0259mm\u0259dova U\u015faq bax\u00e7as\u0131nda be\u015fya\u015fl\u0131lar\u0131n m\u0259kt\u0259b\u0259 haz\u0131rlanmas\u0131.<\/a><\/p>\n<p><a href=\"https:\/\/adpuagcabedi.edu.az\/wp-content\/uploads\/2025\/04\/28.-S.Eliyeva.Ali_mekteb_pedaqogikasi_ders_vasaiti-1.pdf\">28. S.\u018fliyeva.Ali_mekteb_pedaqogikasi_ders_vasaiti<\/a><\/p>\n<p><a href=\"https:\/\/adpuagcabedi.edu.az\/wp-content\/uploads\/2025\/04\/29.-E.Abbasov.Az\u0259rbaycan-Respublikasinda-M\u0259kt\u0259b\u0259q\u0259d\u0259r-T\u0259hsil-Proqrami-.Kurikulumu-2.pdf\">29. \u018f.Abbasov.Az\u0259rbaycan Respublikas\u0131nda M\u0259kt\u0259b\u0259q\u0259d\u0259r T\u0259hsil Proqram\u0131 .(Kurikulumu)<\/a><\/p>\n<p><a href=\"https:\/\/adpuagcabedi.edu.az\/wp-content\/uploads\/2025\/04\/30.-H.Q\u0259niyev.Az\u0259rbaycan-tarixi.pdf\">30. H.Q\u0259niyev.Az\u0259rbaycan tarixi<\/a><\/p>\n<p><a href=\"https:\/\/adpuagcabedi.edu.az\/wp-content\/uploads\/2025\/04\/31.-B.Quliyev.-Fiziki-t\u0259rbiy\u0259nin-n\u0259z\u0259ri-metodik-v\u0259-pratik-isl\u0259rininin-\u0259salari-1.pdf\">31. B.Quliyev. Fiziki t\u0259rbiy\u0259nin n\u0259z\u0259ri-metodik v\u0259 pratik i\u015fl\u0259rininin \u0259salar\u0131.<\/a><\/p>\n<p><a href=\"https:\/\/adpuagcabedi.edu.az\/wp-content\/uploads\/2025\/04\/32.-E.Pasayev.pedoqogika-1.pdf\">32. \u018f.Pa\u015fayev.pedoqogika<\/a><\/p>\n<p><a href=\"https:\/\/adpuagcabedi.edu.az\/wp-content\/uploads\/2025\/04\/33.-E.Pasayuv.-F.Rust\u0259mov.-pedoqogika.pdf\">33. \u018f.Pa\u015fay\u00fcv. F.R\u00fcst\u0259mov. pedoqogika<\/a><\/p>\n<p><a href=\"https:\/\/adpuagcabedi.edu.az\/wp-content\/uploads\/2025\/04\/34.S.Mut\u0259llimova.-Etraf-al\u0259m-v\u0259-t\u0259bi\u0259tl\u0259-tanisliq-metodikasi-1.pdf\">34.S.M\u00fct\u0259llimova. \u018ftraf-al\u0259m-v\u0259-t\u0259bi\u0259tl\u0259-tan\u0131\u015fl\u0131q-metodikas\u0131-1<\/a><\/p>\n<p><a href=\"https:\/\/adpuagcabedi.edu.az\/wp-content\/uploads\/2025\/04\/35.-Firudun-Ibrahimov.-Pedaqogika-I-CILD.pdf\">35. Firudun-Ibrahimov.-Pedaqogika-I-CILD<\/a><\/p>\n<p><a href=\"https:\/\/adpuagcabedi.edu.az\/wp-content\/uploads\/2025\/04\/36.-H.O.Ocaqov-Mulki-mudafi\u0259-muhafiz\u0259-.pdf\">36. H.O.O\u00e7aqov M\u00fclki m\u00fcdafi\u0259 ( m\u00fchafiz\u0259 )<\/a><\/p>\n<p><a href=\"https:\/\/adpuagcabedi.edu.az\/wp-content\/uploads\/2025\/04\/37.-V.M\u0259mm\u0259d.-Xususi-pedaqogika-1.pdf\">37. V.M\u0259mm\u0259d. X\u00fcsusi pedaqogika<\/a><\/p>\n<p><a href=\"https:\/\/adpuagcabedi.edu.az\/wp-content\/uploads\/2025\/04\/38.X.Novruzova.-Informatika-v\u0259-ITM-2.pdf\">38.X.Novruzova. Informatika v\u0259 \u0130TM<\/a><\/p>\n<p><a href=\"https:\/\/adpuagcabedi.edu.az\/wp-content\/uploads\/2025\/04\/39.M.Elizad\u0259.-M.Salmanova.-INFORMATIKA-DERSLIK-son-variant.pdf\">39.M.\u018flizad\u0259. M.Salmanova. INFORMATIKA-DERSLIK-son-variant<\/a><\/p>\n<p><a href=\"https:\/\/adpuagcabedi.edu.az\/wp-content\/uploads\/2025\/04\/40.S.Eliyeva.-X.H\u0259midova.-Inkishafetdirici_Destekleyici_ve_Tehlukesiz_Muhitin_Yaradilmasi.pdf\">40.\u015e.\u018fliyeva. X.H\u0259midova. Inkishafetdirici_Destekleyici_ve_Tehlukesiz_Muhitin_Yaradilmasi<\/a><\/p>\n<p><a href=\"https:\/\/adpuagcabedi.edu.az\/wp-content\/uploads\/2025\/04\/41.L.R\u0259fiyeva.M.M\u0259mm\u0259dova.-Inkluziv_Tehsile_Celb_Olunan_Ushaqlarla_Ishin_Aparilmasi.pdf\">41.L.R\u0259fiyeva.M.M\u0259mm\u0259dova. Inkluziv_Tehsile_Celb_Olunan_Ushaqlarla_Ishin_Aparilmasi<\/a><\/p>\n<p><a href=\"https:\/\/adpuagcabedi.edu.az\/wp-content\/uploads\/2025\/04\/42.-Kazimov-.N.Tatbiqi-pedaqogika.pdf\">42. Kazimov .N.Tatbiqi pedaqogika<\/a><\/p>\n<p><a href=\"https:\/\/adpuagcabedi.edu.az\/wp-content\/uploads\/2025\/04\/43.-tehsil-sisteminde-psixoloji-xidmet-ii-hisse-kitab-1.pdf\">43. tehsil-sisteminde-psixoloji-xidmet-ii-hisse-kitab<\/a><\/p>\n<p><a href=\"https:\/\/adpuagcabedi.edu.az\/wp-content\/uploads\/2025\/04\/44.L.C\u0259f\u0259rova.-K.Salayev.-M\u0259kt\u0259b\u0259-hazirlasiriq-1-ci-hissa-1.pdf\">44.L.C\u0259f\u0259rova. K.Salayev. M\u0259kt\u0259b\u0259-hazirlasiriq-1-ci-hissa<\/a><\/p>\n<p><a href=\"https:\/\/adpuagcabedi.edu.az\/wp-content\/uploads\/2025\/04\/45.-L.Qasimova.-R.Mahmudova.-Pedaqogika.pdf\">45. L.Qas\u0131mova. R.Mahmudova. Pedaqogika<\/a><\/p>\n<p><a href=\"https:\/\/adpuagcabedi.edu.az\/wp-content\/uploads\/2025\/04\/46.-M\u0259ktabahazirliq-qruplarinda-isin-taskili-metodikasi-istirakci-vasaiti.pdf\">46. M\u0259ktabahazirliq-qruplarinda-isin-taskili-metodikasi-istirakci-vasaiti<\/a><\/p>\n<p><a href=\"https:\/\/adpuagcabedi.edu.az\/wp-content\/uploads\/2025\/04\/48.-Mektebeqder-tehsilin-kurikulumu-layihe.pdf\">48. Mektebeqder-tehsilin-kurikulumu-layihe<\/a><\/p>\n<p><a href=\"https:\/\/adpuagcabedi.edu.az\/wp-content\/uploads\/2025\/04\/49.-M\u0259kt\u0259b\u0259q\u0259d\u0259r-t\u0259hsil-proqrami-kurikulum-1.pdf\">49. M\u0259kt\u0259b\u0259q\u0259d\u0259r t\u0259hsil proqram\u0131 (kurikulum)<\/a><\/p>\n<p><a href=\"https:\/\/adpuagcabedi.edu.az\/wp-content\/uploads\/2025\/04\/50.-M\u0259kt\u0259b-t\u0259limin\u0259-hazirligin-\u0259saslari-MTT-III-kurs.docx\">50. M\u0259kt\u0259b-t\u0259limin\u0259-haz\u0131rl\u0131\u011f\u0131n-\u0259saslar\u0131-MTT-III-kurs<\/a><\/p>\n<p><a href=\"https:\/\/adpuagcabedi.edu.az\/wp-content\/uploads\/2025\/04\/51.-N.Kazimov.T\u0259tbiqi-pedaqogika-pdf.pdf\">51. N.Kaz\u0131mov.T\u0259tbiqi-pedaqogika-pdf<\/a><\/p>\n<p><a href=\"https:\/\/adpuagcabedi.edu.az\/wp-content\/uploads\/2025\/04\/52.-Inkluziv-sinifda-talimin-taskili-oxu-materiali.pdf\">52. \u0130nkluziv-sinifda-talimin-taskili-oxu-materiali<\/a><\/p>\n<p><a href=\"https:\/\/adpuagcabedi.edu.az\/wp-content\/uploads\/2025\/04\/53T.M.M\u0259mm\u0259dov.-Z.M.Isayeva.-Pedaqogika-v\u0259-Psixologiya.pdf\">53T.M.M\u0259mm\u0259dov. Z.M.\u0130sayeva. Pedaqogika v\u0259 Psixologiya<\/a><\/p>\n<p><a href=\"https:\/\/adpuagcabedi.edu.az\/wp-content\/uploads\/2025\/04\/54.Y.Talibov.E.Agayev.-Pedaqogika.pdf\">54.Y.Tal\u0131bov.\u018f.Agayev. Pedaqogika<\/a><\/p>\n<p><a href=\"https:\/\/adpuagcabedi.edu.az\/wp-content\/uploads\/2025\/04\/55.F.Mirz\u0259yev.-X.Rust\u0259mova.-Pedoqoji-Ustaliq-derslik-2.pdf\">55.F.Mirz\u0259yev. X.R\u00fcst\u0259mova. Pedoqoji-Ustaliq-derslik-2<\/a><\/p>\n<p><a href=\"https:\/\/adpuagcabedi.edu.az\/wp-content\/uploads\/2025\/04\/56.-prof.-NURIYEVA-IT.-AZERBAYCAN-TARIXI-2024-pdf.pdf\">56. prof. NUR\u0130YEVA \u0130,T.-AZ\u018fRBAYCAN TAR\u0130X\u0130 2024-pdf<\/a><\/p>\n<p><a href=\"https:\/\/adpuagcabedi.edu.az\/wp-content\/uploads\/2025\/04\/57.-R.Huseynzad\u0259.-Pedaqogika.pdf\">57. R.H\u00fcseynzad\u0259. Pedaqogika<\/a><\/p>\n<p><a href=\"https:\/\/adpuagcabedi.edu.az\/wp-content\/uploads\/2025\/04\/73.T.F.Eliyeva.-R.Y.Qasimov.-azerbaycan_tariximuhazireler_toplusuqiyabi-1.pdf\">73.T.F.\u018fliyeva. R.Y.Qas\u0131mov. azerbaycan_tariximuhazireler_toplusuqiyabi<\/a><\/p>\n<p><a href=\"https:\/\/adpuagcabedi.edu.az\/wp-content\/uploads\/2025\/04\/75I.Huseynov.-Az\u0259rbaycanin-milli-ad\u0259r-v\u0259-\u0259n\u0259n\u0259l\u0259rinin-b\u0259dii-estetik-mahiyy\u0259ti-1.pdf\">75\u0130.H\u00fcseynov. Az\u0259rbaycan\u0131n milli ad\u0259r v\u0259 \u0259n\u0259n\u0259l\u0259rinin b\u0259dii-estetik mahiyy\u0259ti.<\/a><\/p>\n<p><a href=\"https:\/\/adpuagcabedi.edu.az\/wp-content\/uploads\/2025\/04\/76.Y.S.K\u0259rimov.-Ibtidai-m\u0259kt\u0259b-v\u0259-M\u0259kt\u0259b\u0259q\u0259d\u0259r-t\u0259rbiy\u0259-1.pdf\">76.Y.S.K\u0259rimov. \u0130btidai m\u0259kt\u0259b v\u0259 M\u0259kt\u0259b\u0259q\u0259d\u0259r t\u0259rbiy\u0259<\/a><\/p>\n<p><a href=\"https:\/\/adpuagcabedi.edu.az\/wp-content\/uploads\/2025\/04\/77.K.C\u0259f\u0259rzad\u0259.-T\u0259sviri-Inc\u0259s\u0259n\u0259t-1.pdf\">77.K.C\u0259f\u0259rzad\u0259. T\u0259sviri \u0130nc\u0259s\u0259n\u0259t.<\/a><\/p>\n<p><a href=\"https:\/\/adpuagcabedi.edu.az\/wp-content\/uploads\/2025\/04\/78.K.N\u0259hm\u0259tovas.Yazi-isinin-t\u0259skili-metodikasi.pdf\">78.K.N\u0259hm\u0259tova\u015f.Yaz\u0131 i\u015finin t\u0259\u015fkili metodikas\u0131.<\/a><\/p>\n<p><a href=\"https:\/\/adpuagcabedi.edu.az\/wp-content\/uploads\/2025\/04\/80.maktabahazirliq-qruplarinda-isin-taskili-metodikasi-istirakci-vasaiti.pdf\">80.maktabahazirliq-qruplarinda-isin-taskili-metodikasi-istirakci-vasaiti<\/a><\/p>\n<p><a href=\"https:\/\/adpuagcabedi.edu.az\/wp-content\/uploads\/2025\/04\/81.M\u0259kt\u0259b\u0259q\u0259d\u0259r-t\u0259hsild\u0259-t\u0259rbiy\u0259ci-v\u0259zif\u0259si-uzr\u0259-mu\u0259lliml\u0259rin-is\u0259-q\u0259bulu-1.pdf\">81.M\u0259kt\u0259b\u0259q\u0259d\u0259r t\u0259hsild\u0259 t\u0259rbiy\u0259\u00e7i v\u0259zif\u0259si \u00fczr\u0259 m\u00fc\u0259lliml\u0259rin i\u015f\u0259 q\u0259bulu<\/a><\/p>\n<p><a href=\"https:\/\/adpuagcabedi.edu.az\/wp-content\/uploads\/2025\/04\/82.L.C\u0259f\u0259rova-M\u0259kt\u0259b\u0259q\u0259d\u0259r-t\u0259hsil-proqraminin-kurikulumun-t\u0259tbiqin\u0259-dair-metodiki-tovsiy\u0259l\u0259r.pdf\">82.L.C\u0259f\u0259rova M\u0259kt\u0259b\u0259q\u0259d\u0259r-t\u0259hsil-proqraminin-kurikulumun-t\u0259tbiqin\u0259-dair-metodiki-tovsiy\u0259l\u0259r<\/a><\/p>\n<p><a href=\"https:\/\/adpuagcabedi.edu.az\/wp-content\/uploads\/2025\/04\/83.L.C\u0259f\u0259rova.-M\u0259kt\u0259q\u0259d\u0259r-T\u0259hsil-mu\u0259ssis\u0259l\u0259ri-ucun-materiallarin-t\u0259lim-materiallarinin-t\u0259xmini-planlasdirilmasi.pdf\">83.L.C\u0259f\u0259rova. M\u0259kt\u0259q\u0259d\u0259r T\u0259hsil m\u00fc\u0259ssis\u0259l\u0259ri \u00fc\u00e7\u00fcn materiallar\u0131n t\u0259lim materiallar\u0131n\u0131n t\u0259xmini planla\u015fd\u0131r\u0131lmas\u0131<\/a><\/p>\n<p><a href=\"https:\/\/adpuagcabedi.edu.az\/wp-content\/uploads\/2025\/04\/84.R.Ef\u0259ndi.-Azerbaycan_inceseneti.pdf\">84.R.\u018ff\u0259ndi. Azerbaycan_inceseneti<\/a><\/p>\n<p><a href=\"https:\/\/adpuagcabedi.edu.az\/wp-content\/uploads\/2025\/04\/85.I.Rust\u0259mov.-SADE-RIYAZI-TESEVVURLERIN-FORMALASDIRILMASI-METODIKASI-MTT-I-kurs-1.docx\">85.\u0130.R\u00fcst\u0259mov. SAD\u018f-R\u0130YAZ\u0130-T\u018fS\u018fVV\u00dcRL\u018fR\u0130N-FORMALA\u015eDIRILMASI-METOD\u0130KASI-MTT-I-kurs<\/a><\/p>\n<p><a href=\"https:\/\/adpuagcabedi.edu.az\/wp-content\/uploads\/2025\/04\/86.Riyaziyyat-fizikainformatika-f\u0259nn-birl\u0259sm\u0259si-Em\u0259nova-T\u0259rav\u0259t-1.pdf\">86.Riyaziyyat-fizika,informatika f\u0259nn birl\u0259\u015fm\u0259si &#8211; \u018fm\u0259nova T\u0259rav\u0259t<\/a><\/p>\n<p><a href=\"https:\/\/adpuagcabedi.edu.az\/wp-content\/uploads\/2025\/04\/87.S.Agayev.-M\u0259kt\u0259b\u0259q\u0259d\u0259r-usaqlarin-yaradiciliq-isl\u0259rinin-t\u0259skili-metodikasi-1.pdf\">87.\u015e.Agayev. M\u0259kt\u0259b\u0259q\u0259d\u0259r u\u015faqlar\u0131n yarad\u0131c\u0131l\u0131q i\u015fl\u0259rinin t\u0259\u015fkili metodikas\u0131.<\/a><\/p>\n<p><a href=\"https:\/\/adpuagcabedi.edu.az\/wp-content\/uploads\/2025\/04\/88.V.Agab\u0259yli.-Linqvokulturologiya-v\u0259-Gender-m\u0259s\u0259l\u0259l\u0259ri-1.pdf\">88.V.Agab\u0259yli. Linqvokulturologiya v\u0259 Gender m\u0259s\u0259l\u0259l\u0259ri.<\/a><\/p>\n<p><a href=\"https:\/\/adpuagcabedi.edu.az\/wp-content\/uploads\/2025\/04\/89.C.H.Huseynov.-_Politologiya-d\u0259rsliyi-t\u0259z\u0259-1.pdf\">89.C.H.H\u00fcseynov. _Politologiya d\u0259rsliyi t\u0259z\u0259<\/a><\/p>\n<p><a href=\"https:\/\/adpuagcabedi.edu.az\/wp-content\/uploads\/2025\/04\/90.H.H.Es\u0259dov.himov-.Usaq-anatomiyasi-1.pdf\">90.H.H.\u018fs\u0259dov&#8230;.himov .U\u015faq anatomiyasi<\/a><\/p>\n<p><a href=\"https:\/\/adpuagcabedi.edu.az\/wp-content\/uploads\/2025\/04\/91.Z.Veysova-F\u0259al-interaktiv-t\u0259lim.pdf\">91.Z.Veysova F\u0259al -interaktiv t\u0259lim.<\/a><\/p>\n<p>&nbsp;<\/p>\n","protected":false},"excerpt":{"rendered":"<p>1. F.\u0130brahimov.PEDAQOGIKA 2.C.H\u00fcseynov. Politologiya d\u0259rsliyi t\u0259z\u0259 3. M\u0259kt\u0259b\u0259 haz\u0131rl\u0131\u011f\u0131n t\u0259\u015fkili Qaydalar\u0131_n\u0131n t\u0259sdiq edilm\u0259si haqq\u0131nda 4.S.M\u00fct\u0259llimov. \u018ftraf-al\u0259m-v\u0259-t\u0259bi\u0259tl\u0259-tan\u0131\u015fl\u0131q-metodikas\u0131-1 5.N.H\u00fcseynova. \u0130nkl\u00fcziv t\u0259hsil pdf 6. S.K\u0259rimov. S.H\u0259bibullayev. informatika 7.K.Abdullayev. Az\u0259rbaycan multikulturalizm 8. \u018f.\u018f.\u018fliyev. \u0130nformatikan\u0131n \u0259saslar\u0131. 10. Y.\u015e. K\u0259rimov m\u0259kt\u0259b\u0259q\u0259d\u0259r ya\u015fl\u0131 u\u015faqlar\u0131n nitq inki\u015faf\u0131n\u0131n metodikas\u0131 Bak\u0131 2009 12.A.M\u0259mm\u0259dov. tibbi bilikl\u0259r ilkin tibbi yard\u0131m 13.N.R.Zeyniyev.A.H.Axundov. U\u015faq Anatomiyas\u0131, Fiziologiyas\u0131 v\u0259 Gigiyenas\u0131 14 [&hellip;]<\/p>\n","protected":false},"author":1,"featured_media":0,"parent":0,"menu_order":0,"comment_status":"closed","ping_status":"closed","template":"","meta":{"_acf_changed":false,"footnotes":""},"class_list":["post-14366","page","type-page","status-publish","hentry"],"acf":[],"_links":{"self":[{"href":"https:\/\/adpuagcabedi.edu.az\/index.php?rest_route=\/wp\/v2\/pages\/14366","targetHints":{"allow":["GET"]}}],"collection":[{"href":"https:\/\/adpuagcabedi.edu.az\/index.php?rest_route=\/wp\/v2\/pages"}],"about":[{"href":"https:\/\/adpuagcabedi.edu.az\/index.php?rest_route=\/wp\/v2\/types\/page"}],"author":[{"embeddable":true,"href":"https:\/\/adpuagcabedi.edu.az\/index.php?rest_route=\/wp\/v2\/users\/1"}],"replies":[{"embeddable":true,"href":"https:\/\/adpuagcabedi.edu.az\/index.php?rest_route=%2Fwp%2Fv2%2Fcomments&post=14366"}],"version-history":[{"count":17,"href":"https:\/\/adpuagcabedi.edu.az\/index.php?rest_route=\/wp\/v2\/pages\/14366\/revisions"}],"predecessor-version":[{"id":14721,"href":"https:\/\/adpuagcabedi.edu.az\/index.php?rest_route=\/wp\/v2\/pages\/14366\/revisions\/14721"}],"wp:attachment":[{"href":"https:\/\/adpuagcabedi.edu.az\/index.php?rest_route=%2Fwp%2Fv2%2Fmedia&parent=14366"}],"curies":[{"name":"wp","href":"https:\/\/api.w.org\/{rel}","templated":true}]}}