{"id":14253,"date":"2025-04-01T20:15:56","date_gmt":"2025-04-01T16:15:56","guid":{"rendered":"https:\/\/adpuagcabedi.edu.az\/?page_id=14253"},"modified":"2025-04-04T00:11:28","modified_gmt":"2025-04-03T20:11:28","slug":"jurnal","status":"publish","type":"page","link":"https:\/\/adpuagcabedi.edu.az\/?page_id=14253","title":{"rendered":"Jurnal"},"content":{"rendered":"<p><a href=\"https:\/\/adpuagcabedi.edu.az\/wp-content\/uploads\/2025\/04\/Ekologiya-v\u0259-\u0259traf-muhitin-muhafiz\u0259si-probleml\u0259ri.pdf\">\u201cEkologiya v\u0259 \u0259traf m\u00fchitin m\u00fchafiz\u0259si probleml\u0259ri.<\/a><\/p>\n<p><a href=\"https:\/\/adpuagcabedi.edu.az\/wp-content\/uploads\/2025\/04\/HEYDER-ELIYEV-VE-MUSTEQIL-AZERBAYCAN-DOVLETI.pdf\">\u201cHEYD\u018fR \u018fL\u0130YEV V\u018f M\u00dcST\u018fQ\u0130L AZ\u018fRBAYCAN D\u00d6VL\u018fT\u0130\u201d<\/a><\/p>\n<p><a href=\"https:\/\/adpuagcabedi.edu.az\/wp-content\/uploads\/2025\/04\/Az\u0259rbaycan-pedaqoji-fikir-tarixind\u0259-Ir\u0259van-Mu\u0259lliml\u0259r-Seminariyasinin-rolu.pdf\">Az\u0259rbaycan pedaqoji fikir tarixind\u0259 \u0130r\u0259van M\u00fc\u0259lliml\u0259r Seminariyas\u0131n\u0131n rolu<\/a><\/p>\n<p><a href=\"https:\/\/adpuagcabedi.edu.az\/wp-content\/uploads\/2025\/04\/G\u0259l\u0259c\u0259y\u0259-baxis-2030.pdf\">G\u0259l\u0259c\u0259y\u0259 bax\u0131\u015f-2030.<\/a><\/p>\n<p><a href=\"https:\/\/adpuagcabedi.edu.az\/wp-content\/uploads\/2025\/04\/Heyd\u0259r-Eliyev-v\u0259-Az\u0259rbaycan-elmi.pdf\">Heyd\u0259r \u018fliyev v\u0259 Az\u0259rbaycan elmi<\/a><\/p>\n<p><a href=\"https:\/\/adpuagcabedi.edu.az\/wp-content\/uploads\/2025\/04\/Heyd\u0259r-Eliyev-v\u0259-Az\u0259rbaycan-g\u0259ncliyi.pdf\">Heyd\u0259r \u018fliyev v\u0259 Az\u0259rbaycan g\u0259ncliyi<\/a><\/p>\n<p><a href=\"https:\/\/adpuagcabedi.edu.az\/wp-content\/uploads\/2025\/04\/Heyd\u0259r-Eliyev-v\u0259-must\u0259qil-Az\u0259rbaycan.pdf\">Heyd\u0259r \u018fliyev v\u0259 m\u00fcst\u0259qil Az\u0259rbaycan<\/a><\/p>\n<p><a href=\"https:\/\/adpuagcabedi.edu.az\/wp-content\/uploads\/2025\/04\/MENIM-AZERBAYCANIM-ADINA-ZEFER-YARASIR2.pdf\">M\u018fN\u0130M AZ\u018fRBAYCANIM, ADINA Z\u018fF\u018fR YARA\u015eIR!\u201d2<\/a><\/p>\n<p><a href=\"https:\/\/adpuagcabedi.edu.az\/wp-content\/uploads\/2025\/04\/MUASIR-GENCLER-VE-ELMI-INNOVASIYALAR.pdf\">M\u00dcAS\u0130R G\u018fNCL\u018fR V\u018f ELM\u0130 \u0130NNOVAS\u0130YALAR<\/a><\/p>\n<p><a href=\"https:\/\/adpuagcabedi.edu.az\/wp-content\/uploads\/2025\/04\/Soz-mulkunun-sultani-m\u0259tin.pdf\">S\u00f6z m\u00fclk\u00fcn\u00fcn sultan\u0131 m\u0259tin<\/a><\/p>\n<p><a href=\"https:\/\/adpuagcabedi.edu.az\/wp-content\/uploads\/2025\/04\/Susa-Az\u0259rbaycanin-m\u0259d\u0259niyy\u0259t-m\u0259rk\u0259zidir.pdf\">\u015eu\u015fa Az\u0259rbaycan\u0131n m\u0259d\u0259niyy\u0259t m\u0259rk\u0259zidir<\/a><\/p>\n<p><a href=\"https:\/\/adpuagcabedi.edu.az\/wp-content\/uploads\/2025\/04\/Umummilli-Lider-Heyd\u0259r-Eliyev-v\u0259-Az\u0259rbaycanda-pedaqoji-fikrin-inkisafi.pdf\">\u00dcmummilli Lider Heyd\u0259r \u018fliyev v\u0259 Az\u0259rbaycanda pedaqoji fikrin inki\u015faf\u0131\u201d<\/a><\/p>\n<p><a href=\"https:\/\/adpuagcabedi.edu.az\/wp-content\/uploads\/2025\/04\/Z\u0259f\u0259r-gunu-Az\u0259rbaycanin-sanli-tarixidir.pdf\">Z\u0259f\u0259r g\u00fcn\u00fc Az\u0259rbaycan\u0131n \u015fanl\u0131 tarixidir<\/a><\/p>\n","protected":false},"excerpt":{"rendered":"<p>\u201cEkologiya v\u0259 \u0259traf m\u00fchitin m\u00fchafiz\u0259si probleml\u0259ri. \u201cHEYD\u018fR \u018fL\u0130YEV V\u018f M\u00dcST\u018fQ\u0130L AZ\u018fRBAYCAN D\u00d6VL\u018fT\u0130\u201d Az\u0259rbaycan pedaqoji fikir tarixind\u0259 \u0130r\u0259van M\u00fc\u0259lliml\u0259r Seminariyas\u0131n\u0131n rolu G\u0259l\u0259c\u0259y\u0259 bax\u0131\u015f-2030. Heyd\u0259r \u018fliyev v\u0259 Az\u0259rbaycan elmi Heyd\u0259r \u018fliyev v\u0259 Az\u0259rbaycan g\u0259ncliyi Heyd\u0259r \u018fliyev v\u0259 m\u00fcst\u0259qil Az\u0259rbaycan M\u018fN\u0130M AZ\u018fRBAYCANIM, ADINA Z\u018fF\u018fR YARA\u015eIR!\u201d2 M\u00dcAS\u0130R G\u018fNCL\u018fR V\u018f ELM\u0130 \u0130NNOVAS\u0130YALAR S\u00f6z m\u00fclk\u00fcn\u00fcn sultan\u0131 m\u0259tin \u015eu\u015fa Az\u0259rbaycan\u0131n m\u0259d\u0259niyy\u0259t m\u0259rk\u0259zidir [&hellip;]<\/p>\n","protected":false},"author":1,"featured_media":0,"parent":0,"menu_order":0,"comment_status":"closed","ping_status":"closed","template":"","meta":{"_acf_changed":false,"footnotes":""},"class_list":["post-14253","page","type-page","status-publish","hentry"],"acf":[],"_links":{"self":[{"href":"https:\/\/adpuagcabedi.edu.az\/index.php?rest_route=\/wp\/v2\/pages\/14253","targetHints":{"allow":["GET"]}}],"collection":[{"href":"https:\/\/adpuagcabedi.edu.az\/index.php?rest_route=\/wp\/v2\/pages"}],"about":[{"href":"https:\/\/adpuagcabedi.edu.az\/index.php?rest_route=\/wp\/v2\/types\/page"}],"author":[{"embeddable":true,"href":"https:\/\/adpuagcabedi.edu.az\/index.php?rest_route=\/wp\/v2\/users\/1"}],"replies":[{"embeddable":true,"href":"https:\/\/adpuagcabedi.edu.az\/index.php?rest_route=%2Fwp%2Fv2%2Fcomments&post=14253"}],"version-history":[{"count":4,"href":"https:\/\/adpuagcabedi.edu.az\/index.php?rest_route=\/wp\/v2\/pages\/14253\/revisions"}],"predecessor-version":[{"id":14634,"href":"https:\/\/adpuagcabedi.edu.az\/index.php?rest_route=\/wp\/v2\/pages\/14253\/revisions\/14634"}],"wp:attachment":[{"href":"https:\/\/adpuagcabedi.edu.az\/index.php?rest_route=%2Fwp%2Fv2%2Fmedia&parent=14253"}],"curies":[{"name":"wp","href":"https:\/\/api.w.org\/{rel}","templated":true}]}}