{"id":13492,"date":"2023-08-03T15:46:36","date_gmt":"2023-08-03T11:46:36","guid":{"rendered":"https:\/\/adpuagcabedi.edu.az\/?page_id=13492"},"modified":"2023-08-03T16:12:45","modified_gmt":"2023-08-03T12:12:45","slug":"steam-labaratoriya","status":"publish","type":"page","link":"https:\/\/adpuagcabedi.edu.az\/?page_id=13492","title":{"rendered":"STEAM LABORATOR\u0130YASI"},"content":{"rendered":"<p>[vc_row][vc_column][vc_empty_space][vc_column_text]<span style=\"color: #000000;\"><strong>STEAM LABORATOR\u0130YASI<\/strong><\/span><\/p>\n<p><span style=\"color: #000000;\">S\u00fcr\u0259tl\u0259 d\u0259yi\u015f\u0259n v\u0259 inki\u015faf ed\u0259n d\u00fcnya, d\u0259yi\u015fiklikl\u0259r\u0259 c\u0259ld v\u0259 m\u00fcsb\u0259t m\u00fcnasib\u0259t g\u00f6st\u0259r\u0259 bil\u0259n g\u0259ncl\u0259ri (\u015fagird v\u0259 t\u0259l\u0259b\u0259l\u0259ri) yeti\u015fdirm\u0259k iqtidar\u0131nda olan \u00e7evik t\u0259hsil sisteminin olmas\u0131n\u0131 z\u0259ruri edir. T\u0259bi\u0259t v\u0259 texniki elml\u0259r (f\u0259nl\u0259r) sah\u0259sind\u0259 olan m\u00fcxt\u0259lif layih\u0259l\u0259rin sinif otaqlar\u0131na inteqrasiya edilm\u0259 meyill\u0259ri daha \u00e7evik ba\u015f ver\u0259 bilir.<\/span><\/p>\n<p><span style=\"color: #000000;\"><strong>STEAM metodu<\/strong> \u2013 texniki v\u0259 t\u0259bi\u0259t f\u0259nl\u0259rinin t\u0259drisind\u0259 orta m\u0259kt\u0259bin \u0259n\u0259n\u0259vi n\u0259z\u0259riyy\u0259 \u0259zb\u0259rl\u0259tm\u0259 \u00fcsullar\u0131ndan f\u0259rqli olaraq, elmi-texniki bilikl\u0259rin g\u00fcnd\u0259lik h\u0259yatda nec\u0259 t\u0259tbiq olunmas\u0131n\u0131 real h\u0259yat probleml\u0259rinin h\u0259lli vasit\u0259sil\u0259, \u201clayih\u0259 \u0259sasl\u0131 \u00f6yr\u0259nm\u0259\u201d il\u0259 t\u0259hsilalanlara a\u015f\u0131lay\u0131r.<\/span><\/p>\n<p><span style=\"color: #000000;\"><strong>STEAM <\/strong>t\u0259hsilalanlara t\u0259nqidi yana\u015fma, yarad\u0131c\u0131 d\u00fc\u015f\u00fcnm\u0259, qazan\u0131lan bilikl\u0259rin m\u00fcqayis\u0259li \u015f\u0259kild\u0259 anla\u015f\u0131lmas\u0131, yarad\u0131c\u0131 formada yeni layih\u0259l\u0259r \u0259sas\u0131nda biliyin m\u00f6hk\u0259ml\u0259ndirilm\u0259si, \u0259m\u0259kda\u015fl\u0131q etm\u0259 v\u0259 s. kimi XXI \u0259sr 4C bacar\u0131qlar\u0131n\u0131 formala\u015fd\u0131r\u0131r. STEAM f\u0259nl\u0259ri ayr\u0131l\u0131qda \u00f6yr\u0259tm\u0259k \u0259v\u0259zin\u0259, onlar\u0131 real d\u00fcnyadak\u0131 t\u0259tbiql\u0259r\u0259 \u0259saslanan vahid \u00f6yr\u0259nm\u0259 modelind\u0259 birl\u0259\u015fdirir.<\/span><\/p>\n<p><span style=\"color: #000000;\"><strong>STEAM termininin izah\u0131na baxaq:<\/strong><\/span><\/p>\n<ul>\n<li><span style=\"color: #000000;\"><strong>Science <\/strong>&#8211; elm, y\u0259ni t\u0259bi\u0259t elml\u0259ri (kimya, biologiya, fizika v\u0259 s) \u0259traf al\u0259m haqq\u0131nda vahid t\u0259s\u0259vv\u00fcr yaradaraq, maddi al\u0259mi b\u00fct\u00f6vl\u00fckd\u0259 \u00f6yr\u0259dir;<\/span><\/li>\n<li><span style=\"color: #000000;\"><strong>Technology <\/strong>&#8211; texnologiya, h\u0259r hans\u0131 problemi h\u0259ll etm\u0259k, yeni h\u0259ll\u0259r t\u0259klif etm\u0259k \u00fc\u00e7\u00fcn \u0259n m\u00fcxt\u0259lif vasit\u0259l\u0259rdir;<\/span><\/li>\n<li><span style=\"color: #000000;\"><strong>Engineering <\/strong>&#8211; m\u00fch\u0259ndislik, h\u0259r hans\u0131 problemin h\u0259lli \u00fc\u00e7\u00fcn t\u0259klif edil\u0259n prototipin, m\u0259hsulun, texnoloji vasit\u0259nin haz\u0131rlanmas\u0131 prosesidir;<\/span><\/li>\n<li><span style=\"color: #000000;\"><strong>Art<\/strong> &#8211; yekun m\u0259hsullar\u0131n effektli dizayn\u0131, \u00fcmumi m\u0259nafey\u0259 xidm\u0259t etm\u0259si, humanist v\u0259 etik\u00a0 m\u0259qamlar\u0131 diqq\u0259td\u0259 saxlamaq m\u0259qs\u0259dil\u0259 daxil edilmi\u015f inc\u0259s\u0259n\u0259t\u00a0\u00a0 sah\u0259l\u0259ri\u00a0<\/span><\/li>\n<li><span style=\"color: #000000;\"><strong>Mathematics <\/strong>&#8211; riyaziyyat, h\u0259r hans\u0131 problemin h\u0259lli zaman\u0131, m\u0259lumatlar bazas\u0131n\u0131n (DATA) formala\u015fd\u0131r\u0131lmas\u0131nda m\u00fctl\u0259q ehtiyac olan \u00f6l\u00e7m\u0259 v\u0259 hesablama elmidir.<\/span><\/li>\n<\/ul>\n<p><span style=\"color: #000000;\"><strong>STEAM<\/strong> metodunun \u0259sas m\u0259qs\u0259di t\u0259hsilalanlarda \u201cXXI \u0259sr bacar\u0131qlar\u0131\u201dn\u0131 formala\u015fd\u0131rmaq v\u0259 inki\u015faf etdirm\u0259kl\u0259 real h\u0259yat probleml\u0259rinin h\u0259llin\u0259 nail olmaqd\u0131r.<\/span><\/p>\n<p><span style=\"color: #000000;\">Bir par\u00e7as\u0131 oldu\u011fumuz r\u0259q\u0259msal \u0259srin t\u0259l\u0259bl\u0259rin\u0259 uy\u011funla\u015fa bilm\u0259k \u00fc\u00e7\u00fcn:<\/span><\/p>\n<ul>\n<li><span style=\"color: #000000;\">XXI \u0259sr bacar\u0131qlar\u0131n\u0131 \u00f6z\u00fcnd\u0259 formala\u015fd\u0131rm\u0131\u015f m\u00fct\u0259x\u0259ssisl\u0259r\u0259 ehtiyac duyulur;<\/span><\/li>\n<li><span style=\"color: #000000;\">\u0130st\u0259nil\u0259n bir \u00f6lk\u0259 inki\u015faf etm\u0259k, \u00f6z regionunda liderlik ed\u0259 bilm\u0259k \u00fc\u00e7\u00fcn m\u0259hz \u00f6z v\u0259t\u0259nda\u015flar\u0131n\u0131n XXI \u0259sr bacar\u0131qlar\u0131n\u0131n inki\u015faf etdirilm\u0259sin\u0259 \u00f6n\u0259m<\/span><\/li>\n<\/ul>\n<p><span style=\"color: #000000;\"><strong>STEAM<\/strong> t\u0259hsili d\u00fcnya t\u0259hsil sistemind\u0259 keyfiyy\u0259tin y\u00fcks\u0259ldilm\u0259si il\u0259 ba\u011fl\u0131 bir \u00e7ox \u00f6lk\u0259l\u0259rin diqq\u0259tini c\u0259lb edir. M\u0259s\u0259l\u0259n, AB\u015e t\u0259hsil sistemind\u0259 m\u0259kt\u0259b\u0259q\u0259d\u0259r ya\u015f qrupundan ba\u015flayaraq XII sinf\u0259 q\u0259d\u0259r b\u00fct\u00fcn s\u0259viyy\u0259l\u0259rd\u0259 inteqrasiya olunmu\u015f STEAM proqram\u0131 t\u0259tbiq olunur. Bundan \u0259lav\u0259, b\u0259zi \u00f6lk\u0259l\u0259rd\u0259 (AB\u015e, Sinqapur, \u0130srail, T\u00fcrkiy\u0259 v\u0259 s.) x\u00fcsusi STEAM m\u0259kt\u0259bl\u0259ri, STEAM m\u0259rk\u0259zl\u0259ri yarad\u0131lm\u0131\u015fd\u0131r. \u00d6lk\u0259mizd\u0259 is\u0259 2019-2020-ci t\u0259dris ilind\u0259n STEAM t\u0259hsilinin t\u0259tbiqin\u0259 ba\u015flan\u0131lm\u0131\u015fd\u0131r.<\/span><\/p>\n<p><span style=\"color: #000000;\">Az\u0259rbaycan D\u00f6vl\u0259t Pedaqoji Universitetin A\u011fcab\u0259di filial\u0131nda 2022-2023-c\u00fc t\u0259dris ilind\u0259n STEAM laboratoriyas\u0131 f\u0259aliyy\u0259t\u0259 ba\u015flay\u0131b. Labarotoriyam\u0131zda a\u015fa\u011f\u0131dak\u0131 cihazlardan istifad\u0259 olunur:<\/span><\/p>\n<ol>\n<li><span style=\"color: #000000;\">3D printer<\/span><\/li>\n<li><span style=\"color: #000000;\">3D q\u0259l\u0259m<\/span><\/li>\n<li><span style=\"color: #000000;\">Mimio d\u0259sti<\/span><\/li>\n<li><span style=\"color: #000000;\">Mikro:bit d\u0259sti<\/span><\/li>\n<li><span style=\"color: #000000;\">Elektronika d\u0259sti<\/span><\/li>\n<li><span style=\"color: #000000;\">T\u0259hsil robotu<\/span><\/li>\n<\/ol>\n<p>[\/vc_column_text][vc_empty_space][\/vc_column][\/vc_row]<\/p>\n","protected":false},"excerpt":{"rendered":"<p>[vc_row][vc_column][vc_empty_space][vc_column_text]STEAM LABORATOR\u0130YASI S\u00fcr\u0259tl\u0259 d\u0259yi\u015f\u0259n v\u0259 inki\u015faf ed\u0259n d\u00fcnya, d\u0259yi\u015fiklikl\u0259r\u0259 c\u0259ld v\u0259 m\u00fcsb\u0259t m\u00fcnasib\u0259t g\u00f6st\u0259r\u0259 bil\u0259n g\u0259ncl\u0259ri (\u015fagird v\u0259 t\u0259l\u0259b\u0259l\u0259ri) yeti\u015fdirm\u0259k iqtidar\u0131nda olan \u00e7evik t\u0259hsil sisteminin olmas\u0131n\u0131 z\u0259ruri edir. T\u0259bi\u0259t v\u0259 texniki elml\u0259r (f\u0259nl\u0259r) sah\u0259sind\u0259 olan m\u00fcxt\u0259lif layih\u0259l\u0259rin sinif otaqlar\u0131na inteqrasiya edilm\u0259 meyill\u0259ri daha \u00e7evik ba\u015f ver\u0259 bilir. STEAM metodu \u2013 texniki v\u0259 t\u0259bi\u0259t f\u0259nl\u0259rinin t\u0259drisind\u0259 [&hellip;]<\/p>\n","protected":false},"author":1,"featured_media":0,"parent":0,"menu_order":0,"comment_status":"closed","ping_status":"closed","template":"","meta":{"_acf_changed":false,"footnotes":""},"class_list":["post-13492","page","type-page","status-publish","hentry"],"acf":[],"_links":{"self":[{"href":"https:\/\/adpuagcabedi.edu.az\/index.php?rest_route=\/wp\/v2\/pages\/13492","targetHints":{"allow":["GET"]}}],"collection":[{"href":"https:\/\/adpuagcabedi.edu.az\/index.php?rest_route=\/wp\/v2\/pages"}],"about":[{"href":"https:\/\/adpuagcabedi.edu.az\/index.php?rest_route=\/wp\/v2\/types\/page"}],"author":[{"embeddable":true,"href":"https:\/\/adpuagcabedi.edu.az\/index.php?rest_route=\/wp\/v2\/users\/1"}],"replies":[{"embeddable":true,"href":"https:\/\/adpuagcabedi.edu.az\/index.php?rest_route=%2Fwp%2Fv2%2Fcomments&post=13492"}],"version-history":[{"count":4,"href":"https:\/\/adpuagcabedi.edu.az\/index.php?rest_route=\/wp\/v2\/pages\/13492\/revisions"}],"predecessor-version":[{"id":13498,"href":"https:\/\/adpuagcabedi.edu.az\/index.php?rest_route=\/wp\/v2\/pages\/13492\/revisions\/13498"}],"wp:attachment":[{"href":"https:\/\/adpuagcabedi.edu.az\/index.php?rest_route=%2Fwp%2Fv2%2Fmedia&parent=13492"}],"curies":[{"name":"wp","href":"https:\/\/api.w.org\/{rel}","templated":true}]}}