{"id":13483,"date":"2023-08-03T14:25:28","date_gmt":"2023-08-03T10:25:28","guid":{"rendered":"https:\/\/adpuagcabedi.edu.az\/?page_id=13483"},"modified":"2023-08-03T14:27:15","modified_gmt":"2023-08-03T10:27:15","slug":"%d0%baitabxana-2","status":"publish","type":"page","link":"https:\/\/adpuagcabedi.edu.az\/?page_id=13483","title":{"rendered":"\u041aitabxana"},"content":{"rendered":"<p>[vc_row][vc_column][vc_empty_space][vc_column_text]<span style=\"color: #000000;\">Az\u0259rbaycan D\u00f6vl\u0259t Pedaqoji Universitetinin A\u011fcab\u0259di filial\u0131n\u0131n Kitabxanas\u0131 t\u0259hsil v\u0259 pedaqoji sah\u0259l\u0259rd\u0259 milli v\u0259 xarici \u0259d\u0259biyyat fonduna malik olan struktur b\u00f6lm\u0259dir. Kitabxana \u00f6z f\u0259aliyy\u0259tind\u0259 \u201cT\u0259hsil haqq\u0131nda\u201d v\u0259 \u201cKitabxana i\u015fi haqq\u0131nda\u201d Az\u0259rbaycan\u00a0 Respublikas\u0131n\u0131n qanunlar\u0131na, Az\u0259rbaycan Respublikas\u0131 Elm v\u0259 T\u0259hsil Nazirliyinin m\u00fcvafiq \u0259mr v\u0259 t\u0259limatlar\u0131na, kitabxanan\u0131n t\u0259sdiq olunmu\u015f \u018fsasnam\u0259sin\u0259 istinad edir v\u0259 \u00f6z i\u015fini illik i\u015f plan\u0131na \u0259sas\u0259n qurur.<\/span><\/p>\n<p><span style=\"color: #000000;\">9781 kitaba malik Kitabxana fondunun 4651-ni b\u0259dii \u0259d\u0259biyyat, 2720-ni d\u0259rslik v\u0259 d\u0259rs v\u0259saiti, 1200-n\u00fc xarici \u0259d\u0259biyyat, 1210-nu dig\u0259r n\u0259\u015frl\u0259r t\u0259\u015fkil edir. Elektron kitabxanam\u0131zda is\u0259 4312 elektron resurs t\u0259l\u0259b\u0259 v\u0259 m\u00fc\u0259lliml\u0259rin istifad\u0259sind\u0259dir. Bundan \u0259lav\u0259 ke\u00e7iril\u0259n b\u00fct\u00fcn f\u0259nl\u0259rin m\u00fchazir\u0259 m\u0259tnl\u0259ri d\u0259 komp\u00fcterl\u0259r\u0259 y\u00fckl\u0259nib. Eyni zamanda, filial\u0131n Komp\u00fcter m\u0259rk\u0259zi t\u0259r\u0259find\u0259n m\u00fct\u0259madi olaraq kiril \u0259lifbas\u0131nda olan d\u0259rslik v\u0259 d\u0259rs v\u0259saitl\u0259rinin lat\u0131n \u0259lifbas\u0131nda versiyalar\u0131 haz\u0131rlanaraq kitabxanaya t\u0259hvil verilir. Kitabxanada olan komp\u00fcterl\u0259r internetl\u0259 t\u0259min edilib, t\u0259l\u0259b\u0259l\u0259rin istifad\u0259sin\u0259 verilib. Kitabxana oxuculara y\u00fcks\u0259k xidm\u0259t g\u00f6st\u0259rm\u0259kl\u0259 yana\u015f\u0131, filialda ke\u00e7iril\u0259n b\u00fct\u00fcn t\u0259dbirl\u0259rin \u0259sas t\u0259r\u0259fda\u015f\u0131d\u0131r.<\/span><\/p>\n<p><strong><span style=\"color: #000000;\">Kitabxanan\u0131n 4 \u0259m\u0259kda\u015f\u0131 oxuculara xidm\u0259t g\u00f6st\u0259rir.<\/span><\/strong><\/p>\n<p><span style=\"color: #000000;\"><strong>\u018flaq\u0259:\u00a0<\/strong><\/span><\/p>\n<p><span style=\"color: #000000;\">\u00dcnvan: ADPU-nun A\u011fcab\u0259di filial\u0131n\u0131n t\u0259dris binas\u0131, I m\u0259rt\u0259b\u0259, otaq 116<\/span><\/p>\n<p><span style=\"color: #000000;\">E-mail: adpu_kitabxana@mail.ru<\/span><\/p>\n<p>[\/vc_column_text]<div  class=\"themesion-element themesion-element-team thsn-element-team-style-1 themesion-element-viewtype-row-column thsn-sortable-no\" data-show=\"-1\" data-columns=\"3\" data-loop=\"false\" data-autoplay=\"false\" data-center=\"false\" data-nav=\"false\" data-dots=\"false\" data-autoplayspeed=\"1000\" data-margin=\"\"><div class=\"themesion-element-inner\"><\/div><!-- .themesion-element-inner -->   <\/div><!-- .themesion-element -->  [\/vc_column][\/vc_row]<\/p>\n","protected":false},"excerpt":{"rendered":"<p>[vc_row][vc_column][vc_empty_space][vc_column_text]Az\u0259rbaycan D\u00f6vl\u0259t Pedaqoji Universitetinin A\u011fcab\u0259di filial\u0131n\u0131n Kitabxanas\u0131 t\u0259hsil v\u0259 pedaqoji sah\u0259l\u0259rd\u0259 milli v\u0259 xarici \u0259d\u0259biyyat fonduna malik olan struktur b\u00f6lm\u0259dir. Kitabxana \u00f6z f\u0259aliyy\u0259tind\u0259 \u201cT\u0259hsil haqq\u0131nda\u201d v\u0259 \u201cKitabxana i\u015fi haqq\u0131nda\u201d Az\u0259rbaycan\u00a0 Respublikas\u0131n\u0131n qanunlar\u0131na, Az\u0259rbaycan Respublikas\u0131 Elm v\u0259 T\u0259hsil Nazirliyinin m\u00fcvafiq \u0259mr v\u0259 t\u0259limatlar\u0131na, kitabxanan\u0131n t\u0259sdiq olunmu\u015f \u018fsasnam\u0259sin\u0259 istinad edir v\u0259 \u00f6z i\u015fini illik i\u015f plan\u0131na \u0259sas\u0259n [&hellip;]<\/p>\n","protected":false},"author":1,"featured_media":0,"parent":0,"menu_order":0,"comment_status":"closed","ping_status":"closed","template":"","meta":{"_acf_changed":false,"footnotes":""},"class_list":["post-13483","page","type-page","status-publish","hentry"],"acf":[],"_links":{"self":[{"href":"https:\/\/adpuagcabedi.edu.az\/index.php?rest_route=\/wp\/v2\/pages\/13483","targetHints":{"allow":["GET"]}}],"collection":[{"href":"https:\/\/adpuagcabedi.edu.az\/index.php?rest_route=\/wp\/v2\/pages"}],"about":[{"href":"https:\/\/adpuagcabedi.edu.az\/index.php?rest_route=\/wp\/v2\/types\/page"}],"author":[{"embeddable":true,"href":"https:\/\/adpuagcabedi.edu.az\/index.php?rest_route=\/wp\/v2\/users\/1"}],"replies":[{"embeddable":true,"href":"https:\/\/adpuagcabedi.edu.az\/index.php?rest_route=%2Fwp%2Fv2%2Fcomments&post=13483"}],"version-history":[{"count":3,"href":"https:\/\/adpuagcabedi.edu.az\/index.php?rest_route=\/wp\/v2\/pages\/13483\/revisions"}],"predecessor-version":[{"id":13487,"href":"https:\/\/adpuagcabedi.edu.az\/index.php?rest_route=\/wp\/v2\/pages\/13483\/revisions\/13487"}],"wp:attachment":[{"href":"https:\/\/adpuagcabedi.edu.az\/index.php?rest_route=%2Fwp%2Fv2%2Fmedia&parent=13483"}],"curies":[{"name":"wp","href":"https:\/\/api.w.org\/{rel}","templated":true}]}}