{"id":13341,"date":"2023-07-01T12:39:26","date_gmt":"2023-07-01T08:39:26","guid":{"rendered":"https:\/\/adpuagcabedi.edu.az\/?page_id=13341"},"modified":"2025-10-28T16:10:47","modified_gmt":"2025-10-28T12:10:47","slug":"dill%c9%99r-%c9%99d%c9%99biyyat-v%c9%99-onlarin-t%c9%99drisi-texnologiyasi-kafedrasi","status":"publish","type":"page","link":"https:\/\/adpuagcabedi.edu.az\/?page_id=13341","title":{"rendered":"Dill\u0259r, \u0259d\u0259biyyat v\u0259 onlar\u0131n t\u0259drisi texnologiyas\u0131\u201d kafedras\u0131"},"content":{"rendered":"<p>[vc_row][vc_column][vc_empty_space][vc_column_text]\u201cDill\u0259r, \u0259d\u0259biyyat v\u0259 onlar\u0131n t\u0259drisi texnologiyas\u0131\u201d kafedras\u0131n\u0131n yaranma tarixi 1969-cu il\u0259 gedib \u00e7\u0131x\u0131r. M\u00fcxt\u0259lif vaxtlarda kafedran\u0131n ad\u0131 \u201cAz\u0259rbaycan dil\u00e7iliyi v\u0259 \u0259d\u0259biyyat\u0131\u201d, \u201cAz\u0259rbaycan dili v\u0259 \u0259d\u0259biyyat\u0131\u201d, \u201cAz\u0259rbaycan dili, \u0259d\u0259biyyat v\u0259 onlar\u0131n t\u0259drisi metodikas\u0131\u201d, \u201cDill\u0259r, \u0259d\u0259biyyat v\u0259 onlar\u0131n t\u0259drisi metodikas\u0131\u201d \u201cDill\u0259r, \u0259d\u0259biyyat v\u0259 onlar\u0131n t\u0259drisi texnologiyas\u0131\u201d adlanm\u0131\u015fd\u0131r. Kafedran\u0131n ilk m\u00fcdiri prof. N.Axundov olmu\u015fdur. Sonralar kafedraya prof. K.Quliyev, dos. Y.\u018fliyev, dos. S.M\u0259mm\u0259dov, dos. M.F\u0259rz\u0259liyeva, b\/m. \u018f.\u018fliyev v\u0259 dos. V.Allahverdiyev r\u0259hb\u0259rlik etmi\u015fl\u0259r. Haz\u0131rda kafedraya dosent Allahverdiyev Vaqif Saleh o\u011flu r\u0259hb\u0259rlik edir. Kafedrada \u0259sas\u0259n az\u0259rbaycan dili, \u0259d\u0259biyyat v\u0259 xarici dil f\u0259nl\u0259ri t\u0259dris olunur. F\u0259nl\u0259rin t\u0259drisi 18 m\u00fc\u0259llim t\u0259r\u0259find\u0259n h\u0259yata ke\u00e7irilir ki, onlardan 3-\u00fc f\u0259ls\u0259f\u0259 doktoru, dosent, 1-i f\u0259ls\u0259f\u0259 doktoru, ba\u015f m\u00fc\u0259llim, 8-i ba\u015f m\u00fc\u0259llim, 6-\u0131 m\u00fc\u0259llimdir.<\/p>\n<p>&nbsp;<\/p>\n<p><strong>Kafedrada t\u0259dris olunan f\u0259nl\u0259r:<\/strong><\/p>\n<table width=\"1128\">\n<tbody>\n<tr>\n<td width=\"1128\">1.\u00a0\u00a0\u00a0 \u018fd\u0259biyyat\u015f\u00fcnasl\u0131\u011fa giri\u015f<\/td>\n<\/tr>\n<tr>\n<td width=\"1128\">2.\u00a0\u00a0\u00a0 Az\u0259rbaycan \u0259d\u0259biyyat\u0131 tarix-1<\/p>\n<p>3.\u00a0\u00a0\u00a0 Az\u0259rbaycan \u0259d\u0259biyyat\u0131 tarix-2<\/td>\n<\/tr>\n<tr>\n<td width=\"1128\">4.\u00a0\u00a0\u00a0 Az\u0259rbaycan dili<\/td>\n<\/tr>\n<tr>\n<td width=\"1128\">5.\u00a0\u00a0\u00a0 M\u00fcasir Az\u0259rbaycan dili<\/p>\n<p>6.\u00a0\u00a0\u00a0 M\u00fcasir Az\u0259rbaycan dili-1<\/p>\n<p>7.\u00a0\u00a0\u00a0 M\u00fcasir Az\u0259rbaycan dili-2<\/p>\n<p>8.\u00a0\u00a0\u00a0 M\u00fcasir Az\u0259rbaycan dili-3<\/p>\n<p>9.\u00a0\u00a0\u00a0 M\u00fcasir Az\u0259rbaycan dili-4<\/td>\n<\/tr>\n<tr>\n<td width=\"1128\">10. \u015eifahi xalq \u0259d\u0259biyyat\u0131<\/td>\n<\/tr>\n<tr>\n<td width=\"1128\">11. Dil\u00e7iliy\u0259 giri\u015f<\/td>\n<\/tr>\n<tr>\n<td width=\"1128\">12. D\u00fcnya \u0259d\u0259biyyat\u0131-1<\/p>\n<p>13. D\u00fcnya \u0259d\u0259biyyat\u0131-2<\/p>\n<p>14. Se\u00e7m\u0259 f\u0259nn: V blok.\u00dcslubiyyat<\/td>\n<\/tr>\n<tr>\n<td width=\"1128\">15. \u018fd\u0259biyyat\u0131n t\u0259drisi metodikas\u0131<\/td>\n<\/tr>\n<tr>\n<td width=\"1128\">16. Az\u0259rbaycan dilind\u0259 i\u015fg\u00fczar v\u0259 akademik kommunikasiya<\/td>\n<\/tr>\n<tr>\n<td width=\"1128\">17. \u0130btidai sinifl\u0259rd\u0259 Az\u0259rbaycan dili v\u0259 onun t\u0259drisi metodikas\u0131-3<\/td>\n<\/tr>\n<tr>\n<td width=\"1128\">18. Az\u0259rbaycan dilinin t\u0259drisi metodikas\u0131<\/p>\n<p>19. Se\u00e7m\u0259 f\u0259nn: VI.blok \u0130btidai sinifl\u0259rd\u0259 Az\u0259rbaycan dilinin t\u0259drisind\u0259<\/p>\n<p>yeni t\u0259lim texnologiyalar\u0131ndan istifad\u0259<\/td>\n<\/tr>\n<tr>\n<td width=\"1128\">20. \u0130fad\u0259li oxu<\/p>\n<p>21. Se\u00e7m\u0259 f\u0259nn: VI blok. B\u0259dii m\u0259tnin interperetasiyas\u0131<\/p>\n<p>22. Se\u00e7m\u0259 f\u0259nn: VII blok. \u018fd\u0259bi dil tarixi<\/p>\n<p>23. Se\u00e7m\u0259 f\u0259nn: I blok.T\u00fcrk dill\u0259rinin m\u00fcqayis\u0259li qrammatikas\u0131<\/p>\n<p>24. \u018fd\u0259biyyat n\u0259z\u0259riyy\u0259si<\/p>\n<p>25. Az\u0259rbaycan \u0259d\u0259biyyat\u0131 tarixi-3<\/td>\n<\/tr>\n<tr>\n<td width=\"1128\">26. U\u015faq \u0259d\u0259biyyat\u0131<\/p>\n<p>27. Se\u00e7m\u0259 f\u0259nn: VIII blok. Orfoqrafiya v\u0259 orfoepiya t\u0259liminin \u0259saslar\u0131<\/p>\n<p>28. Se\u00e7m\u0259 f\u0259nn: VII blok.Oxu t\u0259liminin metodikas\u0131<\/p>\n<p>29. Se\u00e7m\u0259 f\u0259nn: II blok. Orfoqrafiya v\u0259 orfoepiya t\u0259limi<\/p>\n<p>30. Az\u0259rbaycan dilind\u0259n praktikum<\/p>\n<p>31. \u018fski Az\u0259rbaycan yaz\u0131s\u0131 (Fars dili)<\/p>\n<p>32. Se\u00e7m\u0259 f\u0259nn: III blok. M\u00fcasir Az\u0259rbaycan \u0259d\u0259biyyat\u0131<\/p>\n<p>33. Se\u00e7m\u0259 f\u0259nn: IV blok. M\u00fcst\u0259qillik d\u00f6vr\u00fc Az\u0259rbaycan \u0259d\u0259biyyat\u0131<\/p>\n<p>34. M\u0259kt\u0259b\u0259q\u0259d\u0259r t\u0259hsil m\u00fc\u0259ssis\u0259l\u0259rind\u0259 nitq inki\u015faf\u0131 metodikas\u0131<\/p>\n<p>35. Az\u0259rbaycan \u0259d\u0259biyyat\u0131 tarixi-4<\/p>\n<p>36. \u018fd\u0259biyyatdan praktikum<\/p>\n<p>37. Se\u00e7m\u0259 f\u0259nn: V blok. Dil qaydalar\u0131n\u0131n \u00f6yr\u0259dilm\u0259si<\/p>\n<p>38. \u0130ngilis dili bacar\u0131qlar\u0131-1<\/p>\n<p>39. \u0130ngilis dilinin t\u0259drisi metodikas\u0131-1<\/p>\n<p>40. Xarici dild\u0259 i\u015fg\u00fczar v\u0259 akademik kommunikasiya-1 (Alman dili)<\/p>\n<p>41. \u0130ngilis dili bacar\u0131qlar\u0131-2<\/p>\n<p>42. Ingilis dilinin t\u0259drisi metodikas\u0131-2<\/p>\n<p>43. Xarici dild\u0259 i\u015fg\u00fczar v\u0259 akademik kommunikasiya-2(Alman dili)<\/p>\n<p>44. \u0130ngilis dili bacar\u0131qlar\u0131-3<\/p>\n<p>45. \u0130ngilis dili bacar\u0131qlar\u0131-4<\/p>\n<p>46. \u0130ngilis dili bacar\u0131qlar\u0131-5<\/p>\n<p>47. \u0130ngilis dili bacar\u0131qlar\u0131-6<\/p>\n<p>48. Xarici dild\u0259 i\u015fg\u00fczar v\u0259 akademik kommunikasiya-1<\/p>\n<p>49. Xarici dild\u0259 i\u015fg\u00fczar v\u0259 akademik kommunikasiya-2<\/p>\n<p>50. \u0130ngilis dilinin kommunikativ qrammatikas\u0131-1<\/p>\n<p>51. \u0130ngilis dilinin kommunikativ qrammatikas\u0131-2<\/p>\n<p>52. Se\u00e7m\u0259 f\u0259nn:I blok. Dan\u0131\u015f\u0131q modell\u0259ri \u0259sas\u0131nda ingilis dili<\/p>\n<p>53. Xarici \u00f6lk\u0259 \u0259d\u0259biyyat\u0131<\/p>\n<p>54. M\u00fcqayis\u0259li leksikologiya<\/p>\n<p>55. \u0130ngilis dilinin \u00fcslubiyyat\u0131<\/p>\n<p>56. \u0130ngilis dilinin kommunikativ fonetikas\u0131<\/p>\n<p>57. M\u00fcasir ingilis dili<\/p>\n<p>58. \u00d6lk\u0259\u015f\u00fcnasl\u0131q<\/p>\n<p>59. \u0130ngilis dilinin leksikologiyas\u0131<\/p>\n<p>60. Se\u00e7m\u0259 f\u0259nn:V blok. M\u0259tbuat dili<\/p>\n<p>61. Dinl\u0259m\u0259 v\u0259 t\u0259l\u0259ff\u00fcz<\/p>\n<p>62. Se\u00e7m\u0259 f\u0259nn:II blok. \u0130ngilis dilind\u0259 idiomlar v\u0259 ictimai siyasi leksika<\/p>\n<p>63. Dil\u00e7iliy\u0259 giri\u015f (ingilis dili)<\/p>\n<p>64. Akadekim yaz\u0131 v\u0259 oxu<\/p>\n<p>65. Se\u00e7m\u0259 f\u0259nn:IV blok. B\u0259dii t\u0259svir vasit\u0259l\u0259ri<\/p>\n<p>66. Se\u00e7m\u0259 f\u0259nn:III blok. T\u0259rc\u00fcm\u0259<\/td>\n<\/tr>\n<\/tbody>\n<\/table>\n<p>&nbsp;<\/p>\n<p>Kafedrada 3 istiqam\u0259t \u00fczr\u0259, 9 m\u00f6vzuda 54 elmi-t\u0259dqiqat i\u015fi yerin\u0259 yetirilir. Eyni zamanda kafedra t\u0259r\u0259find\u0259n d\u0259rslik, d\u0259rs v\u0259saiti, monaqrafiyalar da haz\u0131rlanaraq t\u0259l\u0259b\u0259l\u0259rin v\u0259 geni\u015f oxucu k\u00fctl\u0259sinin istifad\u0259sin\u0259 verilir. Kafedra \u0259m\u0259kda\u015flar\u0131 m\u00fct\u0259madi olaraq konfranslarda elmi m\u0259ruz\u0259l\u0259rl\u0259 \u00e7\u0131x\u0131\u015f edir, d\u00f6vri jurnallarda m\u0259qal\u0259l\u0259r \u00e7ap etdirirl\u0259r. Son be\u015f ild\u0259 kafedra \u0259m\u0259kda\u015flar\u0131 t\u0259r\u0259find\u0259n 2 d\u0259rs v\u0259saiti, 2 monoqrafiya, 2 metodik v\u0259sait haz\u0131rlanm\u0131\u015f, 180 m\u0259qal\u0259 (30-u xaricd\u0259), 18 tezis (4-\u00fc xaricd\u0259) \u00e7ap etdirilmi\u015fdir.<\/p>\n<p>&nbsp;<\/p>\n<p><strong>D\u0259rslik, d\u0259rs v\u0259saiti, metodik v\u0259sait v\u0259 monoqrafiyalar:<\/strong><\/p>\n<ol>\n<li>S.M\u0259mm\u0259dov. Yuxar\u0131 sinifl\u0259rd\u0259 Az\u0259rbaycan poeziyas\u0131 n\u00fcmun\u0259l\u0259ri \u0259sas\u0131nda n\u0259zm haqq\u0131nda bilikl\u0259rin verilm\u0259si sistemi. D\u0259rs v\u0259saiti, Bak\u0131, ADPU, 2000, 140 s.<\/li>\n<li>M.F\u0259rz\u0259liyeva. M.\u018f.R\u0259sulzad\u0259 v\u0259 Ana dilimiz. D\u0259rs v\u0259saiti, Bak\u0131, T\u0259hsil n\u0259\u015friyyat\u0131, 2003, 72 s.<\/li>\n<li>S.M\u0259mm\u0259dov. Abdulla b\u0259y Asinin\u201d h\u0259yat v\u0259 yarad\u0131c\u0131l\u0131q yolu. D\u0259rs v\u0259saiti, Bak\u0131, ADPU, 2004, 80 s.<\/li>\n<li>M.F\u0259rz\u0259liyeva. Az\u0259rbaycan n\u0259sri Antologiyas\u0131. IV cild, Monoqrafiya, Bak\u0131, \u015e\u0259rq-Q\u0259rb n\u0259\u015friyyat\u0131, 2006, 312 s.<\/li>\n<li>M.F\u0259rz\u0259liyeva. Az\u0259rbaycan dili t\u0259limind\u0259 \u015fagirdl\u0259rin m\u0259ntiqi t\u0259f\u0259kk\u00fcr\u00fcn\u00fcn inki\u015faf etdirilm\u0259si imkanlar\u0131. Metodik v\u0259sait, Bak\u0131, M\u00fc\u0259llim n\u0259\u015friyyat\u0131, 2008, 54 s.<\/li>\n<li>f.\u00fc.f.d., b\/m \u018f.\u018fliyev. La\u00e7\u0131n \u2013 Q\u0259dim O\u011fuz yurdu. Monoqrafiya, Bak\u0131, \u201cAvropa\u201d n\u0259\u015friyyat\u0131, 2009, 112 s.<\/li>\n<li>V.Allhaverdiyev. B\u0259xtiyar Vahabzad\u0259 yarad\u0131c\u0131l\u0131\u011f\u0131nda milli \u00f6z\u00fcn\u00fcd\u0259rkin b\u0259dii-f\u0259ls\u0259fi ifad\u0259si. Monoqrafiya, \u201cYaz\u0131\u00e7\u0131\u201d n\u0259\u015friyyat\u0131, 2011, 127 s.<\/li>\n<li>V.Allhaverdiyev. B\u0259xtiyar Vahabzad\u0259 irsinin \u00f6yr\u0259dilm\u0259si. Sumqay\u0131t, \u201cZ\u0259rdabi n\u0259\u015friyyat\u0131-poliqrafiya\u201d MMC, 2015, 80 s.<\/li>\n<li>f.\u00fc.f.d., b\/m \u018f.\u018fliyev, b\/m. T.\u018fliyeva. Kitabi-D\u0259d\u0259 Qorqud dastan\u0131n\u0131n dili. Bak\u0131, ADPU, 2016, 19 s.<\/li>\n<li>\u00a0f.\u00fc.f.d., b\/m \u018f.\u018fliyev. Qaraba\u011f \u0259d\u0259bi m\u00fchiti v\u0259 Mir M\u00f6hs\u00fcn N\u0259vvab. Monoqrafiya. Bak\u0131, ADPU, 2016, 151 s.<\/li>\n<li>S.M\u0259mm\u0259dov. Psixologiya. D\u0259rs v\u0259saiti, Bak\u0131, ADPU, 2017, 460 s.<\/li>\n<li>\u00a0f.\u00fc.f.d., b\/m \u018f.\u018fliyev. La\u00e7\u0131n rayonuna aid ad\u0259t-\u0259n\u0259n\u0259l\u0259r, toponiml\u0259r v\u0259 \u015fiv\u0259 s\u00f6zl\u0259ri. Metodik v\u0259sait, Bak\u0131, ADPU, 2017, 117 s.<\/li>\n<li>\u00a0f.\u00fc.f.d., b\/m \u018f.\u018fliyev. Az\u0259rbaycan\u0131n ulu ke\u00e7mi\u015fi. D\u0259rs v\u0259saiti, Bak\u0131, ADPU, 2017, 237 s.<\/li>\n<li>\u00a0f.\u00fc.f.d., b\/m \u018f.\u018fliyev. \u015e\u00f6l\u0259 sa\u00e7an incil\u0259r. Monoqrafiya, Bak\u0131, ADPU, 2018, 208 s.<\/li>\n<li>\u00a0f.\u00fc.f.d., b\/m \u018f.\u018fliyev. El \u015fairi Sar\u0131 a\u015f\u0131q. Monoqrafiya, Bak\u0131, ADPU, 2020, 188 s.<\/li>\n<li>V.Allhaverdiyev. \u018fd\u0259bi d\u00fc\u015f\u0259nc\u0259l\u0259r v\u0259 \u00f6m\u00fcrd\u0259n yarpaqlar. Monoqrafiya, Bak\u0131, \u201cT\u0259knur\u201d n\u0259\u015friyyat\u0131, 2021, 140 s.<\/li>\n<li>S.M\u0259mm\u0259dov. T\u00fcrk v\u0259 \u015f\u0259rq xalqlar\u0131 \u0259d\u0259biyyat\u0131. D\u0259rs v\u0259saiti, Bak\u0131, \u201cOPT\u0130M\u0130ST\u201d MMC, 2022, 474 s.<\/li>\n<li>S.M\u0259mm\u0259dov. D\u00fcnya \u0259d\u0259biyyat\u0131-1. D\u0259rs v\u0259saiti, Bak\u0131, \u201cOPT\u0130M\u0130ST\u201d MMC, 2022, 398 s.<\/li>\n<\/ol>\n<ol start=\"19\">\n<li>M\u0259mm\u0259dov. \u201cM\u0259h\u0259bb\u0259tin i\u015f\u0131\u011f\u0131nda\u201d M\u0259qal\u0259l\u0259r toplusu, Bak\u0131, ADPU, 2025. 317 s.<\/li>\n<li>M\u0259mm\u0259dov \u201cV\u0259t\u0259n o\u011flu\u201d.\u015eeirl\u0259r toplusu, Bak\u0131, ADPU, 2025. 130 s.<\/li>\n<\/ol>\n<p><strong>\u00a0<\/strong><\/p>\n<p>&nbsp;<\/p>\n<p><strong>\u00a0\u00a0\u00a0\u00a0\u00a0\u00a0 Kafedran\u0131n t\u0259\u015fkil etdiyi t\u0259dbirl\u0259r:<\/strong><\/p>\n<p><strong>\u00a0<\/strong><\/p>\n<ol>\n<li>\u201cMirz\u0259 \u018fl\u0259kb\u0259r Sabirin 160 illiyi\u201d m\u00fcnasib\u0259til\u0259 yubiley t\u0259dbiri. May 2022<\/li>\n<li>\u201cMirz\u0259 F\u0259t\u0259li Axundzad\u0259nin 210 illiyi\u201d m\u00fcnasib\u0259til\u0259 yubiley t\u0259dbiri. Dekabr 2022<\/li>\n<li>\u201c\u018fhm\u0259d Cavad\u0131n 130 illik yubileyi m\u00fcnasib\u0259til\u0259\u201d \u018fd\u0259bi-b\u0259dii gec\u0259. Noyabr 2022<\/li>\n<li>\u201cZ\u0259f\u0259r g\u00fcn\u00fc\u201d m\u00fcnasib\u0259til\u0259 t\u0259dbir. Noyabr 2022<\/li>\n<li>\u201cHeyd\u0259r \u018fliyevin v\u0259 Az\u0259rbaycan elminin inki\u015faf\u0131\u201d m\u00f6vzusuda d\u0259yirmi masa. Aprel 2023<\/li>\n<li>Heyd\u0259r \u018fliyevin 100 illik yubileyi m\u00fcnasib\u0259til\u0259 \u0130n\u015fa m\u00fcsabiq\u0259si. Aprel 2023<\/li>\n<li>Dahi Az\u0259rbaycan \u015fairi M.F\u00fczulinin anadan olmas\u0131n\u0131n 530 illiyin\u0259 h\u0259sr edilmi\u015f \u201cS\u00f6z M\u00fclk\u00fcn\u00fcn Sultan\u0131\u201d m\u00f6vzusunda elmi-praktik konfrans. Dekabr 2024.<\/li>\n<li>\u015e\u0259hid A\u011faqarda\u015f Abbasova h\u0259sr olunmu\u015f an\u0131m g\u00fcn\u00fc. Sentyabr 2025.<\/li>\n<li>Vahabzad\u0259nin anadan olmas\u0131n\u0131n 100 illik yubileyi m\u00fcnasib\u0259til\u0259 \u015feir m\u00fcsabiq\u0259si. Oktyabr 2025.<\/li>\n<li>Vahabzad\u0259nin anadan olmas\u0131n\u0131n 100 illik yubileyi m\u00fcnasib\u0259til\u0259 in\u015fa m\u00fcsabiq\u0259si. Oktyabr 2025.<\/li>\n<li>Vahabzad\u0259nin anadan olmas\u0131n\u0131n 100 illiyin\u0259 h\u0259sr olunmu\u015f \u201cB.Vahabzad\u0259 yarad\u0131c\u0131l\u0131\u011f\u0131nda milli \u00f6z\u00fcn\u00fcd\u0259rkin b\u0259dii-f\u0259ls\u0259fi ifad\u0259si\u201d m\u00f6vzusunda elmi-praktik konfrans. Oktyabr 2025.<\/li>\n<\/ol>\n<p>&nbsp;<\/p>\n<p><strong>\u018flaq\u0259:\u00a0<\/strong><\/p>\n<p>\u00dcnvan: ADPU-nun A\u011fcab\u0259di filial\u0131n\u0131n t\u0259dris binas\u0131, otaq 206<\/p>\n<p>E-mail: diller.edebiyyat.kafedrasi@gmail.com<\/p>\n<p>Tel: 050 6645848<\/p>\n<p>[\/vc_column_text]<div  class=\"themesion-element themesion-element-team thsn-element-team-style-1 themesion-element-viewtype-row-column thsn-sortable-no\" data-show=\"-1\" data-columns=\"3\" data-loop=\"false\" data-autoplay=\"false\" data-center=\"false\" data-nav=\"false\" data-dots=\"false\" data-autoplayspeed=\"1000\" data-margin=\"\"><div class=\"themesion-element-inner\"><\/div><!-- .themesion-element-inner -->   <\/div><!-- .themesion-element -->  [\/vc_column][\/vc_row]<\/p>\n","protected":false},"excerpt":{"rendered":"<p>[vc_row][vc_column][vc_empty_space][vc_column_text]\u201cDill\u0259r, \u0259d\u0259biyyat v\u0259 onlar\u0131n t\u0259drisi texnologiyas\u0131\u201d kafedras\u0131n\u0131n yaranma tarixi 1969-cu il\u0259 gedib \u00e7\u0131x\u0131r. M\u00fcxt\u0259lif vaxtlarda kafedran\u0131n ad\u0131 \u201cAz\u0259rbaycan dil\u00e7iliyi v\u0259 \u0259d\u0259biyyat\u0131\u201d, \u201cAz\u0259rbaycan dili v\u0259 \u0259d\u0259biyyat\u0131\u201d, \u201cAz\u0259rbaycan dili, \u0259d\u0259biyyat v\u0259 onlar\u0131n t\u0259drisi metodikas\u0131\u201d, \u201cDill\u0259r, \u0259d\u0259biyyat v\u0259 onlar\u0131n t\u0259drisi metodikas\u0131\u201d \u201cDill\u0259r, \u0259d\u0259biyyat v\u0259 onlar\u0131n t\u0259drisi texnologiyas\u0131\u201d adlanm\u0131\u015fd\u0131r. Kafedran\u0131n ilk m\u00fcdiri prof. N.Axundov olmu\u015fdur. Sonralar kafedraya prof. K.Quliyev, [&hellip;]<\/p>\n","protected":false},"author":1,"featured_media":0,"parent":0,"menu_order":0,"comment_status":"closed","ping_status":"closed","template":"","meta":{"_acf_changed":false,"footnotes":""},"class_list":["post-13341","page","type-page","status-publish","hentry"],"acf":[],"_links":{"self":[{"href":"https:\/\/adpuagcabedi.edu.az\/index.php?rest_route=\/wp\/v2\/pages\/13341","targetHints":{"allow":["GET"]}}],"collection":[{"href":"https:\/\/adpuagcabedi.edu.az\/index.php?rest_route=\/wp\/v2\/pages"}],"about":[{"href":"https:\/\/adpuagcabedi.edu.az\/index.php?rest_route=\/wp\/v2\/types\/page"}],"author":[{"embeddable":true,"href":"https:\/\/adpuagcabedi.edu.az\/index.php?rest_route=\/wp\/v2\/users\/1"}],"replies":[{"embeddable":true,"href":"https:\/\/adpuagcabedi.edu.az\/index.php?rest_route=%2Fwp%2Fv2%2Fcomments&post=13341"}],"version-history":[{"count":4,"href":"https:\/\/adpuagcabedi.edu.az\/index.php?rest_route=\/wp\/v2\/pages\/13341\/revisions"}],"predecessor-version":[{"id":16834,"href":"https:\/\/adpuagcabedi.edu.az\/index.php?rest_route=\/wp\/v2\/pages\/13341\/revisions\/16834"}],"wp:attachment":[{"href":"https:\/\/adpuagcabedi.edu.az\/index.php?rest_route=%2Fwp%2Fv2%2Fmedia&parent=13341"}],"curies":[{"name":"wp","href":"https:\/\/api.w.org\/{rel}","templated":true}]}}