{"id":13337,"date":"2023-07-01T12:03:26","date_gmt":"2023-07-01T08:03:26","guid":{"rendered":"https:\/\/adpuagcabedi.edu.az\/?page_id=13337"},"modified":"2026-04-18T13:50:13","modified_gmt":"2026-04-18T09:50:13","slug":"riyaziyyat-informatika-v%c9%99-onlarin-t%c9%99drisi-texnologiyasi-kafedrasi","status":"publish","type":"page","link":"https:\/\/adpuagcabedi.edu.az\/?page_id=13337","title":{"rendered":"\u201cFizika, riyaziyyat, informatika v\u0259 onlar\u0131n t\u0259drisi texnologiyas\u0131\u201d kafedras\u0131"},"content":{"rendered":"<p>[vc_row][vc_column][vc_empty_space][vc_column_text]<span style=\"color: #000000;\">\u201cRiyaziyyat, informatika v\u0259 onlar\u0131n t\u0259drisi texnologiyas\u0131\u201d kafedras\u0131n\u0131n yaranma tarixi 1969-cu il\u0259 gedib \u00e7\u0131x\u0131r. M\u00fcxt\u0259lif vaxtlarda kafedran\u0131n ad\u0131 \u201c\u00dcmumi Riyaziyyat\u201d, \u201cRiyaziyyat, informatika v\u0259 onlar\u0131n t\u0259drisi metodikas\u0131\u201d adlanm\u0131\u015fd\u0131r. Kafedran\u0131n ilk m\u00fcdiri dosent N\u0259riman M\u0259mm\u0259dov olmu\u015fdur. Sonralar kafedraya professor H\u0259mdulla Aslanov, dosent C\u0259f\u0259r Zeynalov, dosent Seymur S\u00fcleymanov, dosent \u018fliqulu H\u00fcmm\u0259tov v\u0259 dosent \u015e\u00fck\u00fcr Abbasov r\u0259hb\u0259rlik etmi\u015fl\u0259r. Haz\u0131rda kafedraya dosent Zeynalov Sahib Ad\u0131g\u00f6z\u0259l o\u011flu r\u0259hb\u0259rlik edir. Kafedrada \u0259sas\u0259n riyaziyyat, fizika v\u0259 informatika f\u0259nl\u0259ri t\u0259dris olunur. F\u0259nl\u0259rin t\u0259drisi 15 m\u00fc\u0259llim t\u0259r\u0259find\u0259n h\u0259yata ke\u00e7irilir ki, onlardan 3-\u00fc f\u0259ls\u0259f\u0259 doktoru, dosent, 4-\u00fc ba\u015f m\u00fc\u0259llim, 8-i m\u00fc\u0259llimdir.<\/span><\/p>\n<p><span style=\"color: #000000;\"><strong>\u00a0<\/strong><\/span><\/p>\n<p><span style=\"color: #000000;\"><strong>Kafedrada t\u0259dris olunan f\u0259nl\u0259r:<\/strong><\/span><\/p>\n<table>\n<tbody>\n<tr>\n<td width=\"35\"><span style=\"color: #000000;\">1.\u00a0\u00a0\u00a0\u00a0\u00a0 \u00a0<\/span><\/td>\n<td width=\"603\"><span style=\"color: #000000;\">Riyazi fizika t\u0259nlikl\u0259ri<\/span><\/td>\n<\/tr>\n<tr>\n<td width=\"35\"><span style=\"color: #000000;\">2.\u00a0\u00a0\u00a0\u00a0\u00a0 \u00a0<\/span><\/td>\n<td width=\"603\"><span style=\"color: #000000;\">Riyazi analiz<\/span><\/td>\n<\/tr>\n<tr>\n<td width=\"35\"><span style=\"color: #000000;\">3.\u00a0\u00a0\u00a0\u00a0\u00a0 \u00a0<\/span><\/td>\n<td width=\"603\"><span style=\"color: #000000;\">C\u0259br<\/span><\/td>\n<\/tr>\n<tr>\n<td width=\"35\"><span style=\"color: #000000;\">4.\u00a0\u00a0\u00a0\u00a0\u00a0 \u00a0<\/span><\/td>\n<td width=\"603\"><span style=\"color: #000000;\">Riyaziyyat\u0131n ibtidai kursunun t\u0259drisi metodikas\u0131<\/span><\/td>\n<\/tr>\n<tr>\n<td width=\"35\"><span style=\"color: #000000;\">5.\u00a0\u00a0\u00a0\u00a0\u00a0 \u00a0<\/span><\/td>\n<td width=\"603\"><span style=\"color: #000000;\">\u0130btidai sinifl\u0259rd\u0259 riyaziyyat v\u0259 onun t\u0259drisi metodikas\u0131<\/span><\/td>\n<\/tr>\n<tr>\n<td width=\"35\"><span style=\"color: #000000;\">6.\u00a0\u00a0\u00a0\u00a0\u00a0 \u00a0<\/span><\/td>\n<td width=\"603\"><span style=\"color: #000000;\">Funksional analiz<\/span><\/td>\n<\/tr>\n<tr>\n<td width=\"35\"><span style=\"color: #000000;\">7.\u00a0\u00a0\u00a0\u00a0\u00a0 \u00a0<\/span><\/td>\n<td width=\"603\"><span style=\"color: #000000;\">Diferensial h\u0259nd\u0259s\u0259<\/span><\/td>\n<\/tr>\n<tr>\n<td width=\"35\"><span style=\"color: #000000;\">8.\u00a0\u00a0\u00a0\u00a0\u00a0 \u00a0<\/span><\/td>\n<td width=\"603\"><span style=\"color: #000000;\">Diferensial h\u0259nd\u0259s\u0259 v\u0259 topologiya<\/span><\/td>\n<\/tr>\n<tr>\n<td width=\"35\"><span style=\"color: #000000;\">9.\u00a0\u00a0\u00a0\u00a0\u00a0 \u00a0<\/span><\/td>\n<td width=\"603\"><span style=\"color: #000000;\">Diskret riyaziyyat v\u0259 m\u0259ntiq elementl\u0259ri<\/span><\/td>\n<\/tr>\n<tr>\n<td width=\"35\"><span style=\"color: #000000;\">10.\u00a0 \u00a0<\/span><\/td>\n<td width=\"603\"><span style=\"color: #000000;\">Tip m\u0259s\u0259l\u0259l\u0259r v\u0259 onlar\u0131n h\u0259lli yollar\u0131<\/span><\/td>\n<\/tr>\n<tr>\n<td width=\"35\"><span style=\"color: #000000;\">11.\u00a0 \u00a0<\/span><\/td>\n<td width=\"603\"><span style=\"color: #000000;\">M\u0259ntiqi t\u0259f\u0259kk\u00fcr\u00fc inki\u015faf etdir\u0259n m\u0259s\u0259l\u0259l\u0259r v\u0259 onlar\u0131n h\u0259lli yollar\u0131<\/span><\/td>\n<\/tr>\n<tr>\n<td width=\"35\"><span style=\"color: #000000;\">12.\u00a0 \u00a0<\/span><\/td>\n<td width=\"603\"><span style=\"color: #000000;\">Variasiya hesab\u0131 v\u0259 optimalla\u015fd\u0131rma \u00fcsullar\u0131<\/span><\/td>\n<\/tr>\n<tr>\n<td width=\"35\"><span style=\"color: #000000;\">13.\u00a0 \u00a0<\/span><\/td>\n<td width=\"603\"><span style=\"color: #000000;\">Triqonometrik \u00e7evirm\u0259l\u0259r, t\u0259nlikl\u0259r v\u0259 b\u0259rab\u0259rsizlikl\u0259r<\/span><\/td>\n<\/tr>\n<tr>\n<td width=\"35\"><span style=\"color: #000000;\">14.\u00a0 \u00a0<\/span><\/td>\n<td width=\"603\"><span style=\"color: #000000;\">Adi diferensial t\u0259nlikl\u0259r<\/span><\/td>\n<\/tr>\n<tr>\n<td width=\"35\"><span style=\"color: #000000;\">15.\u00a0 \u00a0<\/span><\/td>\n<td width=\"603\"><span style=\"color: #000000;\">Hesablama riyaziyyat\u0131<\/span><\/td>\n<\/tr>\n<tr>\n<td width=\"35\"><span style=\"color: #000000;\">16.\u00a0 \u00a0<\/span><\/td>\n<td width=\"603\"><span style=\"color: #000000;\">Riyaziyyat\u0131n t\u0259drisi metodikas\u0131<\/span><\/td>\n<\/tr>\n<tr>\n<td width=\"35\"><span style=\"color: #000000;\">17.\u00a0 \u00a0<\/span><\/td>\n<td width=\"603\"><span style=\"color: #000000;\">H\u0259qiqi d\u0259yi\u015f\u0259nli funksiyalar n\u0259z\u0259riyy\u0259si<\/span><\/td>\n<\/tr>\n<tr>\n<td width=\"35\"><span style=\"color: #000000;\">18.\u00a0 \u00a0<\/span><\/td>\n<td width=\"603\"><span style=\"color: #000000;\">H\u0259nd\u0259s\u0259nin \u0259saslar\u0131<\/span><\/td>\n<\/tr>\n<tr>\n<td width=\"35\"><span style=\"color: #000000;\">19.\u00a0 \u00a0<\/span><\/td>\n<td width=\"603\"><span style=\"color: #000000;\">Orta m\u0259kt\u0259bd\u0259 \u0259d\u0259di\u00a0 sisteml\u0259rin \u0259saslar\u0131<\/span><\/td>\n<\/tr>\n<tr>\n<td width=\"35\"><span style=\"color: #000000;\">20.\u00a0 \u00a0<\/span><\/td>\n<td width=\"603\"><span style=\"color: #000000;\">Analitik h\u0259nd\u0259s\u0259<\/span><\/td>\n<\/tr>\n<tr>\n<td width=\"35\"><span style=\"color: #000000;\">21.\u00a0 \u00a0<\/span><\/td>\n<td width=\"603\"><span style=\"color: #000000;\">Elementar riyaziyyat<\/span><\/td>\n<\/tr>\n<tr>\n<td width=\"35\"><span style=\"color: #000000;\">22.\u00a0 \u00a0<\/span><\/td>\n<td width=\"603\"><span style=\"color: #000000;\">Klassik mexanika<\/span><\/td>\n<\/tr>\n<tr>\n<td width=\"35\"><span style=\"color: #000000;\">23.\u00a0 \u00a0<\/span><\/td>\n<td width=\"603\"><span style=\"color: #000000;\">Mexanika<\/span><\/td>\n<\/tr>\n<tr>\n<td width=\"35\"><span style=\"color: #000000;\">24.\u00a0 \u00a0<\/span><\/td>\n<td width=\"603\"><span style=\"color: #000000;\">\u00dcmumi fizika<\/span><\/td>\n<\/tr>\n<tr>\n<td width=\"35\"><span style=\"color: #000000;\">25.\u00a0 \u00a0<\/span><\/td>\n<td width=\"603\"><span style=\"color: #000000;\">Elektrik v\u0259 maqnetizm<\/span><\/td>\n<\/tr>\n<tr>\n<td width=\"35\"><span style=\"color: #000000;\">26.\u00a0 \u00a0<\/span><\/td>\n<td width=\"603\"><span style=\"color: #000000;\">Optika<\/span><\/td>\n<\/tr>\n<tr>\n<td width=\"35\"><span style=\"color: #000000;\">27.\u00a0 \u00a0<\/span><\/td>\n<td width=\"603\"><span style=\"color: #000000;\">Molekulyar fizika<\/span><\/td>\n<\/tr>\n<tr>\n<td width=\"35\"><span style=\"color: #000000;\">28.\u00a0 \u00a0<\/span><\/td>\n<td width=\"603\"><span style=\"color: #000000;\">M\u0259kt\u0259b fizika kursunda test tap\u015f\u0131r\u0131qlar\u0131n\u0131n h\u0259lli metodikas\u0131<\/span><\/td>\n<\/tr>\n<tr>\n<td width=\"35\"><span style=\"color: #000000;\">29.\u00a0 \u00a0<\/span><\/td>\n<td width=\"603\"><span style=\"color: #000000;\">Fiziki elektronika<\/span><\/td>\n<\/tr>\n<tr>\n<td width=\"35\"><span style=\"color: #000000;\">30.\u00a0 \u00a0<\/span><\/td>\n<td width=\"603\"><span style=\"color: #000000;\">\u0130nformatikan\u0131n t\u0259drisi metodikas\u0131<\/span><\/td>\n<\/tr>\n<tr>\n<td width=\"35\"><span style=\"color: #000000;\">31.\u00a0 \u00a0<\/span><\/td>\n<td width=\"603\"><span style=\"color: #000000;\">T\u0259hsild\u0259 \u0130KT<\/span><\/td>\n<\/tr>\n<tr>\n<td width=\"35\"><span style=\"color: #000000;\">32.\u00a0 \u00a0<\/span><\/td>\n<td width=\"603\"><span style=\"color: #000000;\">S\u00fcni intellekt \u00fcsullar\u0131 v\u0259 ekspert sisteml\u0259ri<\/span><\/td>\n<\/tr>\n<tr>\n<td width=\"35\"><span style=\"color: #000000;\">33.\u00a0 \u00a0<\/span><\/td>\n<td width=\"603\"><span style=\"color: #000000;\">Proqramla\u015fd\u0131rma dill\u0259ri<\/span><\/td>\n<\/tr>\n<tr>\n<td width=\"35\"><span style=\"color: #000000;\">34.\u00a0 \u00a0<\/span><\/td>\n<td width=\"603\"><span style=\"color: #000000;\">\u0130nformatikan\u0131n n\u0259z\u0259ri \u0259saslar\u0131<\/span><\/td>\n<\/tr>\n<tr>\n<td width=\"35\"><span style=\"color: #000000;\">35.\u00a0 \u00a0<\/span><\/td>\n<td width=\"603\"><span style=\"color: #000000;\">M\u00fcasir proqramla\u015fd\u0131rman\u0131n \u0259saslar\u0131, EXCEL, VBA<\/span><\/td>\n<\/tr>\n<tr>\n<td width=\"35\"><span style=\"color: #000000;\">36.\u00a0 \u00a0<\/span><\/td>\n<td width=\"603\"><span style=\"color: #000000;\">Komp\u00fcterin aparat v\u0259 proqram\u00a0 t\u0259minat\u0131<\/span><\/td>\n<\/tr>\n<tr>\n<td width=\"35\"><span style=\"color: #000000;\">37.\u00a0 \u00a0<\/span><\/td>\n<td width=\"603\"><span style=\"color: #000000;\">Komp\u00fcter \u015f\u0259b\u0259k\u0259l\u0259ri v\u0259 multimediya texnologiyalar\u0131<\/span><\/td>\n<\/tr>\n<tr>\n<td width=\"35\"><span style=\"color: #000000;\">38.\u00a0 \u00a0<\/span><\/td>\n<td width=\"603\"><span style=\"color: #000000;\">\u0130nformatika v\u0259 t\u0259hsild\u0259 \u0130KT<\/span><\/td>\n<\/tr>\n<tr>\n<td width=\"35\"><span style=\"color: #000000;\">39.\u00a0 \u00a0<\/span><\/td>\n<td width=\"603\"><span style=\"color: #000000;\">STEAM<\/span><\/td>\n<\/tr>\n<tr>\n<td width=\"35\"><span style=\"color: #000000;\">40.\u00a0 \u00a0<\/span><\/td>\n<td width=\"603\"><span style=\"color: #000000;\">Alqoritml\u0259r n\u0259z\u0259riyy\u0259si<\/span><\/td>\n<\/tr>\n<tr>\n<td width=\"35\"><span style=\"color: #000000;\">41.\u00a0 \u00a0<\/span><\/td>\n<td width=\"603\"><span style=\"color: #000000;\">Proqramla\u015fd\u0131rma dill\u0259ri<\/span><\/td>\n<\/tr>\n<tr>\n<td width=\"35\"><span style=\"color: #000000;\">42.\u00a0 \u00a0<\/span><\/td>\n<td width=\"603\"><span style=\"color: #000000;\">Komp\u00fcter modell\u0259\u015fdirilm\u0259si<\/span><\/td>\n<\/tr>\n<\/tbody>\n<\/table>\n<p>&nbsp;<\/p>\n<p><span style=\"color: #000000;\">Kafedrada 1 istiqam\u0259t \u00fczr\u0259, 9 m\u00f6vzuda 39 elmi-t\u0259dqiqat i\u015fi yerin\u0259 yetirilir. Eyni zamanda kafedra t\u0259r\u0259find\u0259n d\u0259rslik, d\u0259rs v\u0259saiti, monaqrafiyalar da haz\u0131rlanaraq t\u0259l\u0259b\u0259l\u0259rin v\u0259 geni\u015f oxucu k\u00fctl\u0259sinin istifad\u0259sin\u0259 verilir. Kafedra \u0259m\u0259kda\u015flar\u0131 m\u00fct\u0259madi olaraq konfranslarda elmi m\u0259ruz\u0259l\u0259rl\u0259 \u00e7\u0131x\u0131\u015f edir, d\u00f6vri jurnallarda m\u0259qal\u0259l\u0259r \u00e7ap etdirirl\u0259r. 2020-2022-ci ill\u0259rd\u0259 kafedra \u0259m\u0259kda\u015flar\u0131 t\u0259r\u0259find\u0259n 3 d\u0259rs v\u0259saiti, 3 proqram v\u0259 metodik v\u0259sait haz\u0131rlanm\u0131\u015f, 24 m\u0259qal\u0259 (4-\u00fc xaricd\u0259), 13 tezis \u00e7ap etdirilmi\u015fdir.<\/span><\/p>\n<p><span style=\"color: #000000;\"><strong>\u00a0<\/strong><\/span><\/p>\n<p><span style=\"color: #000000;\"><strong>D\u0259rslik, d\u0259rs v\u0259saiti v\u0259 monoqrafiyalar:<\/strong><\/span><\/p>\n<ol>\n<li><span style=\"color: #000000;\">\u018f.M.H\u00fcmm\u0259tov. \u00dcmumi fizika kursu. Mexanika v\u0259 molekulyar fizika (metodik g\u00f6st\u0259ri\u015f). Bak\u0131, ADPU, 1987, A\u011fcab\u0259di, 2022, 53 s.<\/span><\/li>\n<li><span style=\"color: #000000;\">\u018f.M.H\u00fcmm\u0259tov. Mexanika v\u0259 molekulyar fizika (d\u0259rs v\u0259saiti). Bak\u0131, Az\u0259rn\u0259\u015fr, 2003, 597 s.<\/span><\/li>\n<li><span style=\"color: #000000;\">S.E.S\u00fcleymanov. \u0421\u043c\u0435\u0448\u0430\u043d\u043d\u0430\u044f \u0437\u0430\u0434\u0430\u0447\u0430 \u0434\u043b\u044f \u0432\u043e\u043b\u043d\u043e\u0432\u043e\u0433\u043e \u0443\u0440\u0430\u0432\u043d\u0435\u043d\u0438\u044f \u0438 \u0443\u0440\u0430\u0432\u043d\u0435\u043d\u0438\u044f \u0421\u043e\u0431\u043e\u043b\u0435\u0432\u0430 \u0432 \u0446\u0438\u043b\u0438\u043d\u0434\u0440\u0438\u0447\u0435\u0441\u043a\u043e\u0439 \u043e\u0431\u043b\u0430\u0441\u0442\u0438 (monoqrafiya). Bak\u0131, Elm, 2009, 140 s.<\/span><\/li>\n<li><span style=\"color: #000000;\">S.E.S\u00fcleymanov, dos. C.H.S\u00fcleymanov, dos. V.Y.M\u0259st\u0259liyev. Riyazi analiz kursuna giri\u015f (d\u0259rs v\u0259saiti). Bak\u0131, Elm, 2010, 206 s.<\/span><\/li>\n<li><span style=\"color: #000000;\">\u00c7.\u0130.\u018fbilov, dos. S.A.Zeynalov, R.M.Cabbarov, \u015e.A.V\u0259liyeva. \u0422\u0435\u0445\u043d\u043e\u043b\u043e\u0433\u0438\u044f \u043c\u0430\u0442\u0435\u0440\u0438\u0430\u043b\u043e\u0432 \u0438 \u044d\u043b\u0435\u043c\u0435\u043d\u0442\u043e\u0432 \u044d\u043b\u0435\u043a\u0442\u0440\u043e\u043d\u043e\u0439 t\u0435\u0445\u043d\u0438\u043a\u0438. M\u0435\u0442\u043e\u0434\u0438\u0447\u0435\u0441\u043a\u043e\u0435 \u043f\u043e\u0441\u043e\u0431\u0438\u0435 \u0434\u043b\u044f \u0432\u044b\u043f\u043e\u043b\u043d\u0435\u043d\u0438\u044f \u043b\u0430\u0431\u043e\u0440\u0430\u0431\u043e\u0440\u043d\u044b\u0445 \u0440\u0430\u0431\u043e\u0442 (metodik v\u0259sait). Bak\u0131, ADPU, 2011, 68 s.<\/span><\/li>\n<li><span style=\"color: #000000;\">\u018f.Eyvazov, dos. S.A.Zeynalov, V.\u0130.H\u00fcseynov. B\u0259rk cisiml\u0259r fizikas\u0131ndan s\u0259ciyy\u0259vi testl\u0259r (d\u0259rs v\u0259saiti). Bak\u0131, NPM, 2016, 192 s.<\/span><\/li>\n<li><span style=\"color: #000000;\">\u015e.Orucov, F.Y.\u0130smay\u0131lov. Da\u011flarda qalan izl\u0259r (b\u0259dii-publisistik \u0259s\u0259r). Bak\u0131, Elm v\u0259 t\u0259hsil, 2016, 326 s.<\/span><\/li>\n<li><span style=\"color: #000000;\">\u018f.\u018f.H\u0259ziyev. Riyaziyyatdan d\u00fc\u015f\u00fcnd\u00fcr\u00fcc\u00fc v\u0259 \u0259yl\u0259nc\u0259li \u00e7al\u0131\u015fmalar Bak\u0131, ADPU, 2018, 101 s.<\/span><\/li>\n<li><span style=\"color: #000000;\">C.Zeynalova, R.Z.H\u00fcmb\u0259t\u0259liyev, M.M.H\u00fcseynova, X.N.Rzayeva, S.A.K\u0259rimova, S.X.C\u0259lilova. Proqramla\u015fd\u0131rma dill\u0259ri-2 (d\u0259rs v\u0259saiti). Bak\u0131, Elm v\u0259 t\u0259hsil, 2019, 99 s.<\/span><\/li>\n<li><span style=\"color: #000000;\">C.Zeynalova, R.Z.H\u00fcmb\u0259t\u0259liyev, L.\u00c7.N\u0259sirova, S.C.Zeynalova, K.\u00c7.\u0130smay\u0131lov, A.R.N\u0259sirova. Riyazi m\u0259s\u0259l\u0259l\u0259rin h\u0259llind\u0259 proqramla\u015fd\u0131rman\u0131n t\u0259tbiqi metodikas\u0131 (Python proqramla\u015fd\u0131rma dilind\u0259) (d\u0259rs v\u0259saiti). Bak\u0131, Elm v\u0259 t\u0259hsil, 2019, 176 s.<\/span><\/li>\n<li><span style=\"color: #000000;\">A.Zeynalov. Riyazi fizika t\u0259nlikl\u0259ri (d\u0259rs v\u0259saiti). Bak\u0131, ADPU, 2019, 262 s.<\/span><\/li>\n<li><span style=\"color: #000000;\">\u015e.Orucov. Yurd h\u0259sr\u0259ti (b\u0259dii-publisistik \u0259s\u0259r). A\u011fcab\u0259di, 2019, 421 s.<\/span><\/li>\n<li><span style=\"color: #000000;\">S.A.Zeynalov, S.E.S\u00fcleymanov, E.V.\u018fsg\u0259rzad\u0259. Riyaziyyat (d\u0259rs v\u0259saiti). Bak\u0131, ADPU, 2020, 274 s.<\/span><\/li>\n<li><span style=\"color: #000000;\">S.A.Zeynalov, E.B.\u018flizad\u0259, E.V.\u018fsg\u0259rzad\u0259. Elementar riyaziyyat-1 (d\u0259rs v\u0259saiti). Bak\u0131, ADPU, 2021, 343 s.<\/span><\/li>\n<li><span style=\"color: #000000;\">B.\u018flizad\u0259, F.N.\u018fliyev, Y.N.\u018fliyeva, F.A.\u015eahsuvarl\u0131, Y.\u0130.Zeynalov, X.X.V\u0259liyev, N.N. \u018fliyeva, E.\u015e.\u018fliyeva, Q.\u018f.\u018fliyev. Ten-KEN Olimpiada Suallar\u0131 (d\u0259rs v\u0259saiti). Bak\u0131, SkyhE, 2022, 240 s.<\/span><\/li>\n<\/ol>\n<p><span style=\"color: #000000;\"><strong>Kafedran\u0131n t\u0259\u015fkil etdiyi t\u0259dbirl\u0259r:<\/strong><\/span><\/p>\n<ol>\n<li><span style=\"color: #000000;\">\u201cBeyn\u0259lxalq riyaziyyat\u00e7\u0131lar g\u00fcn\u00fc\u201dn\u0259 ( g\u00fcn\u00fc) h\u0259sr olunmu\u015f yar\u0131\u015f. Mart, 2021.<\/span><\/li>\n<li><span style=\"color: #000000;\">\u201cRiyaziyyat\u0131n elmi \u0259saslarla t\u0259drisin\u0259 dair\u201d d\u0259rn\u0259k. Oktyabr-noyabr 2022.<\/span><\/li>\n<li><span style=\"color: #000000;\">\u201cR\u0259q\u0259msal bacar\u0131qlara do\u011fru\u201d t\u0259lim- treninqi. Noyabr 2022.<\/span><\/li>\n<li><span style=\"color: #000000;\">\u201cG\u0259nc konstruktor\u201d d\u0259rn\u0259yi. Noyabr 2022.<\/span><\/li>\n<li><span style=\"color: #000000;\">\u201cRiyaziyyat\u0131n elmi \u0259saslarla t\u0259drisin\u0259 dair\u201d d\u0259rn\u0259k. Fevral-mart 2022.<\/span><\/li>\n<li><span style=\"color: #000000;\">\u201cG\u0259nc konstruktor\u201d d\u0259rn\u0259yi. Mart 2023.<\/span><\/li>\n<li><span style=\"color: #000000;\">\u00dcmummilli lider Heyd\u0259r \u018fliyevin anadan olmas\u0131n\u0131n 100 illik yubileyin\u0259 h\u0259sr olunmu\u015f ixtisas olimpiadas\u0131. Aprel 2023.<\/span><\/li>\n<\/ol>\n<p><span style=\"color: #000000;\"><strong>\u018flaq\u0259:\u00a0<\/strong><\/span><\/p>\n<p><span style=\"color: #000000;\">\u00dcnvan: ADPU-nun A\u011fcab\u0259di filial\u0131n\u0131n t\u0259dris binas\u0131, otaq 210<\/span><\/p>\n<p><span style=\"color: #000000;\">E-mail: sahib.zeynalov.64@list.ru<\/span><\/p>\n<p><span style=\"color: #000000;\">Tel: 050 3562811<\/span>[\/vc_column_text]<div  class=\"themesion-element themesion-element-team thsn-element-team-style-1 themesion-element-viewtype-row-column thsn-sortable-no\" data-show=\"-1\" data-columns=\"3\" data-loop=\"false\" data-autoplay=\"false\" data-center=\"false\" data-nav=\"false\" data-dots=\"false\" data-autoplayspeed=\"1000\" data-margin=\"\"><div class=\"themesion-element-inner\"><\/div><!-- .themesion-element-inner -->   <\/div><!-- .themesion-element -->  [\/vc_column][\/vc_row]<\/p>\n","protected":false},"excerpt":{"rendered":"<p>[vc_row][vc_column][vc_empty_space][vc_column_text]\u201cRiyaziyyat, informatika v\u0259 onlar\u0131n t\u0259drisi texnologiyas\u0131\u201d kafedras\u0131n\u0131n yaranma tarixi 1969-cu il\u0259 gedib \u00e7\u0131x\u0131r. M\u00fcxt\u0259lif vaxtlarda kafedran\u0131n ad\u0131 \u201c\u00dcmumi Riyaziyyat\u201d, \u201cRiyaziyyat, informatika v\u0259 onlar\u0131n t\u0259drisi metodikas\u0131\u201d adlanm\u0131\u015fd\u0131r. Kafedran\u0131n ilk m\u00fcdiri dosent N\u0259riman M\u0259mm\u0259dov olmu\u015fdur. Sonralar kafedraya professor H\u0259mdulla Aslanov, dosent C\u0259f\u0259r Zeynalov, dosent Seymur S\u00fcleymanov, dosent \u018fliqulu H\u00fcmm\u0259tov v\u0259 dosent \u015e\u00fck\u00fcr Abbasov r\u0259hb\u0259rlik etmi\u015fl\u0259r. Haz\u0131rda kafedraya [&hellip;]<\/p>\n","protected":false},"author":1,"featured_media":0,"parent":0,"menu_order":0,"comment_status":"closed","ping_status":"closed","template":"","meta":{"_acf_changed":false,"footnotes":""},"class_list":["post-13337","page","type-page","status-publish","hentry"],"acf":[],"_links":{"self":[{"href":"https:\/\/adpuagcabedi.edu.az\/index.php?rest_route=\/wp\/v2\/pages\/13337","targetHints":{"allow":["GET"]}}],"collection":[{"href":"https:\/\/adpuagcabedi.edu.az\/index.php?rest_route=\/wp\/v2\/pages"}],"about":[{"href":"https:\/\/adpuagcabedi.edu.az\/index.php?rest_route=\/wp\/v2\/types\/page"}],"author":[{"embeddable":true,"href":"https:\/\/adpuagcabedi.edu.az\/index.php?rest_route=\/wp\/v2\/users\/1"}],"replies":[{"embeddable":true,"href":"https:\/\/adpuagcabedi.edu.az\/index.php?rest_route=%2Fwp%2Fv2%2Fcomments&post=13337"}],"version-history":[{"count":3,"href":"https:\/\/adpuagcabedi.edu.az\/index.php?rest_route=\/wp\/v2\/pages\/13337\/revisions"}],"predecessor-version":[{"id":17547,"href":"https:\/\/adpuagcabedi.edu.az\/index.php?rest_route=\/wp\/v2\/pages\/13337\/revisions\/17547"}],"wp:attachment":[{"href":"https:\/\/adpuagcabedi.edu.az\/index.php?rest_route=%2Fwp%2Fv2%2Fmedia&parent=13337"}],"curies":[{"name":"wp","href":"https:\/\/api.w.org\/{rel}","templated":true}]}}