{"id":13326,"date":"2023-07-01T11:22:14","date_gmt":"2023-07-01T07:22:14","guid":{"rendered":"https:\/\/adpuagcabedi.edu.az\/?page_id=13326"},"modified":"2025-10-28T15:11:09","modified_gmt":"2025-10-28T11:11:09","slug":"ictimai-t%c9%99bi%c9%99t-f%c9%99nl%c9%99ri-v%c9%99-onlarin-t%c9%99drisi-texnologiyasi-kafedrasi","status":"publish","type":"page","link":"https:\/\/adpuagcabedi.edu.az\/?page_id=13326","title":{"rendered":"\u0130ctimai, t\u0259bi\u0259t f\u0259nl\u0259ri v\u0259 onlar\u0131n t\u0259drisi texnologiyas\u0131 kafedras\u0131"},"content":{"rendered":"<p>[vc_row][vc_column][vc_empty_space][vc_column_text]\u201c\u0130ctimai, t\u0259bi\u0259t f\u0259nl\u0259ri v\u0259 onlar\u0131n t\u0259drisi texnologiyas\u0131 kafedras\u0131 1990-c\u0131 ild\u0259 t\u0259\u015fkil olunmu\u015fdur. Kafedran\u0131n ilk m\u00fcdiri dos. Yusif F\u0259rz\u0259liyev olmu\u015fdur. Haz\u0131rda kafedraya dosent \u018fl\u0259sg\u0259rov Bax\u0131\u015f \u0130slam o\u011flu r\u0259hb\u0259rlik edir. Kafedrada \u0259sas\u0259n tarix v\u0259 co\u011frafiya f\u0259nl\u0259ri t\u0259dris olunur. T\u0259dris olunan f\u0259nl\u0259r \u00fczr\u0259 t\u0259drisin keyfiyy\u0259tini art\u0131rmaq, t\u0259dris prossesinin s\u0259m\u0259r\u0259liliyini y\u00fcks\u0259ltm\u0259k, o c\u00fcml\u0259d\u0259n, t\u0259l\u0259b\u0259l\u0259rin m\u00fcxt\u0259lif sah\u0259l\u0259r \u00fczr\u0259 n\u0259z\u0259ri bilikl\u0259rl\u0259 yana\u015f\u0131, h\u0259m d\u0259 t\u0259cr\u00fcbi v\u0259rdi\u015fl\u0259rini art\u0131rmaq m\u0259qs\u0259di il\u0259 m\u00fct\u0259madi olaraq respublikan\u0131n tan\u0131nm\u0131\u015f m\u00fct\u0259x\u0259ssisl\u0259rinin i\u015ftirak\u0131 il\u0259 elmi seminarlar ke\u00e7irilir, onlara t\u0259hsil m\u00fcdd\u0259tind\u0259 \u00f6yr\u0259nmi\u015f olduqlar\u0131 bilikl\u0259rin real h\u0259yatda t\u0259tbiqi \u00f6yr\u0259dilir. F\u0259nl\u0259rin t\u0259drisi 12 m\u00fc\u0259llim t\u0259r\u0259find\u0259n h\u0259yata ke\u00e7irilir ki, onlardan 5-i f\u0259ls\u0259f\u0259 doktoru, dosent, 1-i f\u0259ls\u0259f\u0259 doktoru, ba\u015f m\u00fc\u0259llim, 2-i ba\u015f m\u00fc\u0259llim, 4-\u00fc m\u00fc\u0259llimdir.<\/p>\n<p>&nbsp;<\/p>\n<p><strong>Kafedrada t\u0259dris olunan f\u0259nl\u0259r:<\/strong><\/p>\n<p>&nbsp;<\/p>\n<table width=\"584\">\n<tbody>\n<tr>\n<td width=\"584\">1.\u00a0\u00a0\u00a0 \u00a0\u00a0Az\u0259rbaycan tarixi<\/td>\n<\/tr>\n<tr>\n<td width=\"584\">2.\u00a0\u00a0\u00a0 \u00a0\u00a0S\/f. F\u0259ls\u0259f\u0259<\/td>\n<\/tr>\n<tr>\n<td width=\"584\">3.\u00a0\u00a0\u00a0 \u00a0Multikulturalizm\u0259 giri\u015f<\/td>\n<\/tr>\n<tr>\n<td width=\"584\">4.\u00a0\u00a0\u00a0 \u00a0Q\u0259dim d\u00fcnya tarixi<\/td>\n<\/tr>\n<tr>\n<td width=\"584\">5.\u00a0\u00a0\u00a0 \u00a0Se\u00e7m\u0259 f\u0259nn:II Blok T\u00fcrkiy\u0259 Cumhuriyy\u0259ti\u00a0 tarixi<\/td>\n<\/tr>\n<tr>\n<td width=\"584\">6.\u00a0\u00a0\u00a0 \u00a0Arxeologiya v\u0259 etnoqrafiyan\u0131n \u0259saslar\u0131<\/td>\n<\/tr>\n<tr>\n<td width=\"584\">7.\u00a0\u00a0\u00a0 \u00a0S\/f blok I: (Az\u0259rbaycan Respublikas\u0131n\u0131n Konstitutsiyas\u0131 v\u0259 h\u00fcququn \u00a0\u0259saslar\u0131)<\/td>\n<\/tr>\n<tr>\n<td width=\"584\">8.\u00a0\u00a0\u00a0 Se\u00e7m\u0259 f\u0259nn: blok 2 (Politologiya)<\/td>\n<\/tr>\n<tr>\n<td width=\"584\">9.\u00a0\u00a0\u00a0 \u00a0Az\u0259rbaycanda sosial yard\u0131m sistemi<\/td>\n<\/tr>\n<tr>\n<td width=\"584\">10. \u00a0Qafqaz xalqlar\u0131 tarixi<\/td>\n<\/tr>\n<tr>\n<td width=\"584\">11. \u00a0Tarix t\u0259liminin m\u00fcasir innovativ texnologiyalar\u0131<\/td>\n<\/tr>\n<tr>\n<td width=\"584\">12. \u00a0Co\u011frafiyan\u0131n t\u0259drisi metodikas\u0131<\/td>\n<\/tr>\n<tr>\n<td width=\"584\">13. \u00a0Sosial proqramlar v\u0259 xidm\u0259tl\u0259\u0131r<\/td>\n<\/tr>\n<tr>\n<td width=\"584\">14. \u00a0Yeni d\u00f6vr tarixi<\/td>\n<\/tr>\n<tr>\n<td width=\"584\">15. \u00a0S\/f. Tarix \u00fczr\u0259 d\u0259rsd\u0259nk\u0259nar i\u015fl\u0259r t\u0259dris ekskursiyalar\u0131<\/td>\n<\/tr>\n<tr>\n<td width=\"584\">16. \u00a0Az\u0259rbaycanda milli-azadl\u0131q h\u0259r\u0259kat\u0131<\/td>\n<\/tr>\n<tr>\n<td width=\"584\">17. \u00a0Sosial i\u015fin n\u0259z\u0259riyy\u0259si v\u0259 i\u015f t\u0259cr\u00fcb\u0259si<\/td>\n<\/tr>\n<tr>\n<td width=\"584\">18. \u00a0Turizm co\u011frafiyas\u0131<\/td>\n<\/tr>\n<tr>\n<td width=\"584\">19. \u00a0Sosial i\u015f\u0259 giri\u015f<\/td>\n<\/tr>\n<tr>\n<td width=\"584\">20. \u00a0Sosial siyas\u0259t<\/td>\n<\/tr>\n<tr>\n<td width=\"584\">21. \u00a0T\u00fcrk xalqlar\u0131 v\u0259 d\u00f6vl\u0259tl\u0259rinin tarixi<\/td>\n<\/tr>\n<tr>\n<td width=\"584\">22. \u00a0Az\u0259rbaycan tarixinin m\u0259nb\u0259\u015f\u00fcnasl\u0131\u011f\u0131 v\u0259 tarix\u015f\u00fcnasl\u0131\u011f\u0131<\/td>\n<\/tr>\n<tr>\n<td width=\"584\">23. \u00a0Tarix\u0259 k\u00f6m\u0259k\u00e7i f\u0259nl\u0259r<\/td>\n<\/tr>\n<tr>\n<td width=\"584\">24. \u00a0Sosial i\u015fd\u0259 idar\u0259etm\u0259<\/td>\n<\/tr>\n<tr>\n<td width=\"584\">25. \u00a0Az\u0259rbaycan\u0131n sivilizasiyalar v\u0259 m\u0259d\u0259niyy\u0259tl\u0259r tarixi<\/td>\n<\/tr>\n<tr>\n<td width=\"584\">26. \u00a0Secm\u0259 f\u0259nn: VI Blok Sosial iqtisadi inki\u015faf.<\/td>\n<\/tr>\n<tr>\n<td width=\"584\">27. \u00a0Secm\u0259 f\u0259nn: II Blok T\u0259hsil sistemind\u0259 sosial i\u015f<\/td>\n<\/tr>\n<tr>\n<td width=\"584\">28. \u00a0Tarixi bilikl\u0259rin inteqrativ \u00f6yr\u0259dilm\u0259si texnologiyas\u0131<\/p>\n<p>29. M\u00fcasir d\u00fcnya tarixi<\/p>\n<p>30. Az\u0259rbaycan\u0131n diplomatiya tarixi v\u0259 m\u00fcasir beyn\u0259lxalq m\u00fcnasib\u0259tl\u0259r<\/p>\n<p>31. Orta \u0259srl\u0259r tarixi<\/p>\n<p>32. Osmanl\u0131 tarixi<\/p>\n<p>33. Keys menecment<\/p>\n<p>34. Secm\u0259 f\u0259nn: V Blok Sosial i\u015f v\u0259 ail\u0259 zorak\u0131l\u0131\u011f\u0131:<\/p>\n<p>35. Sosial statistika<\/p>\n<p>36. Tarixin t\u0259drisi metodikas\u0131<\/p>\n<p>37. Se\u00e7m\u0259 f\u0259nn: I Blok \u0130slam tarixi v\u0259 m\u0259d\u0259niyy\u0259ti<\/p>\n<p>38. Secm\u0259 f\u0259nn: II Blok T\u00fcrkiy\u0259 Cumhuriyy\u0259ti tarixi<\/p>\n<p>39. \u015e\u0259rq xalqlar\u0131 tarixi<\/p>\n<p>40. Se\u00e7m\u0259 f\u0259nn:VIII Blok.\u00a0 \u0130cmalar v\u0259 t\u0259\u015fkilatlarla sosial i\u015f<\/p>\n<p>41. Secm\u0259 f\u0259nn: IV Blok. Az\u0259rbaycan\u0131n tarixi- siyasi co\u011frafiyas\u0131<\/p>\n<p>42. Secm\u0259 f\u0259nn: IX Blok Sosial iqtisadi siyas\u0259t v\u0259 qanunvericilik<\/p>\n<p>43. M\u00fcst\u0259ml\u0259k\u0259\u00e7ilik v\u0259 qloballa\u015fma tarixi<\/p>\n<p>44. Sosiologiya<\/p>\n<p>45. D\u00fcnyan\u0131n siyasi tarixi<\/td>\n<\/tr>\n<\/tbody>\n<\/table>\n<p>&nbsp;<\/p>\n<p>Kafedrada m\u00fct\u0259x\u0259ssis haz\u0131rl\u0131\u011f\u0131 elml\u0259 t\u0259hsilin v\u0259hd\u0259ti \u0259sas\u0131nda h\u0259yata ke\u00e7irilir. Kafedrada 3 istiqam\u0259t \u00fczr\u0259, 7 m\u00f6vzuda 27 elmi-t\u0259dqiqat i\u015fi yerin\u0259 yetirilir. Kafedran\u0131n elm sah\u0259sind\u0259 f\u0259aliyy\u0259ti onun profilin\u0259 uy\u011fun elmin m\u00fcvafiq sah\u0259l\u0259rinin inki\u015faf\u0131na, elmi-t\u0259dqiqatlar\u0131n n\u0259tic\u0259l\u0259rinin t\u0259dris prosesin\u0259 t\u0259tbiqin\u0259 y\u00f6n\u0259ldilir. Kafedra yerin\u0259 yetiril\u0259n elmi-t\u0259dqiqat i\u015fl\u0259rinin n\u0259tic\u0259l\u0259rini t\u0259dris prosesin\u0259 (m\u00fchazir\u0259, m\u0259\u015f\u011f\u0259l\u0259, seminar, kurs i\u015fl\u0259rin\u0259,) t\u0259tbiq olunmas\u0131n\u0131 v\u0259 monoqrafiyalar, elmi m\u0259qal\u0259l\u0259r, d\u0259rslikl\u0259r, d\u0259rs v\u0259saitl\u0259ri, metodik v\u0259saitl\u0259r \u015f\u0259klind\u0259 d\u0259rc olunmaqla v\u0259 elmi forumlarda m\u0259ruz\u0259 edil\u0259r\u0259k yay\u0131lmas\u0131n\u0131 t\u0259\u015fkil edir. Elmi-t\u0259dqiqat i\u015fl\u0259rinin n\u0259tic\u0259l\u0259ri m\u00fc\u0259llim hey\u0259tinin m\u00fc\u0259yy\u0259n v\u0259zif\u0259l\u0259r\u0259 se\u00e7kisi v\u0259 t\u0259yin olunmas\u0131 zaman\u0131 n\u0259z\u0259r\u0259 al\u0131n\u0131r. Son 5 ild\u0259 kafedra \u0259m\u0259kda\u015flar\u0131 t\u0259r\u0259find\u0259n 2 d\u0259rs v\u0259saiti, 3 monoqrafiya, 23 proqram v\u0259 metodik v\u0259sait haz\u0131rlanm\u0131\u015f, 200 m\u0259qal\u0259 (20-s\u0131 xaricd\u0259), 51 tezis (2-i xaricd\u0259) \u00e7ap etdirilmi\u015fdir.<\/p>\n<p>&nbsp;<\/p>\n<p><strong>\u00a0<\/strong><\/p>\n<p><strong>D\u0259rslik, d\u0259rs v\u0259saiti, metodik v\u0259sait v\u0259 monoqrafiyalar:<\/strong><\/p>\n<ol>\n<li>\u018fl\u0259sg\u0259rov, dos. Y.S\u0259m\u0259dov. Tarix d\u0259rsl\u0259rind\u0259 yeni metod v\u0259 anlay\u0131\u015flar\u0131n formala\u015fmas\u0131 yollar\u0131 (metodik t\u00f6vsiy\u0259). Bak\u0131, 2001, 40 s.<\/li>\n<li>S\u0259limov. Ekoloji m\u0259d\u0259niyy\u0259t qlobal probleml\u0259r kontekstind\u0259 (monoqrafiya). Bak\u0131, 2008, 45 s.<\/li>\n<li>\u018fl\u0259sg\u0259rov, b\/m. A.\u018fliyev. Az\u0259rbaycan tarixi d\u0259rsl\u0259rind\u0259 \u015fagirdl\u0259rin m\u00fcst\u0259qil i\u015fl\u0259rinin s\u0259m\u0259r\u0259li t\u0259\u015fkili yollar\u0131 (metodik t\u00f6vsiy\u0259). Bak\u0131, 2011, 48 s.<\/li>\n<li>S\u0259m\u0259dov. Tarix t\u0259limind\u0259 \u015fagirdl\u0259rin m\u0259ntiqi t\u0259f\u0259kk\u00fcr\u00fcn\u00fcn inki\u015faf etdirilm\u0259si yollar\u0131 (metodik t\u00f6vsiy\u0259). A\u011fcab\u0259di, 2011, 66 s.<\/li>\n<li>\u018fl\u0259sg\u0259rov, dos. Y.S\u0259m\u0259dov. Az\u0259rbaycan tarixi d\u0259rsl\u0259rind\u0259 tarixi m\u0259nb\u0259l\u0259rd\u0259n istifad\u0259nin rolu (d\u0259rs v\u0259saiti). G\u0259nc\u0259, 2013, 66 s.<\/li>\n<li>\u018fl\u0259sg\u0259rov, dos. Y.S\u0259m\u0259dov. Tarix d\u0259rsl\u0259rind\u0259 yaz\u0131l\u0131 m\u0259nb\u0259l\u0259rin rolu (d\u0259rs v\u0259saiti). G\u0259nc\u0259, 2013, 64 s.<\/li>\n<li>b\/m. A.\u018fliyev. Qaraba\u011f tarixinin \u00f6yr\u0259nilm\u0259sind\u0259 Mirz\u0259 Ad\u0131g\u00f6z\u0259l b\u0259yin \u201cQaraba\u011fnam\u0259\u201d \u0259s\u0259rinin rolu (d\u0259rs v\u0259saiti). A\u011fcab\u0259di, 2015, 70 s.<\/li>\n<li>S\u0259limov. Gender b\u0259rab\u0259rliyinin t\u0259minat\u0131 (d\u0259rs v\u0259saiti). Bak\u0131, 2015, 45 s.<\/li>\n<li>S\u0259limov. F\u0259ls\u0259f\u0259 (d\u0259rs v\u0259saiti). Bak\u0131, 2017, 40 s.<\/li>\n<li>\u018fl\u0259sg\u0259rov. M\u00fcasir tarixin aktual probleml\u0259ri (metodik tovsiy\u0259). C\u0259nc\u0259, 2018, 30 s.<\/li>\n<li>\u018fl\u0259sg\u0259rov, dos. Y.S\u0259m\u0259dov, k.t.\u00fc.f.d. F.C\u0259f\u0259rov. Tarix-co\u011fraf\u0131ya ixtisas\u0131 \u00fczr\u0259 kurs i\u015fl\u0259rinin yerin\u0259 yetirilm\u0259si haqq\u0131nda (metodik tovsiy\u0259). Bak\u0131, 2019, 60 s.<\/li>\n<li>k-t.\u00fc.f.d., b\/m. F.C\u0259f\u0259rov. Tarix v\u0259 co\u011frafiya ixtisas\u0131 \u00fczr\u0259 kurs i\u015fl\u0259rinin yerin\u0259 yetirilm\u0259si (metodik tovsiy\u0259). A\u011fcab\u0259di, 2019, 50 s.<\/li>\n<li>k-t.\u00fc.f.d., b\/m. F.C\u0259f\u0259rov. Torpaqlar\u0131n laborator v\u0259 \u00e7\u00f6l t\u0259dqiqat\u0131 (d\u0259rs v\u0259saiti). Bak\u0131, 2019, 172 s.<\/li>\n<li>H\u00fcseynov. \u015e\u0259rqi Avropa xalqlar\u0131n\u0131n tarixi (metodik tovsiy\u0259). A\u011fcab\u0259di, 2020, 50 s.<\/li>\n<li>H\u00fcseynov. M\u00fcasir C\u0259miyy\u0259tin inki\u015faf\u0131nda m\u0259d\u0259niyy\u0259tin rolu (monoqrafiya). Bak\u0131, 2019, 75 s.<\/li>\n<li>\u018fl\u0259sg\u0259rov. Erm\u0259ni-Az\u0259rbaycan m\u00fcnaqi\u015f\u0259si, onun tarixi xronologiyas\u0131 (d\u0259rs v\u0259saiti). A\u011fcab\u0259di, 2020, 129 s.<\/li>\n<li>k-t.\u00fc.f.d., b\/m. F.C\u0259f\u0259rov. Torpaq m\u00fcnbitliyi v\u0259 onun b\u0259rpas\u0131 (monoqrafiya). Bak\u0131, 2020, 210 s.<\/li>\n<li>\u018fl\u0259sg\u0259rov, dos. Y.S\u0259m\u0259dov. SSR\u0130-nin s\u00fcqutu v\u0259 m\u00fcst\u0259qil Az\u0259rbaycan Respublikas\u0131n\u0131n yaranmas\u0131 (metodik tovsiy\u0259). A\u011fcab\u0259di, 2021, 60 s.<\/li>\n<li>\u00fc.f.d., b\/m. A.K\u0259rimli. G\u00f6rk\u0259mli \u015f\u0259xsiyy\u0259tl\u0259r m\u00fc\u0259llim haqq\u0131nda (metodik tovsiy\u0259). Bak\u0131, 2021, 75 s.<\/li>\n<li>k-t.\u00fc.f.d., b\/m. F.C\u0259f\u0259rov. Duzadavaml\u0131 a\u011faclar\u0131n torpaq m\u00fcnbitliyinin b\u0259rpas\u0131nda \u0259h\u0259miyy\u0259ti (fito-melorasiya) (d\u0259rs v\u0259saiti). Bak\u0131, 2021, 200 s.<\/li>\n<li>k-t.\u00fc.f.d., b\/m. F.C\u0259f\u0259rov. Melorativ \u018fkin\u00e7ilik (d\u0259rs v\u0259saiti). Bak\u0131, 2021, 360 s.<\/li>\n<li>\u018fl\u0259sg\u0259rov, dos. Y.S\u0259m\u0259dov. Tarix d\u0259rsl\u0259rind\u0259 yeni metod v\u0259 anlay\u0131\u015flar\u0131n istiqam\u0259tl\u0259ri (metodik tovsiy\u0259). A\u011fcab\u0259di, 2022, 34 s.<\/li>\n<li>\u018fl\u0259sg\u0259rov, dos. Y.S\u0259m\u0259dov. Orta \u00fcmumt\u0259hsil m\u0259kt\u0259bl\u0259rind\u0259 Az\u0259rbaycan tarixinin t\u0259drisi prossesind\u0259 \u015fagirdl\u0259rin m\u00fcst\u0259qil i\u015fl\u0259rinin t\u0259\u015fkili (monoqrafiya). A\u011fcab\u0259di, 2022, 75 s.<\/li>\n<li>k-t.\u00fc.f.d., b\/m. F.C\u0259f\u0259rov. Qaraba\u011f-Mil torpaqlar\u0131n\u0131n aqrokimy\u0259vi, bioloji x\u00fcsusiyy\u0259tl\u0259ri v\u0259 onlardan s\u0259m\u0259r\u0259li istifad\u0259 (d\u0259rs v\u0259saiti). Bak\u0131, 2023, 300 s.<\/li>\n<li>B.\u018fl\u0259sg\u0259rov , XX \u0259srd\u0259 Az\u0259rbaycanda Milli Azadl\u0131q h\u0259r\u0259kat\u0131\u201d (proqram) A\u011fcab\u0259di 2023, 29 s.<\/li>\n<li>B.\u018fl\u0259sg\u0259rov \u201cAz\u0259rbaycan Respublikas\u0131n\u0131n konstitusiyas\u0131 v\u0259 h\u00fcququn \u0259saslar\u0131\u201d (proqram) A\u011fcab\u0259di 2023,<strong> 30 s.<\/strong><\/li>\n<li>B.\u018fl\u0259sg\u0259rov, Qafqaz xalqlar\u0131 tarixi (proqram) A\u011fcab\u0259di 2023, 29 s.<\/li>\n<li>B.\u018fl\u0259sg\u0259rov, Y.S\u0259m\u0259dov, t.\u00fc.f.d.b\/m. A. K\u0259rimli Se\u00e7m\u0259 f\u0259nn \u201cPolitologiyan\u0131n \u0259saslar\u0131\u201d (proqram) A\u011fcab\u0259di 2023, 30 s.<\/li>\n<li>M. H\u00fcseynov, 44 g\u00fcnl\u00fck z\u0259f\u0259r sava\u015f\u0131 (monoqrafiya) A\u011fcab\u0259di 2024, 255 s.<\/li>\n<li>F.C\u0259f\u0259rov, Qaraba\u011f-Mil torpaqlar\u0131n\u0131n aqrokimy\u0259vi, bioloji x\u00fcsusiyy\u0259tl\u0259ri v\u0259 onlardan s\u0259m\u0259r\u0259li istifad\u0259 (D\u0259rs v\u0259saiti) Bak\u0131, 2023, 30 s.<\/li>\n<li>F.C\u0259f\u0259rov, Az\u0259rbaycan t\u0259hsili v\u0259 layih\u0259l\u0259rin idar\u0259 edilm\u0259si (proqram) Bak\u0131, 2023,\u00a0 30 s.<\/li>\n<li>F.C\u0259f\u0259rov, Az\u0259rbaycan land\u015faftlar\u0131 (proqram) Bak\u0131, 2023, 31 s.<\/li>\n<li>B.\u018fl\u0259sg\u0259rov, b\/m. A.\u018fliyev, Az\u0259rbaycan\u0131n m\u0259d\u0259niyy\u0259t tarixi (proqram) A\u011fcab\u0259di 2023, 29 s.<\/li>\n<li>B.\u018fl\u0259sg\u0259rov, b\/m. F. M\u0259mm\u0259dov, \u201cCo\u011frafiya x\u0259rit\u0259l\u0259ri\u00a0 v\u0259 onun\u00a0 \u00fcz\u0259rind\u0259 \u00e7al\u0131\u015fmalar\u201d (proqram) A\u011fcab\u0259di 2023,\u00a0 29 s.<\/li>\n<li>B.\u018fl\u0259sg\u0259rov, b\/m. F. M\u0259mm\u0259dov, \u201cF\u0259rdl\u0259r, qruplar v\u0259 ail\u0259l\u0259rl\u0259 sosial i\u015f\u201d (proqram) A\u011fcab\u0259di 2024, 30 s.<\/li>\n<li>B.\u018fl\u0259sg\u0259rov, b\/m. F. M\u0259mm\u0259dov, Sosial proqramlar v\u0259 xidm\u0259tl\u0259r (proqram) A\u011fcab\u0259di 2024, 29 s.<\/li>\n<li>B.\u018fl\u0259sg\u0259rov, Az\u0259rbaycan\u0131n tarixi \u2013siyasi co\u011frafiyas\u0131 (proqram) A\u011fcab\u0259di 2025, 30 s.<\/li>\n<li>B.\u018fl\u0259sg\u0259rov, b\/m. F. M\u0259mm\u0259dov, \u0130cmalarla v\u0259 t\u0259\u015fkilatlarla sosial i\u015f, (proqram) A\u011fcab\u0259di 2025, 29 s.<\/li>\n<li>B.\u018fl\u0259sg\u0259rov, Multukulturalizm\u0259 giri\u015f, (proqram) A\u011fcab\u0259di 2025, 32 s.<\/li>\n<li>B.\u018fl\u0259sg\u0259rov, Sosial i\u015fin n\u0259z\u0259riyy\u0259si v\u0259 i\u015f t\u0259cr\u00fcb\u0259si, (proqram) A\u011fcab\u0259di 2025, 30 s.<\/li>\n<li>S\u0259limov. F\u0259ls\u0259f\u0259 (proqram) A\u011fcab\u0259di 2025, 25 s.<\/li>\n<li>8 noyabr Z\u0259f\u0259r zirv\u0259si\u201d (metodik v\u0259sait) A\u011fcab\u0259di 2024, 24 s.<\/li>\n<\/ol>\n<p>&nbsp;<\/p>\n<p><strong>\u00a0 <\/strong><strong>Kafedran\u0131n t\u0259\u015fkil etdiyi t\u0259dbirl\u0259r:<\/strong><\/p>\n<ol>\n<li>\u201cZ\u0259f\u0259r g\u00fcn\u00fc Az\u0259rbaycan\u0131n \u015fanl\u0131 tarixidir\u201d m\u00f6vzusunda t\u0259dbir. Noyabr 2022<\/li>\n<li>\u00dcmummilli lider H.\u018fliyevin 100 illik yubileyin\u0259 h\u0259sr olunmu\u015f d\u0259yirmi masa. Mart 2023<\/li>\n<li>\u00dcmummilli lider H.\u018fliyevin 100 illik yubileyin\u0259 h\u0259sr olunmu\u015f \u201cHeyd\u0259r \u018fliyev v\u0259 M\u00fcst\u0259qil Az\u0259rbaycan D\u00f6vl\u0259ti\u201d m\u00f6vzusunda elmi-praktik konfrans. Mart 2023<\/li>\n<li>\u201cYa\u015f\u0131l D\u00fcnya namin\u0259 h\u0259mr\u0259ylik ili\u201d n\u0259 h\u0259sr olunmu\u015f \u201cEkologiysa v\u0259 \u0259traf m\u00fchitin m\u00fchafiz\u0259si probleml\u0259ri\u201d m\u00f6vzusunda elmi-praktik konfrans Oktyabr 2024<strong>\u00a0<\/strong><\/li>\n<\/ol>\n<p><strong>\u00a0<\/strong><\/p>\n<p><strong>\u018flaq\u0259:\u00a0<\/strong><\/p>\n<p>\u00dcnvan: ADPU-nun A\u011fcab\u0259di filial\u0131n\u0131n t\u0259dris binas\u0131, otaq 209<\/p>\n<p>E-mail: elesgerov.adpu@mail.ru<\/p>\n<p>Tel: 055\u00a0704-35-27[\/vc_column_text]<div  class=\"themesion-element themesion-element-team thsn-element-team-style-1 themesion-element-viewtype-row-column thsn-sortable-no\" data-show=\"-1\" data-columns=\"3\" data-loop=\"false\" data-autoplay=\"false\" data-center=\"false\" data-nav=\"false\" data-dots=\"false\" data-autoplayspeed=\"1000\" data-margin=\"\"><div class=\"themesion-element-inner\"><\/div><!-- .themesion-element-inner -->   <\/div><!-- .themesion-element -->  [\/vc_column][\/vc_row]<\/p>\n","protected":false},"excerpt":{"rendered":"<p>[vc_row][vc_column][vc_empty_space][vc_column_text]\u201c\u0130ctimai, t\u0259bi\u0259t f\u0259nl\u0259ri v\u0259 onlar\u0131n t\u0259drisi texnologiyas\u0131 kafedras\u0131 1990-c\u0131 ild\u0259 t\u0259\u015fkil olunmu\u015fdur. Kafedran\u0131n ilk m\u00fcdiri dos. Yusif F\u0259rz\u0259liyev olmu\u015fdur. Haz\u0131rda kafedraya dosent \u018fl\u0259sg\u0259rov Bax\u0131\u015f \u0130slam o\u011flu r\u0259hb\u0259rlik edir. Kafedrada \u0259sas\u0259n tarix v\u0259 co\u011frafiya f\u0259nl\u0259ri t\u0259dris olunur. T\u0259dris olunan f\u0259nl\u0259r \u00fczr\u0259 t\u0259drisin keyfiyy\u0259tini art\u0131rmaq, t\u0259dris prossesinin s\u0259m\u0259r\u0259liliyini y\u00fcks\u0259ltm\u0259k, o c\u00fcml\u0259d\u0259n, t\u0259l\u0259b\u0259l\u0259rin m\u00fcxt\u0259lif sah\u0259l\u0259r \u00fczr\u0259 n\u0259z\u0259ri bilikl\u0259rl\u0259 [&hellip;]<\/p>\n","protected":false},"author":1,"featured_media":0,"parent":0,"menu_order":0,"comment_status":"closed","ping_status":"closed","template":"","meta":{"_acf_changed":false,"footnotes":""},"class_list":["post-13326","page","type-page","status-publish","hentry"],"acf":[],"_links":{"self":[{"href":"https:\/\/adpuagcabedi.edu.az\/index.php?rest_route=\/wp\/v2\/pages\/13326","targetHints":{"allow":["GET"]}}],"collection":[{"href":"https:\/\/adpuagcabedi.edu.az\/index.php?rest_route=\/wp\/v2\/pages"}],"about":[{"href":"https:\/\/adpuagcabedi.edu.az\/index.php?rest_route=\/wp\/v2\/types\/page"}],"author":[{"embeddable":true,"href":"https:\/\/adpuagcabedi.edu.az\/index.php?rest_route=\/wp\/v2\/users\/1"}],"replies":[{"embeddable":true,"href":"https:\/\/adpuagcabedi.edu.az\/index.php?rest_route=%2Fwp%2Fv2%2Fcomments&post=13326"}],"version-history":[{"count":8,"href":"https:\/\/adpuagcabedi.edu.az\/index.php?rest_route=\/wp\/v2\/pages\/13326\/revisions"}],"predecessor-version":[{"id":16832,"href":"https:\/\/adpuagcabedi.edu.az\/index.php?rest_route=\/wp\/v2\/pages\/13326\/revisions\/16832"}],"wp:attachment":[{"href":"https:\/\/adpuagcabedi.edu.az\/index.php?rest_route=%2Fwp%2Fv2%2Fmedia&parent=13326"}],"curies":[{"name":"wp","href":"https:\/\/api.w.org\/{rel}","templated":true}]}}