{"id":13280,"date":"2023-06-06T16:08:52","date_gmt":"2023-06-06T12:08:52","guid":{"rendered":"https:\/\/adpuagcabedi.edu.az\/?page_id=13280"},"modified":"2023-07-03T19:02:39","modified_gmt":"2023-07-03T15:02:39","slug":"idman-sektoru-2","status":"publish","type":"page","link":"https:\/\/adpuagcabedi.edu.az\/?page_id=13280","title":{"rendered":"\u0130dman Sektoru"},"content":{"rendered":"<p>[vc_row][vc_column][vc_empty_space][vc_column_text]<span style=\"color: #000000;\">Az\u0259rbaycan D\u00f6vl\u0259t Pedaqoji Universitetinin A\u011fcab\u0259di filial\u0131nda 01.09.2015-ci ild\u0259 \u0130dman Sektoru yarad\u0131lm\u0131\u015fd\u0131r.<\/span><br \/>\n<strong><span style=\"color: #000000;\">\u0130dman Sektorunda 1 n\u0259f\u0259r m\u0259\u015fq\u00e7i f\u0259alliyy\u0259t g\u00f6st\u0259rir.<\/span><\/strong><br \/>\n<span style=\"color: #000000;\">Az\u0259rbaycan D\u00f6vl\u0259t Pedaqoji Universitetinin A\u011fcab\u0259di filial\u0131nda fitbol, voleybol, stol\u00fcst\u00fc tennis, \u015fahmat, dama idman n\u00f6vl\u0259ri \u00fczr\u0259 m\u0259\u015f\u011f\u0259l\u0259l\u0259r ke\u00e7irilir v\u0259 m\u00fct\u0259madi olaraq yar\u0131\u015flar t\u0259\u015fkil edilir.<\/span>[\/vc_column_text][vc_empty_space]<div  class=\"themesion-element themesion-element-team thsn-element-team-style-1 themesion-element-viewtype-row-column thsn-sortable-no\" data-show=\"3\" data-columns=\"3\" data-loop=\"false\" data-autoplay=\"false\" data-center=\"false\" data-nav=\"false\" data-dots=\"false\" data-autoplayspeed=\"1000\" data-margin=\"\"><div class=\"themesion-element-inner\"><\/div><!-- .themesion-element-inner -->   <\/div><!-- .themesion-element -->  [\/vc_column][\/vc_row]<\/p>\n","protected":false},"excerpt":{"rendered":"<p>[vc_row][vc_column][vc_empty_space][vc_column_text]Az\u0259rbaycan D\u00f6vl\u0259t Pedaqoji Universitetinin A\u011fcab\u0259di filial\u0131nda 01.09.2015-ci ild\u0259 \u0130dman Sektoru yarad\u0131lm\u0131\u015fd\u0131r. \u0130dman Sektorunda 1 n\u0259f\u0259r m\u0259\u015fq\u00e7i f\u0259alliyy\u0259t g\u00f6st\u0259rir. Az\u0259rbaycan D\u00f6vl\u0259t Pedaqoji Universitetinin A\u011fcab\u0259di filial\u0131nda fitbol, voleybol, stol\u00fcst\u00fc tennis, \u015fahmat, dama idman n\u00f6vl\u0259ri \u00fczr\u0259 m\u0259\u015f\u011f\u0259l\u0259l\u0259r ke\u00e7irilir v\u0259 m\u00fct\u0259madi olaraq yar\u0131\u015flar t\u0259\u015fkil edilir.[\/vc_column_text][vc_empty_space][\/vc_column][\/vc_row]<\/p>\n","protected":false},"author":1,"featured_media":0,"parent":0,"menu_order":0,"comment_status":"closed","ping_status":"closed","template":"","meta":{"_acf_changed":false,"footnotes":""},"class_list":["post-13280","page","type-page","status-publish","hentry"],"acf":[],"_links":{"self":[{"href":"https:\/\/adpuagcabedi.edu.az\/index.php?rest_route=\/wp\/v2\/pages\/13280","targetHints":{"allow":["GET"]}}],"collection":[{"href":"https:\/\/adpuagcabedi.edu.az\/index.php?rest_route=\/wp\/v2\/pages"}],"about":[{"href":"https:\/\/adpuagcabedi.edu.az\/index.php?rest_route=\/wp\/v2\/types\/page"}],"author":[{"embeddable":true,"href":"https:\/\/adpuagcabedi.edu.az\/index.php?rest_route=\/wp\/v2\/users\/1"}],"replies":[{"embeddable":true,"href":"https:\/\/adpuagcabedi.edu.az\/index.php?rest_route=%2Fwp%2Fv2%2Fcomments&post=13280"}],"version-history":[{"count":6,"href":"https:\/\/adpuagcabedi.edu.az\/index.php?rest_route=\/wp\/v2\/pages\/13280\/revisions"}],"predecessor-version":[{"id":13366,"href":"https:\/\/adpuagcabedi.edu.az\/index.php?rest_route=\/wp\/v2\/pages\/13280\/revisions\/13366"}],"wp:attachment":[{"href":"https:\/\/adpuagcabedi.edu.az\/index.php?rest_route=%2Fwp%2Fv2%2Fmedia&parent=13280"}],"curies":[{"name":"wp","href":"https:\/\/api.w.org\/{rel}","templated":true}]}}