{"id":13146,"date":"2023-01-18T16:59:12","date_gmt":"2023-01-18T12:59:12","guid":{"rendered":"https:\/\/adpuagcabedi.edu.az\/?page_id=13146"},"modified":"2025-10-07T14:27:36","modified_gmt":"2025-10-07T10:27:36","slug":"komputer-m%c9%99rk%c9%99zi","status":"publish","type":"page","link":"https:\/\/adpuagcabedi.edu.az\/?page_id=13146","title":{"rendered":"Komp\u00fcter m\u0259rk\u0259zi"},"content":{"rendered":"<p>[vc_row][vc_column][vc_empty_space]<div  class=\"themesion-element themesion-element-team thsn-element-team-style-1 themesion-element-viewtype-row-column thsn-sortable-no\" data-show=\"-1\" data-columns=\"3\" data-loop=\"false\" data-autoplay=\"false\" data-center=\"false\" data-nav=\"false\" data-dots=\"false\" data-autoplayspeed=\"1000\" data-margin=\"\"><div class=\"themesion-element-inner\"><div class=\"thsn-element-posts-wrapper row multi-columns-row\"><div class=\"thsn-ele thsn-team-ele col-md-4 \"><article class=\"themesion-ele themesion-ele-team thsn-team-style-1\">\r\n\t<div class=\"themesion-post-item\">\r\n\t\t<div class=\"themesion-team-image-box\">\r\n\t\t\t<div class=\"thsn-featured-wrapper\"><a href=\"https:\/\/adpuagcabedi.edu.az\/?thsn-team-member=n%c9%99sirova-sahib%c9%99-ismayil-qizi\"><img loading=\"lazy\" decoding=\"async\" width=\"500\" height=\"580\" src=\"https:\/\/adpuagcabedi.edu.az\/wp-content\/uploads\/2022\/12\/03.jpg\" class=\"attachment-thsn-img-500x580 size-thsn-img-500x580 wp-post-image\" alt=\"\" srcset=\"https:\/\/adpuagcabedi.edu.az\/wp-content\/uploads\/2022\/12\/03.jpg 500w, https:\/\/adpuagcabedi.edu.az\/wp-content\/uploads\/2022\/12\/03-259x300.jpg 259w\" sizes=\"auto, (max-width: 500px) 100vw, 500px\" data-id=\"13527\" \/><\/a><\/div>\t\t<\/div>\r\n\t\t<div class=\"themesion-box-content\">\r\n\t\t\t<div class=\"themesion-box-content-inner\">\t\t\t\t\r\n\t\t\t\t<div class=\"themesion-box-team-position\">\r\n\t\t\t\t\t\t\t<div class=\"themesion-box-team-position\">M\u00fcdir<\/div>\r\n\t\t\t\t\t\t<\/div>\r\n\t\t\t\t<h3 class=\"thsn-team-title\"><a href=\"https:\/\/adpuagcabedi.edu.az\/?thsn-team-member=n%c9%99sirova-sahib%c9%99-ismayil-qizi\">N\u0259sirova Sahib\u0259 \u0130smay\u0131l q\u0131z\u0131<\/a><\/h3>\r\n\t\t\t<\/div>\r\n\t\t\t<div class=\"themesion-box-social-links\"><\/div>\r\n\t\t<\/div>\r\n\t<\/div>\r\n<\/article><\/div><div class=\"thsn-ele thsn-team-ele col-md-4 \"><article class=\"themesion-ele themesion-ele-team thsn-team-style-1\">\r\n\t<div class=\"themesion-post-item\">\r\n\t\t<div class=\"themesion-team-image-box\">\r\n\t\t\t<div class=\"thsn-featured-wrapper\"><a href=\"https:\/\/adpuagcabedi.edu.az\/?thsn-team-member=islamov-yasar-surxay-oglu\"><img loading=\"lazy\" decoding=\"async\" width=\"500\" height=\"580\" src=\"https:\/\/adpuagcabedi.edu.az\/wp-content\/uploads\/2022\/12\/Untitled-1.jpg\" class=\"attachment-thsn-img-500x580 size-thsn-img-500x580 wp-post-image\" alt=\"\" srcset=\"https:\/\/adpuagcabedi.edu.az\/wp-content\/uploads\/2022\/12\/Untitled-1.jpg 500w, https:\/\/adpuagcabedi.edu.az\/wp-content\/uploads\/2022\/12\/Untitled-1-259x300.jpg 259w\" sizes=\"auto, (max-width: 500px) 100vw, 500px\" data-id=\"13528\" \/><\/a><\/div>\t\t<\/div>\r\n\t\t<div class=\"themesion-box-content\">\r\n\t\t\t<div class=\"themesion-box-content-inner\">\t\t\t\t\r\n\t\t\t\t<div class=\"themesion-box-team-position\">\r\n\t\t\t\t\t\t\t<div class=\"themesion-box-team-position\">M\u00fct\u0259x\u0259ssis (komp\u00fcter proqramla\u015fd\u0131rmas\u0131 \u00fczr\u0259)<\/div>\r\n\t\t\t\t\t\t<\/div>\r\n\t\t\t\t<h3 class=\"thsn-team-title\"><a href=\"https:\/\/adpuagcabedi.edu.az\/?thsn-team-member=islamov-yasar-surxay-oglu\">\u0130slamov Ya\u015far Surxay o\u011flu<\/a><\/h3>\r\n\t\t\t<\/div>\r\n\t\t\t<div class=\"themesion-box-social-links\"><\/div>\r\n\t\t<\/div>\r\n\t<\/div>\r\n<\/article><\/div><div class=\"thsn-ele thsn-team-ele col-md-4 \"><article class=\"themesion-ele themesion-ele-team thsn-team-style-1\">\r\n\t<div class=\"themesion-post-item\">\r\n\t\t<div class=\"themesion-team-image-box\">\r\n\t\t\t<div class=\"thsn-featured-wrapper\"><a href=\"https:\/\/adpuagcabedi.edu.az\/?thsn-team-member=quliyev-vahid-%c9%99h%c9%99d-oglu\"><img loading=\"lazy\" decoding=\"async\" width=\"500\" height=\"580\" src=\"https:\/\/adpuagcabedi.edu.az\/wp-content\/uploads\/2022\/12\/02.jpg\" class=\"attachment-thsn-img-500x580 size-thsn-img-500x580 wp-post-image\" alt=\"\" srcset=\"https:\/\/adpuagcabedi.edu.az\/wp-content\/uploads\/2022\/12\/02.jpg 500w, https:\/\/adpuagcabedi.edu.az\/wp-content\/uploads\/2022\/12\/02-259x300.jpg 259w\" sizes=\"auto, (max-width: 500px) 100vw, 500px\" data-id=\"13526\" \/><\/a><\/div>\t\t<\/div>\r\n\t\t<div class=\"themesion-box-content\">\r\n\t\t\t<div class=\"themesion-box-content-inner\">\t\t\t\t\r\n\t\t\t\t<div class=\"themesion-box-team-position\">\r\n\t\t\t\t\t\t\t<div class=\"themesion-box-team-position\">M\u00fct\u0259x\u0259ssis (texniki d\u0259st\u0259k \u00fczr\u0259)<\/div>\r\n\t\t\t\t\t\t<\/div>\r\n\t\t\t\t<h3 class=\"thsn-team-title\"><a href=\"https:\/\/adpuagcabedi.edu.az\/?thsn-team-member=quliyev-vahid-%c9%99h%c9%99d-oglu\">Quliyev Vahid \u018fh\u0259d o\u011flu<\/a><\/h3>\r\n\t\t\t<\/div>\r\n\t\t\t<div class=\"themesion-box-social-links\"><\/div>\r\n\t\t<\/div>\r\n\t<\/div>\r\n<\/article><\/div><div class=\"thsn-ele thsn-team-ele col-md-4 \"><article class=\"themesion-ele themesion-ele-team thsn-team-style-1\">\r\n\t<div class=\"themesion-post-item\">\r\n\t\t<div class=\"themesion-team-image-box\">\r\n\t\t\t<div class=\"thsn-featured-wrapper\"><a href=\"https:\/\/adpuagcabedi.edu.az\/?thsn-team-member=%c9%99liyeva-fatma-%c9%99li-qizi\"><img loading=\"lazy\" decoding=\"async\" width=\"500\" height=\"580\" src=\"https:\/\/adpuagcabedi.edu.az\/wp-content\/uploads\/2022\/12\/0104-500x580.jpg\" class=\"attachment-thsn-img-500x580 size-thsn-img-500x580 wp-post-image\" alt=\"\" data-id=\"13524\" \/><\/a><\/div>\t\t<\/div>\r\n\t\t<div class=\"themesion-box-content\">\r\n\t\t\t<div class=\"themesion-box-content-inner\">\t\t\t\t\r\n\t\t\t\t<div class=\"themesion-box-team-position\">\r\n\t\t\t\t\t\t\t<div class=\"themesion-box-team-position\">M\u00fct\u0259x\u0259ssis (t\u0259rtibat v\u0259 dizayn \u00fczr\u0259)<\/div>\r\n\t\t\t\t\t\t<\/div>\r\n\t\t\t\t<h3 class=\"thsn-team-title\"><a href=\"https:\/\/adpuagcabedi.edu.az\/?thsn-team-member=%c9%99liyeva-fatma-%c9%99li-qizi\">\u018fliyeva Fatma \u018fli q\u0131z\u0131<\/a><\/h3>\r\n\t\t\t<\/div>\r\n\t\t\t<div class=\"themesion-box-social-links\"><\/div>\r\n\t\t<\/div>\r\n\t<\/div>\r\n<\/article><\/div><div class=\"thsn-ele thsn-team-ele col-md-4 \"><article class=\"themesion-ele themesion-ele-team thsn-team-style-1\">\r\n\t<div class=\"themesion-post-item\">\r\n\t\t<div class=\"themesion-team-image-box\">\r\n\t\t\t<div class=\"thsn-featured-wrapper\"><a href=\"https:\/\/adpuagcabedi.edu.az\/?thsn-team-member=b%c9%99d%c9%99lov-habil-v%c9%99li-oglu\"><img loading=\"lazy\" decoding=\"async\" width=\"500\" height=\"580\" src=\"https:\/\/adpuagcabedi.edu.az\/wp-content\/uploads\/2022\/12\/0103-500x580.jpg\" class=\"attachment-thsn-img-500x580 size-thsn-img-500x580 wp-post-image\" alt=\"\" data-id=\"13523\" \/><\/a><\/div>\t\t<\/div>\r\n\t\t<div class=\"themesion-box-content\">\r\n\t\t\t<div class=\"themesion-box-content-inner\">\t\t\t\t\r\n\t\t\t\t<div class=\"themesion-box-team-position\">\r\n\t\t\t\t\t\t\t<div class=\"themesion-box-team-position\">Operator<\/div>\r\n\t\t\t\t\t\t<\/div>\r\n\t\t\t\t<h3 class=\"thsn-team-title\"><a href=\"https:\/\/adpuagcabedi.edu.az\/?thsn-team-member=b%c9%99d%c9%99lov-habil-v%c9%99li-oglu\">B\u0259d\u0259lov Habil V\u0259li o\u011flu<\/a><\/h3>\r\n\t\t\t<\/div>\r\n\t\t\t<div class=\"themesion-box-social-links\"><\/div>\r\n\t\t<\/div>\r\n\t<\/div>\r\n<\/article><\/div><div class=\"thsn-ele thsn-team-ele col-md-4 \"><article class=\"themesion-ele themesion-ele-team thsn-team-style-1\">\r\n\t<div class=\"themesion-post-item\">\r\n\t\t<div class=\"themesion-team-image-box\">\r\n\t\t\t<div class=\"thsn-featured-wrapper\"><a href=\"https:\/\/adpuagcabedi.edu.az\/?thsn-team-member=aslanova-nazil%c9%99-aslan-qizi\"><img loading=\"lazy\" decoding=\"async\" width=\"500\" height=\"580\" src=\"https:\/\/adpuagcabedi.edu.az\/wp-content\/uploads\/2022\/12\/0102-500x580.jpg\" class=\"attachment-thsn-img-500x580 size-thsn-img-500x580 wp-post-image\" alt=\"\" data-id=\"13522\" \/><\/a><\/div>\t\t<\/div>\r\n\t\t<div class=\"themesion-box-content\">\r\n\t\t\t<div class=\"themesion-box-content-inner\">\t\t\t\t\r\n\t\t\t\t<div class=\"themesion-box-team-position\">\r\n\t\t\t\t\t\t\t<div class=\"themesion-box-team-position\">Operator<\/div>\r\n\t\t\t\t\t\t<\/div>\r\n\t\t\t\t<h3 class=\"thsn-team-title\"><a href=\"https:\/\/adpuagcabedi.edu.az\/?thsn-team-member=aslanova-nazil%c9%99-aslan-qizi\">Aslanova Nazil\u0259 Aslan q\u0131z\u0131<\/a><\/h3>\r\n\t\t\t<\/div>\r\n\t\t\t<div class=\"themesion-box-social-links\"><\/div>\r\n\t\t<\/div>\r\n\t<\/div>\r\n<\/article><\/div><\/div><\/div><!-- .themesion-element-inner -->   <\/div><!-- .themesion-element -->  [\/vc_column][\/vc_row]<\/p>\n","protected":false},"excerpt":{"rendered":"<p>[vc_row][vc_column][vc_empty_space][\/vc_column][\/vc_row]<\/p>\n","protected":false},"author":1,"featured_media":0,"parent":0,"menu_order":0,"comment_status":"closed","ping_status":"closed","template":"","meta":{"_acf_changed":false,"footnotes":""},"class_list":["post-13146","page","type-page","status-publish","hentry"],"acf":[],"_links":{"self":[{"href":"https:\/\/adpuagcabedi.edu.az\/index.php?rest_route=\/wp\/v2\/pages\/13146","targetHints":{"allow":["GET"]}}],"collection":[{"href":"https:\/\/adpuagcabedi.edu.az\/index.php?rest_route=\/wp\/v2\/pages"}],"about":[{"href":"https:\/\/adpuagcabedi.edu.az\/index.php?rest_route=\/wp\/v2\/types\/page"}],"author":[{"embeddable":true,"href":"https:\/\/adpuagcabedi.edu.az\/index.php?rest_route=\/wp\/v2\/users\/1"}],"replies":[{"embeddable":true,"href":"https:\/\/adpuagcabedi.edu.az\/index.php?rest_route=%2Fwp%2Fv2%2Fcomments&post=13146"}],"version-history":[{"count":2,"href":"https:\/\/adpuagcabedi.edu.az\/index.php?rest_route=\/wp\/v2\/pages\/13146\/revisions"}],"predecessor-version":[{"id":16413,"href":"https:\/\/adpuagcabedi.edu.az\/index.php?rest_route=\/wp\/v2\/pages\/13146\/revisions\/16413"}],"wp:attachment":[{"href":"https:\/\/adpuagcabedi.edu.az\/index.php?rest_route=%2Fwp%2Fv2%2Fmedia&parent=13146"}],"curies":[{"name":"wp","href":"https:\/\/api.w.org\/{rel}","templated":true}]}}