{"id":13125,"date":"2023-01-18T16:25:13","date_gmt":"2023-01-18T12:25:13","guid":{"rendered":"https:\/\/adpuagcabedi.edu.az\/?page_id=13125"},"modified":"2026-04-13T16:22:22","modified_gmt":"2026-04-13T12:22:22","slug":"umumi-sob%c9%99","status":"publish","type":"page","link":"https:\/\/adpuagcabedi.edu.az\/?page_id=13125","title":{"rendered":"\u0130nsan resurslar\u0131 v\u0259 karg\u00fczarl\u0131q \u015f\u00f6b\u0259si"},"content":{"rendered":"<p>[vc_row][vc_column][vc_empty_space][vc_column_text]<span style=\"color: #000000;\">\u0130nsan resurslar\u0131 v\u0259 karg\u00fczarl\u0131q \u015f\u00f6b\u0259si Az\u0259rbaycan D\u00f6vl\u0259t Pedaqoji Universitetinin A\u011fcab\u0259di filial\u0131n\u0131n struktur b\u00f6lm\u0259si olaraq t\u0259hsil qanunvericiliyinin t\u0259l\u0259bl\u0259rin\u0259 uy\u011fun, filial\u0131n f\u0259aliyy\u0259t n\u00f6v\u00fcn\u00fc, strateqiyas\u0131n\u0131 v\u0259 m\u0259qs\u0259dl\u0259rini n\u0259z\u0259r\u0259 alaraq t\u0259l\u0259b olunan pe\u015f\u0259 v\u0259 ixtisasa malik olan kadrlarla filial\u0131n t\u0259minat\u0131n\u0131 t\u0259\u015fkil edir, filialda karg\u00fczarl\u0131q, s\u0259n\u0259d, el\u0259c\u0259 d\u0259 elektron s\u0259n\u0259d d\u00f6vriyy\u0259si, arxiv i\u015fi v\u0259 v\u0259t\u0259nda\u015flar\u0131n q\u0259bulu, onlar\u0131n m\u00fcraci\u0259tl\u0259rin\u0259 bax\u0131lmas\u0131 i\u015fl\u0259rinin qanunvericiliyin t\u0259l\u0259bl\u0259rin\u0259 uy\u011fun olaraq t\u0259\u015fkili v\u0259 h\u0259yata ke\u00e7irilm\u0259sini t\u0259min edir. \u015e\u00f6b\u0259, \u0259m\u0259kda\u015flarla ba\u011fl\u0131 m\u00fcvafiq \u0259mrl\u0259r (i\u015f\u0259 q\u0259bul, yerd\u0259yi\u015fm\u0259, i\u015fd\u0259n azad edilm\u0259, ezamiyy\u0259t, m\u0259zuniyy\u0259t, m\u00fckafat, intizam t\u0259nbehi, struktur v\u0259 f\u0259aliyy\u0259tl\u0259 ba\u011fl\u0131 dig\u0259r \u0259mrl\u0259r) haz\u0131r\u0131lanmas\u0131 i\u015fl\u0259rini yerin\u0259 yetirir.<\/span><br \/>\n<span style=\"color: #000000;\">ADPU-nun A\u011fcab\u0259di filial\u0131nda t\u0259hsilin keyfiyy\u0259tinin y\u00fcks\u0259ldilm\u0259si v\u0259 m\u00fcasir standartlara uy\u011funla\u015fd\u0131r\u0131lmas\u0131 \u00fc\u00e7\u00fcn m\u00fc\u0259lliml\u0259rin i\u015f\u0259 q\u0259bulu v\u0259 professor-m\u00fc\u0259llim hey\u0259tinin se\u00e7imi \u201cAli t\u0259hsil m\u00fc\u0259ssis\u0259l\u0259rind\u0259 professor-m\u00fc\u0259llim v\u0259 kafedra m\u00fcdiri v\u0259zif\u0259l\u0259rinin tutulmas\u0131 Qaydalar\u0131\u201dna \u0259sas\u0259n m\u00fcsabiq\u0259 yolu il\u0259 h\u0259yata ke\u00e7irilir v\u0259 m\u00fc\u0259lliml\u0259r m\u00fcvafiq olaraq 5 illik v\u0259 1 illik m\u00fcqavil\u0259 yolu il\u0259 i\u015fl\u0259yirl\u0259r. M\u00fc\u0259yy\u0259nl\u0259\u015fdirilmi\u015f i\u015f\u00e7i ehtiyaclar\u0131na uy\u011fun olaraq \u0259m\u0259k resurslar\u0131 ara\u015fd\u0131r\u0131l\u0131r, \u015f\u00f6b\u0259l\u0259rd\u0259 v\u0259 ya kafedralarda vakant olan yerl\u0259r elan verilir, i\u015f\u0259 q\u0259bul \u00fczr\u0259 m\u00fcsabiq\u0259l\u0259rin t\u0259\u015fkili, ilkin se\u00e7im v\u0259 m\u00fcsahib\u0259l\u0259rin ke\u00e7irilm\u0259si t\u0259min edilir, q\u0259bul prosesin\u0259 dair s\u0259n\u0259dl\u0259\u015fm\u0259l\u0259r apar\u0131l\u0131r. Qanunvericiliy\u0259 m\u00fcvafiq olaraq \u0259m\u0259k m\u00fcqavil\u0259si daxil olmaqla, i\u015f\u0259 q\u0259bul olunma haqda \u0259mrl\u0259rin r\u0259smil\u0259\u015fdirilm\u0259si v\u0259 i\u015f\u00e7il\u0259rin m\u00fc\u0259yy\u0259n edilmi\u015f \u0259m\u0259k funksiyalar\u0131n\u0131n yerin\u0259 yetirilm\u0259si t\u0259min edilir. \u015e\u00f6b\u0259y\u0259 daxil olan i\u015f\u0259 q\u0259bul, ba\u015fqa v\u0259zif\u0259y\u0259 ke\u00e7irilm\u0259, azad olunma v\u0259 \u0259m\u0259k qanunvericiliyinin pozulmas\u0131 il\u0259 \u0259laq\u0259dar olan \u0259riz\u0259 v\u0259 \u015fikay\u0259tl\u0259r\u0259 bax\u0131lmas\u0131 v\u0259 qoyulan m\u0259s\u0259l\u0259l\u0259r v\u0259zif\u0259 s\u0259lahiyy\u0259tl\u0259ri \u00e7\u0259r\u00e7iv\u0259sind\u0259 h\u0259ll edilir. Filial\u0131n\u0131n strateji m\u0259qs\u0259dl\u0259rin\u0259 v\u0259 d\u0259y\u0259rl\u0259rin\u0259 uy\u011fun g\u0259l\u0259n, habel\u0259 filialda \u00e7al\u0131\u015fan h\u0259r bir k\u0259sd\u0259n d\u00fcr\u00fcstl\u00fck, keyfiyy\u0259t, bilik, insanp\u0259rv\u0259rlik, davaml\u0131 inki\u015faf t\u0259l\u0259b olunur. F\u0259aliyy\u0259t prosesind\u0259 qanunvericiliy\u0259 uy\u011fun olaraq xidm\u0259ti m\u0259lumatlar\u0131n, habel\u0259 m\u0259xfilik rejiminin qorunmas\u0131 t\u0259min edilir.<\/span><br \/>\n<span style=\"color: #000000;\">\u015e\u00f6b\u0259 \u00f6z f\u0259aliyy\u0259tind\u0259 Az\u0259rbaycan Respublikas\u0131n\u0131n Konstitusiyas\u0131n\u0131, Az\u0259rbaycan Respublikas\u0131 Prezidentinin F\u0259rman v\u0259 S\u0259r\u0259ncamlar\u0131n\u0131, Az\u0259rbaycan Respublikas\u0131 Nazirl\u0259r Kabinetinin Q\u0259rar v\u0259 S\u0259r\u0259ncamlar\u0131n\u0131, Az\u0259rbaycan Respublikas\u0131n\u0131n \u018fm\u0259k M\u0259c\u0259ll\u0259sini, D\u00f6vl\u0259t hakimiyy\u0259ti orqanlar\u0131nda, idar\u0259, t\u0259\u015fkilat v\u0259 m\u00fc\u0259ssis\u0259l\u0259rind\u0259 karg\u00fczarl\u0131\u011f\u0131n apar\u0131lmas\u0131na dair T\u0259limat\u0131, Az\u0259rbaycan Respublikas\u0131 Elm v\u0259 T\u0259hsil Nazirinin \u0259mr v\u0259 s\u0259r\u0259ncamlar\u0131n\u0131, ADPU-nun A\u011fcab\u0259di filial\u0131n\u0131n \u018fsasnam\u0259sini v\u0259 onun f\u0259aliyy\u0259tini t\u0259nziml\u0259y\u0259n dig\u0259r normativ-h\u00fcquqi aktlar\u0131 r\u0259hb\u0259r tutur.<\/span><\/p>\n<p><strong><span style=\"color: #000000;\">\u015e\u00f6b\u0259d\u0259 5 \u0259m\u0259kda\u015f f\u0259aliyy\u0259t g\u00f6st\u0259rir.<\/span><\/strong><\/p>\n<p><em><span style=\"color: #000000;\">\u0130nsan resurslar\u0131 v\u0259 karg\u00fczarl\u0131q \u015f\u00f6b\u0259si \u0259sas korpusda 215-ci otaqda yerl\u0259\u015fir<\/span><\/em>[\/vc_column_text]<div  class=\"themesion-element themesion-element-team thsn-element-team-style-1 themesion-element-viewtype-row-column thsn-sortable-no\" data-show=\"-1\" data-columns=\"3\" data-loop=\"false\" data-autoplay=\"false\" data-center=\"false\" data-nav=\"false\" data-dots=\"false\" data-autoplayspeed=\"1000\" data-margin=\"\"><div class=\"themesion-element-inner\"><\/div><!-- .themesion-element-inner -->   <\/div><!-- .themesion-element -->  [vc_empty_space][\/vc_column][\/vc_row]<\/p>\n","protected":false},"excerpt":{"rendered":"<p>[vc_row][vc_column][vc_empty_space][vc_column_text]\u0130nsan resurslar\u0131 v\u0259 karg\u00fczarl\u0131q \u015f\u00f6b\u0259si Az\u0259rbaycan D\u00f6vl\u0259t Pedaqoji Universitetinin A\u011fcab\u0259di filial\u0131n\u0131n struktur b\u00f6lm\u0259si olaraq t\u0259hsil qanunvericiliyinin t\u0259l\u0259bl\u0259rin\u0259 uy\u011fun, filial\u0131n f\u0259aliyy\u0259t n\u00f6v\u00fcn\u00fc, strateqiyas\u0131n\u0131 v\u0259 m\u0259qs\u0259dl\u0259rini n\u0259z\u0259r\u0259 alaraq t\u0259l\u0259b olunan pe\u015f\u0259 v\u0259 ixtisasa malik olan kadrlarla filial\u0131n t\u0259minat\u0131n\u0131 t\u0259\u015fkil edir, filialda karg\u00fczarl\u0131q, s\u0259n\u0259d, el\u0259c\u0259 d\u0259 elektron s\u0259n\u0259d d\u00f6vriyy\u0259si, arxiv i\u015fi v\u0259 v\u0259t\u0259nda\u015flar\u0131n q\u0259bulu, onlar\u0131n m\u00fcraci\u0259tl\u0259rin\u0259 bax\u0131lmas\u0131 i\u015fl\u0259rinin [&hellip;]<\/p>\n","protected":false},"author":1,"featured_media":0,"parent":0,"menu_order":0,"comment_status":"closed","ping_status":"closed","template":"","meta":{"_acf_changed":false,"footnotes":""},"class_list":["post-13125","page","type-page","status-publish","hentry"],"acf":[],"_links":{"self":[{"href":"https:\/\/adpuagcabedi.edu.az\/index.php?rest_route=\/wp\/v2\/pages\/13125","targetHints":{"allow":["GET"]}}],"collection":[{"href":"https:\/\/adpuagcabedi.edu.az\/index.php?rest_route=\/wp\/v2\/pages"}],"about":[{"href":"https:\/\/adpuagcabedi.edu.az\/index.php?rest_route=\/wp\/v2\/types\/page"}],"author":[{"embeddable":true,"href":"https:\/\/adpuagcabedi.edu.az\/index.php?rest_route=\/wp\/v2\/users\/1"}],"replies":[{"embeddable":true,"href":"https:\/\/adpuagcabedi.edu.az\/index.php?rest_route=%2Fwp%2Fv2%2Fcomments&post=13125"}],"version-history":[{"count":13,"href":"https:\/\/adpuagcabedi.edu.az\/index.php?rest_route=\/wp\/v2\/pages\/13125\/revisions"}],"predecessor-version":[{"id":17501,"href":"https:\/\/adpuagcabedi.edu.az\/index.php?rest_route=\/wp\/v2\/pages\/13125\/revisions\/17501"}],"wp:attachment":[{"href":"https:\/\/adpuagcabedi.edu.az\/index.php?rest_route=%2Fwp%2Fv2%2Fmedia&parent=13125"}],"curies":[{"name":"wp","href":"https:\/\/api.w.org\/{rel}","templated":true}]}}