{"id":13023,"date":"2022-12-21T11:22:28","date_gmt":"2022-12-21T07:22:28","guid":{"rendered":"https:\/\/adpuagcabedi.edu.az\/?page_id=13023"},"modified":"2023-11-01T14:44:31","modified_gmt":"2023-11-01T10:44:31","slug":"t%c9%99l%c9%99b%c9%99-g%c9%99ncl%c9%99r-t%c9%99skilati","status":"publish","type":"page","link":"https:\/\/adpuagcabedi.edu.az\/?page_id=13023","title":{"rendered":"T\u0259l\u0259b\u0259 g\u0259ncl\u0259r t\u0259\u015fkilat\u0131"},"content":{"rendered":"<p>[vc_row][vc_column][vc_column_text css=&#8221;.vc_custom_1698835459650{margin-top: 32px !important;margin-bottom: 32px !important;}&#8221;]<span style=\"color: #000000;\">Az\u0259rbaycan D\u00f6vl\u0259t Pedaqoji Universitetinin A\u011fcab\u0259di filial\u0131n\u0131n T\u0259l\u0259b\u0259 G\u0259ncl\u0259r T\u0259\u015fkilat\u0131 2013-c\u00fc ilin aprel ay\u0131nda yarad\u0131lm\u0131\u015fd\u0131r. \u00dcmumi maraqlar v\u0259 k\u00f6n\u00fcll\u00fcl\u00fck prinsipi \u0259sas\u0131nda formala\u015fan ADPU-nun A\u011fcab\u0259di filial\u0131n\u0131n T\u0259l\u0259b\u0259 G\u0259ncl\u0259r T\u0259\u015fkilat\u0131n\u0131n \u0259sas m\u0259qs\u0259di d\u00f6vl\u0259t g\u0259ncl\u0259r siyas\u0259tinin h\u0259yata ke\u00e7irilm\u0259si istiqam\u0259tind\u0259 t\u0259l\u0259b\u0259l\u0259rin maraqlar\u0131n\u0131 t\u0259msil v\u0259 m\u00fcdafi\u0259 etm\u0259k, respublikan\u0131n ictimai, m\u0259d\u0259ni, sosial, iqtisadi h\u0259yat\u0131nda onlar\u0131n f\u0259al i\u015ftirak\u0131n\u0131 t\u0259min etm\u0259kdir. T\u0259\u015fkilat\u0131n \u0259sas v\u0259zif\u0259l\u0259ri t\u0259l\u0259b\u0259l\u0259rin sosial probleml\u0259rinin h\u0259lli istiqam\u0259tind\u0259 i\u015fin h\u0259yata ke\u00e7irilm\u0259si, t\u0259l\u0259b\u0259l\u0259r aras\u0131nda maarifl\u0259ndirm\u0259 i\u015finin apar\u0131lmas\u0131, t\u0259l\u0259b\u0259l\u0259rin asud\u0259 vaxt\u0131n\u0131n s\u0259m\u0259r\u0259li t\u0259\u015fkil edilm\u0259si, t\u0259l\u0259b\u0259l\u0259rin h\u00fcquqlar\u0131n\u0131n t\u0259min edilm\u0259si, respublikan\u0131n daxilind\u0259 v\u0259 xaricind\u0259 ke\u00e7iril\u0259n m\u00fcsabiq\u0259l\u0259rd\u0259, olimpiadalarda, s\u0259rgil\u0259rd\u0259, festivallarda istedadl\u0131 v\u0259 yarad\u0131c\u0131 t\u0259l\u0259b\u0259l\u0259rin i\u015ftirak\u0131n\u0131n t\u0259min edilm\u0259si v\u0259 bu q\u0259libd\u0259n i\u015fl\u0259r g\u00f6rm\u0259kdir.<\/span><\/p>\n<p><strong><span style=\"color: #000000;\">R\u0259hb\u0259rlik:<\/span><\/strong><\/p>\n<p><span style=\"color: #000000;\"><strong>S\u0259dr: &#8230;&#8230;&#8230;&#8230;&#8230;&#8230;&#8230;&#8230;<\/strong> \u2013 \u201cAz\u0259rbaycan dili v\u0259 \u0259d\u0259biyyat\u0131 m\u00fc\u0259llimliyi\u201d ixtisas\u0131 \u00fczr\u0259 IV t\u0259dris ilinin t\u0259l\u0259b\u0259si.<\/span><\/p>\n<p><span style=\"color: #000000;\"><strong>S\u0259dr m\u00fcavini: V\u00fcqar H\u0259s\u0259nov<\/strong> \u2013 \u201cT\u0259hsild\u0259 sosial-psixoloji xidm\u0259t\u201d ixtisas\u0131 \u00fczr\u0259 IV t\u0259dris ilinin t\u0259l\u0259b\u0259si.<\/span><\/p>\n<p><span style=\"color: #000000;\"><strong>S\u0259dr m\u00fcavini: Qam\u0259ddin Qas\u0131mov<\/strong> \u2013 \u201cTarix v\u0259 co\u011frafiya m\u00fc\u0259llimliyi\u201d ixtisas\u0131 \u00fczr\u0259 V t\u0259dris ilinin t\u0259l\u0259b\u0259si.<\/span><\/p>\n<p><span style=\"color: #000000;\"><strong>M\u0259tbuat katibi: Fidan Qarayeva <\/strong>\u2013 \u201cAz\u0259rbaycan dili v\u0259 \u0259d\u0259biyyat\u0131 m\u00fc\u0259llimliyi\u201d ixtisas\u0131 \u00fczr\u0259 IV t\u0259dris ilinin t\u0259l\u0259b\u0259si.<\/span><\/p>\n<p><span style=\"color: #000000;\">T\u0259l\u0259b\u0259 G\u0259ncl\u0259r T\u0259\u015fkilat\u0131 ADPU-nun A\u011fcab\u0259di filial\u0131n\u0131n t\u0259dris binas\u0131nda, 312-ci otaqda yerl\u0259\u015fir.<\/span><\/p>\n<p><span style=\"color: #000000;\">Tel: (050) 8396760<\/span>[\/vc_column_text][\/vc_column][\/vc_row]<\/p>\n","protected":false},"excerpt":{"rendered":"<p>[vc_row][vc_column][vc_column_text css=&#8221;.vc_custom_1698835459650{margin-top: 32px !important;margin-bottom: 32px !important;}&#8221;]Az\u0259rbaycan D\u00f6vl\u0259t Pedaqoji Universitetinin A\u011fcab\u0259di filial\u0131n\u0131n T\u0259l\u0259b\u0259 G\u0259ncl\u0259r T\u0259\u015fkilat\u0131 2013-c\u00fc ilin aprel ay\u0131nda yarad\u0131lm\u0131\u015fd\u0131r. \u00dcmumi maraqlar v\u0259 k\u00f6n\u00fcll\u00fcl\u00fck prinsipi \u0259sas\u0131nda formala\u015fan ADPU-nun A\u011fcab\u0259di filial\u0131n\u0131n T\u0259l\u0259b\u0259 G\u0259ncl\u0259r T\u0259\u015fkilat\u0131n\u0131n \u0259sas m\u0259qs\u0259di d\u00f6vl\u0259t g\u0259ncl\u0259r siyas\u0259tinin h\u0259yata ke\u00e7irilm\u0259si istiqam\u0259tind\u0259 t\u0259l\u0259b\u0259l\u0259rin maraqlar\u0131n\u0131 t\u0259msil v\u0259 m\u00fcdafi\u0259 etm\u0259k, respublikan\u0131n ictimai, m\u0259d\u0259ni, sosial, iqtisadi h\u0259yat\u0131nda onlar\u0131n f\u0259al i\u015ftirak\u0131n\u0131 [&hellip;]<\/p>\n","protected":false},"author":1,"featured_media":0,"parent":0,"menu_order":0,"comment_status":"closed","ping_status":"closed","template":"","meta":{"_acf_changed":false,"footnotes":""},"class_list":["post-13023","page","type-page","status-publish","hentry"],"acf":[],"_links":{"self":[{"href":"https:\/\/adpuagcabedi.edu.az\/index.php?rest_route=\/wp\/v2\/pages\/13023","targetHints":{"allow":["GET"]}}],"collection":[{"href":"https:\/\/adpuagcabedi.edu.az\/index.php?rest_route=\/wp\/v2\/pages"}],"about":[{"href":"https:\/\/adpuagcabedi.edu.az\/index.php?rest_route=\/wp\/v2\/types\/page"}],"author":[{"embeddable":true,"href":"https:\/\/adpuagcabedi.edu.az\/index.php?rest_route=\/wp\/v2\/users\/1"}],"replies":[{"embeddable":true,"href":"https:\/\/adpuagcabedi.edu.az\/index.php?rest_route=%2Fwp%2Fv2%2Fcomments&post=13023"}],"version-history":[{"count":7,"href":"https:\/\/adpuagcabedi.edu.az\/index.php?rest_route=\/wp\/v2\/pages\/13023\/revisions"}],"predecessor-version":[{"id":13628,"href":"https:\/\/adpuagcabedi.edu.az\/index.php?rest_route=\/wp\/v2\/pages\/13023\/revisions\/13628"}],"wp:attachment":[{"href":"https:\/\/adpuagcabedi.edu.az\/index.php?rest_route=%2Fwp%2Fv2%2Fmedia&parent=13023"}],"curies":[{"name":"wp","href":"https:\/\/api.w.org\/{rel}","templated":true}]}}