{"id":13021,"date":"2022-12-21T11:21:41","date_gmt":"2022-12-21T07:21:41","guid":{"rendered":"https:\/\/adpuagcabedi.edu.az\/?page_id=13021"},"modified":"2023-08-03T16:26:48","modified_gmt":"2023-08-03T12:26:48","slug":"t%c9%99l%c9%99b%c9%99-elmi-c%c9%99miyy%c9%99ti","status":"publish","type":"page","link":"https:\/\/adpuagcabedi.edu.az\/?page_id=13021","title":{"rendered":"T\u0259l\u0259b\u0259 elmi c\u0259miyy\u0259ti"},"content":{"rendered":"<p>[vc_row][vc_column][vc_empty_space][vc_column_text]<span style=\"color: #000000;\">T\u0259l\u0259b\u0259 Elmi C\u0259miy\u00ady\u0259\u00adti Az\u0259rbaycan D\u00f6vl\u0259t Pedaqoji Universitetinin A\u011fcab\u0259di filial\u0131nda t\u0259hsil alan t\u0259l\u0259b\u0259l\u0259rin k\u00f6n\u00fcll\u00fc ictimai t\u0259\u015fkilat\u0131d\u0131r. T\u0259l\u0259b\u0259 Elmi C\u0259miy\u00ady\u0259\u00adti\u00adnin \u0259sas m\u0259qs\u0259di ali t\u0259hsilli m\u00fct\u0259x\u0259ssisl\u0259rin haz\u0131rlanmas\u0131n\u0131n keyfiy\u00ady\u0259\u00adti\u00adnin y\u00fck\u00ads\u0259l\u00addil\u00adm\u0259sin\u0259 y\u00f6n\u0259ldilmi\u015f elmi-t\u0259\u015fkilati t\u0259dbirl\u0259rin h\u0259yata ke\u00e7irilm\u0259si, el\u00admi-texniki po\u00adtensial\u0131n qorunub saxlan\u0131lmas\u0131 v\u0259 t\u0259hsilalanlar\u0131n elmi-t\u0259dqiqat f\u0259aliyy\u0259tinin yeni sosial-iqtisadi \u015f\u0259rait\u0259 uy\u011funla\u015fd\u0131r\u0131lmas\u0131nda filial\u0131n i\u015fin\u0259 k\u00f6m\u0259k etm\u0259kd\u0259n iba\u00adr\u0259tdir.<\/span><\/p>\n<p><span style=\"color: #000000;\">\u00a0\u00a0\u00a0\u00a0\u00a0\u00a0\u00a0\u00a0\u00a0 Filialda T\u0259l\u0259b\u0259 Elmi C\u0259miy\u00ady\u0259\u00adtin\u0259\u00a0 Quliyev S\u0259buhi Vaqif o\u011flu r\u0259hb\u0259rlik edir.<\/span>[\/vc_column_text][vc_empty_space][\/vc_column][\/vc_row]<\/p>\n","protected":false},"excerpt":{"rendered":"<p>[vc_row][vc_column][vc_empty_space][vc_column_text]T\u0259l\u0259b\u0259 Elmi C\u0259miy\u00ady\u0259\u00adti Az\u0259rbaycan D\u00f6vl\u0259t Pedaqoji Universitetinin A\u011fcab\u0259di filial\u0131nda t\u0259hsil alan t\u0259l\u0259b\u0259l\u0259rin k\u00f6n\u00fcll\u00fc ictimai t\u0259\u015fkilat\u0131d\u0131r. T\u0259l\u0259b\u0259 Elmi C\u0259miy\u00ady\u0259\u00adti\u00adnin \u0259sas m\u0259qs\u0259di ali t\u0259hsilli m\u00fct\u0259x\u0259ssisl\u0259rin haz\u0131rlanmas\u0131n\u0131n keyfiy\u00ady\u0259\u00adti\u00adnin y\u00fck\u00ads\u0259l\u00addil\u00adm\u0259sin\u0259 y\u00f6n\u0259ldilmi\u015f elmi-t\u0259\u015fkilati t\u0259dbirl\u0259rin h\u0259yata ke\u00e7irilm\u0259si, el\u00admi-texniki po\u00adtensial\u0131n qorunub saxlan\u0131lmas\u0131 v\u0259 t\u0259hsilalanlar\u0131n elmi-t\u0259dqiqat f\u0259aliyy\u0259tinin yeni sosial-iqtisadi \u015f\u0259rait\u0259 uy\u011funla\u015fd\u0131r\u0131lmas\u0131nda filial\u0131n i\u015fin\u0259 k\u00f6m\u0259k etm\u0259kd\u0259n iba\u00adr\u0259tdir. \u00a0\u00a0\u00a0\u00a0\u00a0\u00a0\u00a0\u00a0\u00a0 Filialda T\u0259l\u0259b\u0259 Elmi C\u0259miy\u00ady\u0259\u00adtin\u0259\u00a0 Quliyev S\u0259buhi [&hellip;]<\/p>\n","protected":false},"author":1,"featured_media":0,"parent":0,"menu_order":0,"comment_status":"closed","ping_status":"closed","template":"","meta":{"_acf_changed":false,"footnotes":""},"class_list":["post-13021","page","type-page","status-publish","hentry"],"acf":[],"_links":{"self":[{"href":"https:\/\/adpuagcabedi.edu.az\/index.php?rest_route=\/wp\/v2\/pages\/13021","targetHints":{"allow":["GET"]}}],"collection":[{"href":"https:\/\/adpuagcabedi.edu.az\/index.php?rest_route=\/wp\/v2\/pages"}],"about":[{"href":"https:\/\/adpuagcabedi.edu.az\/index.php?rest_route=\/wp\/v2\/types\/page"}],"author":[{"embeddable":true,"href":"https:\/\/adpuagcabedi.edu.az\/index.php?rest_route=\/wp\/v2\/users\/1"}],"replies":[{"embeddable":true,"href":"https:\/\/adpuagcabedi.edu.az\/index.php?rest_route=%2Fwp%2Fv2%2Fcomments&post=13021"}],"version-history":[{"count":5,"href":"https:\/\/adpuagcabedi.edu.az\/index.php?rest_route=\/wp\/v2\/pages\/13021\/revisions"}],"predecessor-version":[{"id":13500,"href":"https:\/\/adpuagcabedi.edu.az\/index.php?rest_route=\/wp\/v2\/pages\/13021\/revisions\/13500"}],"wp:attachment":[{"href":"https:\/\/adpuagcabedi.edu.az\/index.php?rest_route=%2Fwp%2Fv2%2Fmedia&parent=13021"}],"curies":[{"name":"wp","href":"https:\/\/api.w.org\/{rel}","templated":true}]}}