{"id":13019,"date":"2022-12-21T11:20:48","date_gmt":"2022-12-21T07:20:48","guid":{"rendered":"https:\/\/adpuagcabedi.edu.az\/?page_id=13019"},"modified":"2023-06-05T15:55:56","modified_gmt":"2023-06-05T11:55:56","slug":"h%c9%99mkarlar-ittifaqi-t%c9%99skilati","status":"publish","type":"page","link":"https:\/\/adpuagcabedi.edu.az\/?page_id=13019","title":{"rendered":"H\u0259mkarlar ittifaq\u0131 t\u0259\u015fkilat\u0131"},"content":{"rendered":"<p>[vc_row][vc_column][vc_empty_space][vc_column_text]<span style=\"color: #000000;\">Az\u0259rbaycan D\u00f6vl\u0259t Pedaqoji Universitetinin A\u011fcab\u0259di filial\u0131n\u0131n H\u0259mkarlar \u0130ttifaq\u0131 Komit\u0259si\u00a0 filialda \u00e7al\u0131\u015fan professor-m\u00fc\u0259llim heyy\u0259tinin v\u0259 i\u015f\u00e7i kollektivinin sosial, iqtisadi h\u00fcquqlar\u0131n\u0131 v\u0259 m\u0259nafel\u0259rini m\u00fcdafi\u0259 etm\u0259k m\u0259qs\u0259dil\u0259 f\u0259aliyy\u0259t g\u00f6st\u0259r\u0259n qeyri-ictimai siyasi t\u0259\u015fkilatd\u0131r. \u0130ttifaq\u0131n m\u0259qs\u0259di ali t\u0259hsil m\u00fc\u0259sis\u0259sind\u0259 t\u0259hsil alan t\u0259l\u0259b\u0259l\u0259rin h\u0259rt\u0259r\u0259fli inki\u015faf\u0131na d\u0259st\u0259k g\u00f6st\u0259rm\u0259k, i\u015f\u00e7il\u0259rin maraqlar\u0131n\u0131 t\u0259msil v\u0259 m\u00fcdafi\u0259 etm\u0259k, respublikan\u0131n ictimai-siyasi, m\u0259d\u0259ni v\u0259 sosial-iqtisadi h\u0259yat\u0131nda onlar\u0131n f\u0259al i\u015ftirak\u0131n\u0131 t\u0259min etm\u0259kdir. T\u0259\u015fkilat eyni zamanda h\u0259ssas ail\u0259l\u0259ri t\u0259msil ed\u0259n, eyni zamanda maddi d\u0259st\u0259y\u0259 ehtiyac\u0131 olan\u00a0 i\u015f\u00e7il\u0259r\u0259 maddi v\u0259 m\u0259n\u0259vi yard\u0131mlar ed\u0259r\u0259k onlar\u0131n ehtiyaclar\u0131n\u0131n qar\u015f\u0131lanmas\u0131 istiqam\u0259tind\u0259 aktiv f\u0259aliyy\u0259t g\u00f6st\u0259rir. T\u0259\u015fkilat \u00fczvl\u0259rinin m\u00fcalic\u0259sin\u0259 v\u0259 istirah\u0259tin\u0259 qay\u011f\u0131l\u0131 m\u00fcnasib\u0259ti t\u0259min edir. Kollektiv m\u00fcqavil\u0259nin \u015f\u0259rtl\u0259rin\u0259 uy\u011fun olaraq 60, 65, 70, 75 ya\u015f\u0131 tamam olan m\u00fc\u0259lliml\u0259ri r\u0259\u011fb\u0259tl\u0259ndirir.<\/span><\/p>\n<p><span style=\"color: #000000;\"><strong>R\u0259hb\u0259rlik:\u00a0<\/strong><\/span><\/p>\n<p><span style=\"color: #000000;\"><strong>S\u0259dr<\/strong>: ped.\u00fc.f.d., b\/m. K\u0259rimli Tahir Mehdixan o\u011flu<\/span><\/p>\n<p><span style=\"color: #000000;\">Pedaqoji fak\u00fclt\u0259 \u00fczr\u0259:<\/span><\/p>\n<p><span style=\"color: #000000;\"><strong>S\u0259dr:<\/strong> b\/m \u018fliyev Araz Boran o\u011flu<\/span><\/p>\n<p><strong><span style=\"color: #000000;\">\u018flaq\u0259 vasit\u0259l\u0259ri:\u00a0<\/span><\/strong><\/p>\n<p><span style=\"color: #000000;\"><strong>\u00dcnvan:<\/strong> ADPU-nun A\u011fcab\u0259di filial\u0131n\u0131n t\u0259dris binas\u0131, otaq 208<\/span><\/p>\n<p><span style=\"color: #000000;\"><strong>E-mail:<\/strong> tahir.kerimli52@mail.ru<\/span><\/p>\n<p><span style=\"color: #000000;\"><strong>Tel:<\/strong> 0516620158<\/span>[\/vc_column_text][\/vc_column][\/vc_row]<\/p>\n","protected":false},"excerpt":{"rendered":"<p>[vc_row][vc_column][vc_empty_space][vc_column_text]Az\u0259rbaycan D\u00f6vl\u0259t Pedaqoji Universitetinin A\u011fcab\u0259di filial\u0131n\u0131n H\u0259mkarlar \u0130ttifaq\u0131 Komit\u0259si\u00a0 filialda \u00e7al\u0131\u015fan professor-m\u00fc\u0259llim heyy\u0259tinin v\u0259 i\u015f\u00e7i kollektivinin sosial, iqtisadi h\u00fcquqlar\u0131n\u0131 v\u0259 m\u0259nafel\u0259rini m\u00fcdafi\u0259 etm\u0259k m\u0259qs\u0259dil\u0259 f\u0259aliyy\u0259t g\u00f6st\u0259r\u0259n qeyri-ictimai siyasi t\u0259\u015fkilatd\u0131r. \u0130ttifaq\u0131n m\u0259qs\u0259di ali t\u0259hsil m\u00fc\u0259sis\u0259sind\u0259 t\u0259hsil alan t\u0259l\u0259b\u0259l\u0259rin h\u0259rt\u0259r\u0259fli inki\u015faf\u0131na d\u0259st\u0259k g\u00f6st\u0259rm\u0259k, i\u015f\u00e7il\u0259rin maraqlar\u0131n\u0131 t\u0259msil v\u0259 m\u00fcdafi\u0259 etm\u0259k, respublikan\u0131n ictimai-siyasi, m\u0259d\u0259ni v\u0259 sosial-iqtisadi h\u0259yat\u0131nda onlar\u0131n f\u0259al [&hellip;]<\/p>\n","protected":false},"author":1,"featured_media":0,"parent":0,"menu_order":0,"comment_status":"closed","ping_status":"closed","template":"","meta":{"_acf_changed":false,"footnotes":""},"class_list":["post-13019","page","type-page","status-publish","hentry"],"acf":[],"_links":{"self":[{"href":"https:\/\/adpuagcabedi.edu.az\/index.php?rest_route=\/wp\/v2\/pages\/13019","targetHints":{"allow":["GET"]}}],"collection":[{"href":"https:\/\/adpuagcabedi.edu.az\/index.php?rest_route=\/wp\/v2\/pages"}],"about":[{"href":"https:\/\/adpuagcabedi.edu.az\/index.php?rest_route=\/wp\/v2\/types\/page"}],"author":[{"embeddable":true,"href":"https:\/\/adpuagcabedi.edu.az\/index.php?rest_route=\/wp\/v2\/users\/1"}],"replies":[{"embeddable":true,"href":"https:\/\/adpuagcabedi.edu.az\/index.php?rest_route=%2Fwp%2Fv2%2Fcomments&post=13019"}],"version-history":[{"count":3,"href":"https:\/\/adpuagcabedi.edu.az\/index.php?rest_route=\/wp\/v2\/pages\/13019\/revisions"}],"predecessor-version":[{"id":13212,"href":"https:\/\/adpuagcabedi.edu.az\/index.php?rest_route=\/wp\/v2\/pages\/13019\/revisions\/13212"}],"wp:attachment":[{"href":"https:\/\/adpuagcabedi.edu.az\/index.php?rest_route=%2Fwp%2Fv2%2Fmedia&parent=13019"}],"curies":[{"name":"wp","href":"https:\/\/api.w.org\/{rel}","templated":true}]}}