{"id":13012,"date":"2022-12-21T11:16:33","date_gmt":"2022-12-21T07:16:33","guid":{"rendered":"https:\/\/adpuagcabedi.edu.az\/?page_id=13012"},"modified":"2023-11-02T16:32:34","modified_gmt":"2023-11-02T12:32:34","slug":"t%c9%99l%c9%99b%c9%99-elmi-t%c9%99dqiqat-isi","status":"publish","type":"page","link":"https:\/\/adpuagcabedi.edu.az\/?page_id=13012","title":{"rendered":"T\u0259l\u0259b\u0259 elmi t\u0259dqiqat i\u015fi"},"content":{"rendered":"<p>[vc_row][vc_column][vc_column_text]<span style=\"color: #000000;\"><strong>Filialda<\/strong> <strong>elmi t\u0259dqiqat<\/strong><\/span><\/p>\n<p><span style=\"color: #000000;\">Az\u0259rbaycan D\u00f6vl\u0259t Pedaqoji Universitetinin A\u011fcab\u0259di filial\u0131nda elmi-t\u0259dqiqat i\u015fl\u0259rinin t\u0259\u015fkili v\u0259 planla\u015fd\u0131r\u0131lmas\u0131 \u201cAli t\u0259hsil m\u00fc\u0259ssis\u0259l\u0259rind\u0259 elmi-t\u0259dqiqat i\u015fl\u0259\u00adri\u00adnin t\u0259\u015fkili v\u0259 planla\u015fd\u0131r\u0131lmas\u0131 haqq\u0131nda\u201d \u018fsasnam\u0259y\u0259 \u0259sas\u0259n h\u0259yata ke\u00e7irilir v\u0259 Filial \u00f6z elmi f\u0259aliyy\u0259tind\u0259 Az\u0259rbaycan Respublikas\u0131n\u0131n q\u00fcvv\u0259d\u0259 olan qa\u00adnun\u00adlar\u0131n\u0131, Az\u0259rbaycan Respublikas\u0131 Prezidentinin f\u0259rman v\u0259 s\u0259r\u0259ncamlar\u0131n\u0131, Milli M\u0259clisin q\u0259rarlar\u0131n\u0131, Nazirl\u0259r Kabinetinin q\u0259rar, s\u0259r\u0259ncam v\u0259 g\u00f6st\u0259ri\u015fl\u0259rini, Az\u0259r\u00adbay\u00adcan Respublikas\u0131 Elm v\u0259 T\u0259hsil Nazirliyinin q\u0259rar, \u0259mr v\u0259 s\u0259r\u0259ncamlar\u0131n\u0131 r\u0259hb\u0259r tutur.<\/span><\/p>\n<p><span style=\"color: #000000;\">Az\u0259rbaycan D\u00f6vl\u0259t Pedaqoji Universitetinin A\u011fcab\u0259di filial\u0131 elmi-t\u0259dqiqat i\u015fl\u0259ri\u00adnin cari v\u0259 perspektiv planla\u015fd\u0131rmas\u0131n\u0131 s\u0259rb\u0259st h\u0259yata ke\u00e7irir. 2020-2022-ci ill\u0259r \u00fc\u00e7\u00fcn Az\u0259rbaycan D\u00f6vl\u0259t Pedaqoji Universitetinin A\u011fcab\u0259di filial\u0131nda sah\u0259l\u0259r \u00fczr\u0259 m\u00fc\u00ad\u0259y\u00ady\u0259n olunmu\u015f istiqam\u0259tl\u0259rd\u0259 29 m\u00f6vzu \u00fczr\u0259 108 elmi-t\u0259dqiqat i\u015fi ye\u00adri\u00adn\u0259 yetirilmi\u015fdir. Bu elmi-t\u0259dqiqat i\u015fl\u0259rinin elmi n\u0259tic\u0259l\u0259ri \u00fcmu\u00ad\u00admil\u0259\u015fdiril\u0259r\u0259k Az\u0259rbaycan D\u00f6vl\u0259t Pedaqoji Universitetin\u0259 g\u00f6nd\u0259rilmi\u015fdir.\u00a0<\/span><\/p>\n<p><span style=\"color: #000000;\"><strong>\u00a0\u00a0\u00a0\u00a0\u00a0\u00a0\u00a0\u00a0\u00a0\u00a0\u00a0\u00a0\u00a0\u00a0\u00a0 <\/strong>2023-2025-ci ill\u0259r \u00fc\u00e7\u00fcn \u00a0is\u0259 Az\u0259rbaycan D\u00f6vl\u0259t Pedaqoji Universitetinin A\u011fcab\u0259di filial\u0131nda sah\u0259l\u0259r \u00fczr\u0259 m\u00fc\u0259yy\u0259n olunmu\u015f istiqam\u0259tl\u0259rd\u0259 28 m\u00f6vzu \u00fczr\u0259 153 elmi-t\u0259dqiqat i\u015fi yerin\u0259 yetirilm\u0259si planla\u015fd\u0131r\u0131lmi\u015fd\u0131r.<\/span>[\/vc_column_text][\/vc_column][\/vc_row]<\/p>\n","protected":false},"excerpt":{"rendered":"<p>[vc_row][vc_column][vc_column_text]Filialda elmi t\u0259dqiqat Az\u0259rbaycan D\u00f6vl\u0259t Pedaqoji Universitetinin A\u011fcab\u0259di filial\u0131nda elmi-t\u0259dqiqat i\u015fl\u0259rinin t\u0259\u015fkili v\u0259 planla\u015fd\u0131r\u0131lmas\u0131 \u201cAli t\u0259hsil m\u00fc\u0259ssis\u0259l\u0259rind\u0259 elmi-t\u0259dqiqat i\u015fl\u0259\u00adri\u00adnin t\u0259\u015fkili v\u0259 planla\u015fd\u0131r\u0131lmas\u0131 haqq\u0131nda\u201d \u018fsasnam\u0259y\u0259 \u0259sas\u0259n h\u0259yata ke\u00e7irilir v\u0259 Filial \u00f6z elmi f\u0259aliyy\u0259tind\u0259 Az\u0259rbaycan Respublikas\u0131n\u0131n q\u00fcvv\u0259d\u0259 olan qa\u00adnun\u00adlar\u0131n\u0131, Az\u0259rbaycan Respublikas\u0131 Prezidentinin f\u0259rman v\u0259 s\u0259r\u0259ncamlar\u0131n\u0131, Milli M\u0259clisin q\u0259rarlar\u0131n\u0131, Nazirl\u0259r Kabinetinin q\u0259rar, s\u0259r\u0259ncam v\u0259 g\u00f6st\u0259ri\u015fl\u0259rini, Az\u0259r\u00adbay\u00adcan Respublikas\u0131 Elm [&hellip;]<\/p>\n","protected":false},"author":1,"featured_media":0,"parent":0,"menu_order":0,"comment_status":"closed","ping_status":"closed","template":"","meta":{"_acf_changed":false,"footnotes":""},"class_list":["post-13012","page","type-page","status-publish","hentry"],"acf":[],"_links":{"self":[{"href":"https:\/\/adpuagcabedi.edu.az\/index.php?rest_route=\/wp\/v2\/pages\/13012","targetHints":{"allow":["GET"]}}],"collection":[{"href":"https:\/\/adpuagcabedi.edu.az\/index.php?rest_route=\/wp\/v2\/pages"}],"about":[{"href":"https:\/\/adpuagcabedi.edu.az\/index.php?rest_route=\/wp\/v2\/types\/page"}],"author":[{"embeddable":true,"href":"https:\/\/adpuagcabedi.edu.az\/index.php?rest_route=\/wp\/v2\/users\/1"}],"replies":[{"embeddable":true,"href":"https:\/\/adpuagcabedi.edu.az\/index.php?rest_route=%2Fwp%2Fv2%2Fcomments&post=13012"}],"version-history":[{"count":4,"href":"https:\/\/adpuagcabedi.edu.az\/index.php?rest_route=\/wp\/v2\/pages\/13012\/revisions"}],"predecessor-version":[{"id":13636,"href":"https:\/\/adpuagcabedi.edu.az\/index.php?rest_route=\/wp\/v2\/pages\/13012\/revisions\/13636"}],"wp:attachment":[{"href":"https:\/\/adpuagcabedi.edu.az\/index.php?rest_route=%2Fwp%2Fv2%2Fmedia&parent=13012"}],"curies":[{"name":"wp","href":"https:\/\/api.w.org\/{rel}","templated":true}]}}