{"id":12994,"date":"2022-12-20T14:34:02","date_gmt":"2022-12-20T10:34:02","guid":{"rendered":"https:\/\/adpuagcabedi.edu.az\/?page_id=12994"},"modified":"2023-07-11T12:06:24","modified_gmt":"2023-07-11T08:06:24","slug":"t%c9%99dris-f%c9%99aliyy%c9%99ti","status":"publish","type":"page","link":"https:\/\/adpuagcabedi.edu.az\/?page_id=12994","title":{"rendered":"T\u0259drisin t\u0259\u015fkili"},"content":{"rendered":"<p>[vc_row][vc_column][vc_column_text css=&#8221;.vc_custom_1689062790550{margin-top: 32px !important;margin-bottom: 32px !important;}&#8221;]<span style=\"color: #000000;\">Filialda t\u0259dris prosesi ali t\u0259hsill\u0259 ba\u011fl\u0131 m\u00f6vcud qanunvericiliy\u0259 \u0259sas\u0259n t\u0259\u015fkil olunur. Y\u00fcks\u0259k ixtisasl\u0131 pedaqoji kadrlar\u0131 haz\u0131rlamaq m\u0259qs\u0259dil\u0259 filialda t\u0259dris Az\u0259rbaycan Respublikas\u0131 Nazirl\u0259r Kabinetinin v\u0259 Az\u0259rbaycan Respublikas\u0131 Elm v\u0259 T\u0259hsil Nazirliyinin ali t\u0259hsilin bakalavriat s\u0259viyy\u0259si \u00fczr\u0259 q\u00fcvv\u0259d\u0259 olan qanun, q\u0259rar v\u0259 \u0259sasnam\u0259l\u0259rin\u0259, habel\u0259 Az\u0259rbaycan D\u00f6vl\u0259t Pedaqoji Universitetinin nizamnam\u0259sin\u0259 v\u0259 filial\u0131n \u0259sasnam\u0259sinin t\u0259l\u0259bin\u0259 uy\u011fun t\u0259\u015fkil edilir.<\/span><\/p>\n<p><span style=\"color: #000000;\">Yeni keyfiyy\u0259tli v\u0259 y\u00fcks\u0259k ixtisasl\u0131 kadrlar haz\u0131rlamaq \u00fc\u00e7\u00fcn filialda z\u0259ruri \u015f\u0259rait, geni\u015f maddi-texniki baza, y\u00fcks\u0259k intellektual potensiala malik professor-m\u00fc\u0259llim hey\u0259ti m\u00f6vcuddur. Kafedralar y\u00fcks\u0259k s\u0259viyy\u0259d\u0259 t\u0259dris aparmaqla b\u0259rab\u0259r, \u00a0metodik i\u015fl\u0259rin y\u00fcks\u0259k s\u0259viyy\u0259d\u0259 icras\u0131n\u0131, ixtisas profili \u00fczr\u0259 elmi-t\u0259dqiqatlar\u0131n apar\u0131lmas\u0131n\u0131 da h\u0259yata ke\u00e7irir.<\/span><\/p>\n<p><span style=\"color: #000000;\">T\u0259dris ili iki semestrd\u0259n: pay\u0131z v\u0259 yaz semestrl\u0259rind\u0259n ibar\u0259tdir. Bundan \u0259la\u00adv\u0259, yay t\u0259tili m\u00fcd\u00add\u0259tind\u0259 alt\u0131 h\u0259ft\u0259d\u0259n \u00e7ox olmayaraq yay semestri d\u0259 t\u0259\u015fkil olu\u00adna bi\u00adl\u0259r. T\u0259d\u00adris ili 40 h\u0259ft\u0259dir. H\u0259r semestr 20 h\u0259ft\u0259d\u0259n (o c\u00fcml\u0259d\u0259n, 5 h\u0259ft\u0259 imtahan ses\u00ad\u00ad\u00adsi\u00adya\u00ads\u0131) ibar\u0259tdir. Bir semestr\u0259 30 kre\u00addit m\u00fc\u0259yy\u0259nl\u0259\u015fdirilir. T\u0259l\u0259b\u0259l\u0259r\u0259 \u0259lav\u0259 f\u0259nn d\u0259 se\u00e7m\u0259y\u0259 icaz\u0259 verilir. B\u00fct\u00fcn hal\u00adlar\u00adda bir semestrd\u0259 t\u0259l\u0259b\u0259nin g\u00f6t\u00fcrd\u00fcy\u00fc kreditl\u0259rin say\u0131 40-dan \u00e7ox olmamal\u0131d\u0131r. T\u0259\u00adl\u0259\u00adb\u0259nin be\u015f g\u00fcnl\u00fck i\u015f rejimind\u0259 h\u0259ft\u0259lik auditoriya v\u0259 au\u00addi\u00adtoriyadank\u0259nar \u00fcmumi y\u00fck\u00fcn\u00fcn h\u0259cmi 45 sa\u00ad\u00adatd\u0131r.<\/span><\/p>\n<p><span style=\"color: #000000;\">T\u0259dris plan\u0131nda t\u0259dris i\u015finin h\u0259cmi kredit vahidl\u0259ri il\u0259 m\u00fc\u0259yy\u0259n edilir. Kre\u00addit\u00adl\u0259r t\u0259l\u0259b\u0259nin auditoriya (m\u00fchazir\u0259, seminar, praktik m\u0259\u015f\u011f\u0259l\u0259l\u0259r, laboratoriya) d\u0259rs\u00adl\u0259\u00ad\u00adrind\u0259 i\u015ftirak etm\u0259si; auditoriyadank\u0259nar i\u015fi (t\u0259l\u0259b\u0259nin m\u00fcst\u0259qil v\u0259 m\u00fc\u0259llimin r\u0259h\u00adb\u0259r\u00adli\u00ad\u00adyi il\u0259 s\u0259rb\u0259st i\u015fi); laboratoriya i\u015fl\u0259rini yerin\u0259 ye\u00adti\u00adr\u00adm\u0259\u00ad\u00ad\u00adsi; t\u0259cr\u00fcb\u0259d\u0259 i\u015ftirak etm\u0259si, imtahanlara ha\u00adz\u0131r\u00adl\u0131\u011f\u0131 v\u0259 imtahanlar\u0131 verm\u0259si; pedaqoji internaturada i\u015ftirak etm\u0259si v\u0259 hesabat\u0131 m\u00fcdafi\u0259 etm\u0259si; bu\u00adra\u00adx\u0131l\u0131\u015f d\u00f6v\u00adl\u0259t imtahan\u0131na haz\u0131rl\u0131\u011f\u0131 v\u0259 h\u0259min imtahan\u0131 ver\u00adm\u0259\u00adsi kimi f\u0259aliyy\u0259ti \u00fczr\u0259 m\u00fc\u00ad\u0259y\u00ady\u0259nl\u0259\u015fdirilir.<\/span><\/p>\n<p><span style=\"color: #000000;\">T\u0259dris prosesi auditoriya v\u0259 auditoriyadank\u0259nar \u015f\u0259kild\u0259 t\u0259\u015fkil olunur. S\u0259rb\u0259st i\u015f\u00adl\u0259rin h\u0259cmi ke\u00e7iril\u0259n m\u00fchazir\u0259l\u0259r\u0259, seminarlara v\u0259 praktik m\u0259\u015f\u011f\u0259l\u0259l\u0259r\u0259 ayr\u0131lan aka\u00ad\u00ad\u00ad\u00addemik saatlara m\u00fcvafiq olaraq m\u00fc\u0259yy\u0259nl\u0259\u015f\u00addi\u00adri\u00adlir. M\u00fc\u00ad\u0259l\u00adli\u00admin r\u0259h\u00adb\u0259r\u00adliyi il\u0259 t\u0259l\u0259b\u0259nin s\u0259rb\u0259st i\u015fi f\u0259nnin t\u0259drisind\u0259ki m\u00fcr\u0259kk\u0259b m\u0259\u00ads\u0259l\u0259l\u0259rin h\u0259l\u00ad\u00adlind\u0259n, ev tap\u015f\u0131r\u0131qlar\u0131n\u0131n, yoxlama i\u015f\u00adl\u0259\u00adri\u00adnin yerin\u0259 ye\u00adti\u00adril\u00adm\u0259\u00adsin\u00add\u0259n, hesabatlar\u0131n ha\u00ad\u00ad\u00adz\u0131rlanmas\u0131ndan ibar\u0259t olub, x\u00fcsusi t\u0259rtib edil\u00admi\u015f c\u0259dv\u0259ll\u0259 d\u0259rsd\u0259n k\u0259nar vaxtda q\u0259bul edilir. F\u0259nn \u00fczr\u0259 ayr\u0131lm\u0131\u015f auditoriya saatlar\u0131n\u0131n 25 faizind\u0259n \u00e7oxunda i\u015ftirak et\u00adm\u0259\u00ady\u0259n t\u0259l\u0259b\u0259 h\u0259min f\u0259nd\u0259n imtahana burax\u0131lm\u0131r.<\/span><\/p>\n<p><span style=\"color: #000000;\">Az\u0259rbaycan Respublikas\u0131n\u0131n Nazirl\u0259r Kabinetinin 2013-c\u00fc il 24 dekabr tarixli 348 n\u00f6mr\u0259li q\u0259rar\u0131 il\u0259 t\u0259sdiq edilmi\u015f \u201cAli t\u0259hsil m\u00fc\u0259ssis\u0259l\u0259rinin bakalavriat v\u0259 magistratura s\u0259viyy\u0259l\u0259rind\u0259, \u0259sas (baza ali) tibb t\u0259hsilind\u0259 v\u0259 Az\u0259rbaycan Milli Elml\u0259r Akademiyas\u0131n\u0131n magistratura s\u0259viyy\u0259sind\u0259 kredit sistemi il\u0259 t\u0259drisin t\u0259\u015fkili Qaydalar\u0131\u201dna\u00a0 \u0259sas\u0259n akademik borcu olan t\u0259l\u0259b\u0259l\u0259r, h\u0259min f\u0259nn \u00fc\u00e7\u00fcn n\u0259z\u0259rd\u0259 tutulan m\u0259bl\u0259\u011fin 25%-ni \u00f6d\u0259m\u0259kl\u0259 t\u0259krar imtahan (2 f\u0259nd\u0259n \u00e7ox olmamaqla) verirl\u0259r.<\/span>[\/vc_column_text][\/vc_column][\/vc_row]<\/p>\n","protected":false},"excerpt":{"rendered":"<p>[vc_row][vc_column][vc_column_text css=&#8221;.vc_custom_1689062790550{margin-top: 32px !important;margin-bottom: 32px !important;}&#8221;]Filialda t\u0259dris prosesi ali t\u0259hsill\u0259 ba\u011fl\u0131 m\u00f6vcud qanunvericiliy\u0259 \u0259sas\u0259n t\u0259\u015fkil olunur. Y\u00fcks\u0259k ixtisasl\u0131 pedaqoji kadrlar\u0131 haz\u0131rlamaq m\u0259qs\u0259dil\u0259 filialda t\u0259dris Az\u0259rbaycan Respublikas\u0131 Nazirl\u0259r Kabinetinin v\u0259 Az\u0259rbaycan Respublikas\u0131 Elm v\u0259 T\u0259hsil Nazirliyinin ali t\u0259hsilin bakalavriat s\u0259viyy\u0259si \u00fczr\u0259 q\u00fcvv\u0259d\u0259 olan qanun, q\u0259rar v\u0259 \u0259sasnam\u0259l\u0259rin\u0259, habel\u0259 Az\u0259rbaycan D\u00f6vl\u0259t Pedaqoji Universitetinin nizamnam\u0259sin\u0259 v\u0259 filial\u0131n \u0259sasnam\u0259sinin [&hellip;]<\/p>\n","protected":false},"author":1,"featured_media":0,"parent":0,"menu_order":0,"comment_status":"closed","ping_status":"closed","template":"","meta":{"_acf_changed":false,"footnotes":""},"class_list":["post-12994","page","type-page","status-publish","hentry"],"acf":[],"_links":{"self":[{"href":"https:\/\/adpuagcabedi.edu.az\/index.php?rest_route=\/wp\/v2\/pages\/12994","targetHints":{"allow":["GET"]}}],"collection":[{"href":"https:\/\/adpuagcabedi.edu.az\/index.php?rest_route=\/wp\/v2\/pages"}],"about":[{"href":"https:\/\/adpuagcabedi.edu.az\/index.php?rest_route=\/wp\/v2\/types\/page"}],"author":[{"embeddable":true,"href":"https:\/\/adpuagcabedi.edu.az\/index.php?rest_route=\/wp\/v2\/users\/1"}],"replies":[{"embeddable":true,"href":"https:\/\/adpuagcabedi.edu.az\/index.php?rest_route=%2Fwp%2Fv2%2Fcomments&post=12994"}],"version-history":[{"count":4,"href":"https:\/\/adpuagcabedi.edu.az\/index.php?rest_route=\/wp\/v2\/pages\/12994\/revisions"}],"predecessor-version":[{"id":13375,"href":"https:\/\/adpuagcabedi.edu.az\/index.php?rest_route=\/wp\/v2\/pages\/12994\/revisions\/13375"}],"wp:attachment":[{"href":"https:\/\/adpuagcabedi.edu.az\/index.php?rest_route=%2Fwp%2Fv2%2Fmedia&parent=12994"}],"curies":[{"name":"wp","href":"https:\/\/api.w.org\/{rel}","templated":true}]}}